{"id":2189,"date":"2025-05-21T16:00:43","date_gmt":"2025-05-21T08:00:43","guid":{"rendered":"https:\/\/www.smmarbleinlay.com\/?post_type=product&#038;p=2189"},"modified":"2025-05-20T15:16:33","modified_gmt":"2025-05-20T07:16:33","slug":"marble-inlay-floor-design-the-art-of-pietra-dure-in-minimalist-elegance","status":"publish","type":"product","link":"https:\/\/www.smmarbleinlay.com\/de\/produkt\/marble-inlay-floor-design-the-art-of-pietra-dure-in-minimalist-elegance\/","title":{"rendered":"Bodengestaltung mit Marmorintarsien: Die Kunst der Pietra Dure in minimalistischer Eleganz"},"content":{"rendered":"<h2>Bodengestaltung mit Marmorintarsien - Hochwertige Materialien und handwerkliche Pr\u00e4zision<\/h2>\n<h2>Ein luxuri\u00f6ses Erlebnis mit Intarsien-Marmorb\u00f6den<\/h2>\n<p>In der Welt der gehobenen Wohn- und Villeneinrichtungen ist die Gestaltung des Fu\u00dfbodens mehr als nur funktional - sie spiegelt einen raffinierten Lebensstil wider.<\/p>\n<p>Dieses Marmorintarsien-Bodendesign von Stone Master verk\u00f6rpert die klassische Kunst der Pietra dure, indem es nat\u00fcrliche Marmorstrukturen mit geometrischer Symmetrie in Einklang bringt, um eine minimale und dennoch luxuri\u00f6se Marmorintarsienoberfl\u00e4che zu schaffen.<\/p>\n<p>Der Boden aus wei\u00dfem, aus Italien importiertem Marmor ist mit weichen grauen \u00c4derungen und sorgf\u00e4ltig geschnittenen Mustern versehen.<\/p>\n<p>Die Pr\u00e4zision dieses Marmor-Intarsien-Verfahrens verbessert sowohl die \u00e4sthetische Sch\u00f6nheit als auch die langfristige Haltbarkeit und macht dieses Produkt zu einer erstklassigen L\u00f6sung in der Marmor-Designbranche.<\/p>\n<h2>Marmorintarsien-Bodengestaltung Harmonisierte Farbpaletten: Eine grau-wei\u00dfe Philosophie im Marmordesign<\/h2>\n<p>Bei der \u00c4sthetik von Marmorintarsienb\u00f6den ist die farbliche Abstimmung von entscheidender Bedeutung.<\/p>\n<p>Dieses Bodendesign unterstreicht eine klare grau-wei\u00dfe Farbpalette, die durch Tonvariationen ein ruhiges und modernes Raumambiente schafft.<\/p>\n<p>Die wei\u00dfe Basis steht f\u00fcr Reinheit und Licht, w\u00e4hrend die dezente graue Maserung Tiefe und Struktur verleiht.<\/p>\n<p>Die sich wiederholenden Kachelmedaillons, die in perfekter geometrischer Symmetrie gestaltet sind, dr\u00fccken in aller Stille k\u00fcnstlerische Intensit\u00e4t aus.<\/p>\n<p>Es erf\u00fcllt die Erwartungen moderner Minimalisten an Zur\u00fcckhaltung und Ausgewogenheit, w\u00e4hrend es gleichzeitig exquisite Liebe zum Detail und handwerkliche Kunstfertigkeit bietet.<\/p>\n<h2>Marmorintarsien im Fu\u00dfbodendesign - Musterdetails und Entwicklung: Von Pietra Dure zu modernen Fliesenmedaillons<\/h2>\n<p>Das Muster dieses Marmorfu\u00dfbodens ist von der traditionellen Pietra dure-Technik inspiriert, die mit vereinfachten floralen und geometrischen Motiven modernisiert wurde.<\/p>\n<p>Jede Designeinheit verk\u00f6rpert das Konzept von \"Kreisen in Quadraten und Blumen in der Geometrie\" und schafft so ein vielschichtiges visuelles Erlebnis.<\/p>\n<p>Nach mehreren Polier- und Schleifvorg\u00e4ngen bietet der Medaillonboden einen starken visuellen Kontrast und Tiefe und passt sich sowohl nat\u00fcrlichem als auch k\u00fcnstlichem Licht wunderbar an.<\/p>\n<p>Diese Muster sind nicht nur dekorativ, sondern haben auch eine symbolische Bedeutung: Sie stehen f\u00fcr Harmonie, Ordnung und Ausgewogenheit, die das Wesen einer raffinierten Innenraumgestaltung ausmachen.<\/p>\n<h2>Minimalistisch und doch reichhaltig: Die idealen Marmor-Inlay-Fliesenmedaillons f\u00fcr zeitgen\u00f6ssische Innenr\u00e4ume<\/h2>\n<p>Mit dem Aufkommen der modernen \u00c4sthetik ist der Minimalismus zum Mainstream geworden.<\/p>\n<p>Diese Marmorbodenintarsie tr\u00e4gt diesem Trend Rechnung, indem sie auf \u00fcberfl\u00fcssige Farben und komplexe Motive verzichtet und sich stattdessen auf Oberfl\u00e4chenstrukturen und Geometrie konzentriert.<\/p>\n<p>Ob in Villenwohnzimmern, Essbereichen, Eingangshallen oder Korridor\u00fcberg\u00e4ngen, der Boden integriert sich auf nat\u00fcrliche Weise in den Raum und zieht die Aufmerksamkeit auf sich, ohne das Design zu erdr\u00fccken.<\/p>\n<p>Bei Intarsienb\u00f6den aus Marmor stehen r\u00e4umliche Harmonie und funktionale Sch\u00f6nheit im Vordergrund.<\/p>\n<p>Dieses Produkt verk\u00f6rpert die Philosophie der \"Stille in der Bewegung und der Struktur in der Stille\" und bietet eine starke und doch subtile Designsprache.<\/p>\n<h2>Marmor-Intarsienboden Design Vielseitig einsetzbar: Die erste Wahl f\u00fcr Villen, Clubs und luxuri\u00f6se Innenr\u00e4ume<\/h2>\n<p>Dank der hochwertigen Marmormaterialien und der flexiblen Gestaltungsm\u00f6glichkeiten eignet sich dieses Fliesenmedaillon perfekt f\u00fcr eine Vielzahl von Luxuseinrichtungen:<\/p>\n<ul data-spread=\"false\">\n<li><strong>Villen-Eing\u00e4nge und gro\u00dfe Foyers<\/strong>: Die Verwendung komplizierter Kachelmedaillons verbessert den ersten Eindruck.<\/li>\n<li><strong>Hotels und Privatclubs<\/strong>: Erzeugt einen ruhigen und eleganten Raumklang.<\/li>\n<li><strong>Luxuri\u00f6se Flure und Aufzugslobbys<\/strong>: Verleiht \u00dcbergangsr\u00e4umen einen \u00e4sthetischen Wert.<\/li>\n<li><strong>Luxus-Showrooms und Flagship-Stores<\/strong>: Dient als luxuri\u00f6se Kulisse f\u00fcr hochwertiges Branding.<\/li>\n<\/ul>\n<p>Das Designteam von Stone Master bietet eine vollst\u00e4ndige Anpassung in Bezug auf Abmessungen, Farben und Muster, um sicherzustellen, dass jedes Projekt einzigartig und auf den jeweiligen Raum zugeschnitten ist.<\/p>\n<h2>Marmor-Intarsien-Fu\u00dfbodengestaltung Verlege- und Konstruktionsrichtlinien: Erzielung des idealen Bodengestaltungseffekts<\/h2>\n<p>Um eine optimale Leistung und ein \u00e4sthetisches Ergebnis f\u00fcr Marmorintarsienb\u00f6den zu gew\u00e4hrleisten, empfehlen wir Folgendes:<\/p>\n<ul data-spread=\"false\">\n<li><strong>Vorbereitung der flachen Oberfl\u00e4che<\/strong>: Der Unterboden muss eben und frei von Hohlr\u00e4umen sein.<\/li>\n<li><strong>Professionelle Installation<\/strong>: Ausgef\u00fchrt von erfahrenen Marmorintarsienherstellern.<\/li>\n<li><strong>Musterausrichtung<\/strong>: Jedes Teilst\u00fcck muss nummeriert und entsprechend dem Bauplan verlegt werden, um eine perfekte Symmetrie zu gew\u00e4hrleisten.<\/li>\n<li><strong>Kantenbearbeitung<\/strong>: Es wird empfohlen, f\u00fcr eine koh\u00e4rente Integration passende Marmorleisten zu verwenden.<\/li>\n<li><strong>Einfache t\u00e4gliche Wartung<\/strong>: Reinigen Sie mit pH-neutralen Produkten und vermeiden Sie s\u00e4urehaltige Chemikalien.<\/li>\n<\/ul>\n<h2>Marmorintarsien-Bodengestaltung Fazit: Den Raum mit Kunst erwecken, den Geschmack durch Details definieren<\/h2>\n<p>Dieser Boden mit Marmorintarsien ist mehr als nur eine Oberfl\u00e4che - er ist ein Statement f\u00fcr Eleganz und Lebenskunst. Er verwandelt jeden Schritt in ein visuelles Erlebnis und verbindet Handwerkskunst mit k\u00fcnstlerischer Vision. Der Intarsien-Marmorboden von Stone Master definiert die Grenzen des Bodendesigns und der Marmorkunst neu und setzt einen neuen Standard f\u00fcr luxuri\u00f6se Innenr\u00e4ume.<\/p>\n<p>&nbsp;<\/p>","protected":false},"excerpt":{"rendered":"<p>Marmor-Intarsien-Bodenbelag Artikelnummer: FLM4G014<\/p>\n<p>Material Marmor: Mable, Edelstein. (Material kann angepasst werden)<\/p>\n<p>Ma\u00dfgeschneiderte Marmorintarsien Gr\u00f6\u00dfe: Ma\u00dfgeschneiderte Gr\u00f6\u00dfe<\/p>\n<p>Marmor-Design: Standard- oder kundenspezifische Designs<\/p>\n<p>Luxusraum Anwendung: Luxusvillen und -wohnungen, Hotels und Resorts, Gesch\u00e4ftsr\u00e4ume,<\/p>\n<p>\u00d6ffentliche R\u00e4ume, Treppenh\u00e4user und Flure, Eingang und Foyer,<\/p>\n<p>High-End-Clubs und Privatclubs, Showrooms und Ausstellungsr\u00e4ume,<\/p>\n<p>Boutiquen, Museum, Kirche, Moschee, etc.<\/p>","protected":false},"featured_media":2190,"template":"","meta":{"_joinchat":[]},"product_brand":[],"product_cat":[21],"product_tag":[],"class_list":{"0":"post-2189","1":"product","2":"type-product","3":"status-publish","4":"has-post-thumbnail","6":"product_cat-contemporary-marble-inlay-flooring","8":"first","9":"instock","10":"shipping-taxable","11":"product-type-simple"},"_links":{"self":[{"href":"https:\/\/www.smmarbleinlay.com\/de\/wp-json\/wp\/v2\/product\/2189","targetHints":{"allow":["GET"]}}],"collection":[{"href":"https:\/\/www.smmarbleinlay.com\/de\/wp-json\/wp\/v2\/product"}],"about":[{"href":"https:\/\/www.smmarbleinlay.com\/de\/wp-json\/wp\/v2\/types\/product"}],"wp:featuredmedia":[{"embeddable":true,"href":"https:\/\/www.smmarbleinlay.com\/de\/wp-json\/wp\/v2\/media\/2190"}],"wp:attachment":[{"href":"https:\/\/www.smmarbleinlay.com\/de\/wp-json\/wp\/v2\/media?parent=2189"}],"wp:term":[{"taxonomy":"product_brand","embeddable":true,"href":"https:\/\/www.smmarbleinlay.com\/de\/wp-json\/wp\/v2\/product_brand?post=2189"},{"taxonomy":"product_cat","embeddable":true,"href":"https:\/\/www.smmarbleinlay.com\/de\/wp-json\/wp\/v2\/product_cat?post=2189"},{"taxonomy":"product_tag","embeddable":true,"href":"https:\/\/www.smmarbleinlay.com\/de\/wp-json\/wp\/v2\/product_tag?post=2189"}],"curies":[{"name":"wp","href":"https:\/\/api.w.org\/{rel}","templated":true}]}}