{"id":2218,"date":"2025-06-13T16:00:39","date_gmt":"2025-06-13T08:00:39","guid":{"rendered":"https:\/\/www.smmarbleinlay.com\/?post_type=product&#038;p=2218"},"modified":"2025-06-27T09:02:08","modified_gmt":"2025-06-27T01:02:08","slug":"royal-custom-marble-inlay-design-for-hallways","status":"publish","type":"product","link":"https:\/\/www.smmarbleinlay.com\/de\/produkt\/royal-custom-marble-inlay-design-for-hallways\/","title":{"rendered":"Royal Custom Marmor Intarsien Design f\u00fcr Flure"},"content":{"rendered":"<h2 data-start=\"202\" data-end=\"289\">Raffinierter Royal-Bodenbelag mit Marmorintarsien: Ein individuelles Marmordesign f\u00fcr elegante Flure<\/h2>\n<p data-start=\"291\" data-end=\"499\">Der Bodenbelag ist die Grundlage f\u00fcr den Charakter eines Raumes. Royal Custom Marble Inlay Design f\u00fcr Flure ist einer der wichtigsten Bereiche.\u00a0<br data-start=\"341\" data-end=\"344\" \/>Sie gibt den Ton an, wie sich der Rest des Designs entfalten wird.<br data-start=\"404\" data-end=\"407\" \/>Wenn es um luxuri\u00f6se Innenausstattung geht, sollte der Boden unter Ihren F\u00fc\u00dfen niemals gew\u00f6hnlich sein.<\/p>\n<p data-start=\"501\" data-end=\"799\">Diese handgefertigte <strong data-start=\"518\" data-end=\"534\">Marmorintarsie<\/strong> Bodenbelag ist ein Fest der klassischen Eleganz, ideal f\u00fcr <strong data-start=\"592\" data-end=\"610\">k\u00f6niglicher Bodenbelag<\/strong> in gehobenen Fluren und G\u00e4ngen.<br data-start=\"648\" data-end=\"651\" \/>Es zeichnet sich durch eine nahtlose Mischung aus nat\u00fcrlichem Marmor, Edelsteinen und kunstvollen Verzierungen aus, die alle in einem zeitlosen Design vereint sind. <strong data-start=\"772\" data-end=\"796\">Marmordesign nach Ma\u00df<\/strong>.<\/p>\n<p><iframe loading=\"lazy\" title=\"Erh\u00f6hen Sie Ihre Villa mit unserem Marmor-Inlay-Medaillon\" width=\"1290\" height=\"726\" src=\"https:\/\/www.youtube.com\/embed\/v8mqxeau_YE?feature=oembed\" frameborder=\"0\" allow=\"accelerometer; autoplay; clipboard-write; encrypted-media; gyroscope; picture-in-picture; web-share\" referrerpolicy=\"strict-origin-when-cross-origin\" allowfullscreen><\/iframe><\/p>\n<h2 data-start=\"801\" data-end=\"864\">Der Luxus der Materialien bei Bodenmedaillons und Marmorintarsien<\/h2>\n<p data-start=\"866\" data-end=\"1063\">Jeder Quadratzentimeter dieses Meisterwerks f\u00fcr Flure beginnt mit dem sch\u00f6nsten Geschenk der Natur: Stein. Royal Custom Marble Inlay Design f\u00fcr Flure ist die beste Wahl f\u00fcr Luxusvillen.<br data-start=\"951\" data-end=\"954\" \/>Unser <strong data-start=\"958\" data-end=\"978\">Bodenmedaillons<\/strong> verwenden eine kuratierte Auswahl an erstklassigen Materialien, die aufgrund ihrer Seltenheit und Sch\u00f6nheit ausgew\u00e4hlt werden.<\/p>\n<p data-start=\"1065\" data-end=\"1277\">Der Sockel besteht aus nat\u00fcrlichem Marmor.<br data-start=\"1095\" data-end=\"1098\" \/>Der creme-beigefarbene Ton der prim\u00e4ren Marmorplatte bietet einen warmen, einladenden Hintergrund.<br data-start=\"1179\" data-end=\"1182\" \/>Dieser Ton geh\u00f6rt zur Familie der warmen Farben und l\u00e4sst den Boden sonnig, weich und einladend wirken.<\/p>\n<p data-start=\"1279\" data-end=\"1503\">Um diesen ruhigen Hintergrund herum sind dekorative Akzente aus Halbedelsteinen und edlen Edelsteinen angebracht.<br data-start=\"1383\" data-end=\"1386\" \/>Diese k\u00f6nnen Elemente aus Onyx, Perlmutt, Lapislazuli, gr\u00fcner Jade, Koralle und sogar goldene Muschelintarsien enthalten.<\/p>\n<p data-start=\"1505\" data-end=\"1793\">Das Ergebnis ist ein Design, das im Umgebungslicht dezent funkelt und mit der Zeit an Charakter gewinnt.<br data-start=\"1598\" data-end=\"1601\" \/>Sie k\u00f6nnen die Maserungen, die nat\u00fcrlichen Adern und die durchscheinenden Kanten jedes Steins sehen.<br data-start=\"1684\" data-end=\"1687\" \/>Das ist es, was unsere <strong data-start=\"1710\" data-end=\"1726\">Marmorintarsie<\/strong> St\u00fccke ihren Reichtum - echtes Mauerwerk, keine synthetische Nachbildung.<\/p>\n<p data-start=\"1795\" data-end=\"1979\">Nichts ist gemalt.<br data-start=\"1814\" data-end=\"1817\" \/>Es wird kein Druck verwendet.<br data-start=\"1834\" data-end=\"1837\" \/>Alle Farben und Details stammen von echten Mineralien.<br data-start=\"1885\" data-end=\"1888\" \/>Dies garantiert, dass Ihr <strong data-start=\"1914\" data-end=\"1932\">k\u00f6niglicher Bodenbelag<\/strong> ist nicht nur elegant, sondern wirklich einmalig.<\/p>\n<h2 data-start=\"1981\" data-end=\"2043\">Traditionelle Handwerkskunst hinter jedem individuellen Marmordesign<\/h2>\n<p data-start=\"2045\" data-end=\"2231\">Neben der Materialqualit\u00e4t ist es vor allem die Technik, die diesen Boden so au\u00dfergew\u00f6hnlich macht.<br data-start=\"2123\" data-end=\"2126\" \/>Jedes Element dieser <strong data-start=\"2147\" data-end=\"2171\">Marmordesign nach Ma\u00df<\/strong> wird in traditioneller Handarbeit mit Steineinlegetechniken hergestellt.<\/p>\n<p data-start=\"2233\" data-end=\"2406\">Der Prozess beginnt mit dem pr\u00e4zisen Schneiden des Rohsteins mit Wasserstrahlmaschinen.<br data-start=\"2316\" data-end=\"2319\" \/>Diese Teile werden dann von Hand wie ein Puzzle zusammengesetzt, um das vollst\u00e4ndige Design zu erhalten.<\/p>\n<p data-start=\"2408\" data-end=\"2668\">Diese akribische Methode ist arbeitsintensiv, aber sie liefert eine un\u00fcbertroffene Pr\u00e4zision.<br data-start=\"2487\" data-end=\"2490\" \/>Jedes Fragment ist perfekt auf seinen Nachbarn abgestimmt.<br data-start=\"2542\" data-end=\"2545\" \/>Das Ergebnis ist eine polierte Oberfl\u00e4che, auf der die Linien nahtlos verlaufen und die Details aussehen, als w\u00e4ren sie von der Natur selbst gemalt worden.<\/p>\n<p data-start=\"2670\" data-end=\"2780\">Selbst die kleinsten Kurven in den franz\u00f6sischen Blumenrollen werden von Hand geformt, um Konsistenz und Flie\u00dff\u00e4higkeit zu gew\u00e4hrleisten.<\/p>\n<p data-start=\"2782\" data-end=\"2996\">Unser Team von Meisterhandwerkern verbringt Wochen, manchmal Monate mit der Fertigstellung eines einzelnen <strong data-start=\"2862\" data-end=\"2881\">Bodenmedaillon<\/strong> Layout wie dieses.<br data-start=\"2903\" data-end=\"2906\" \/>Diese Detailgenauigkeit kann mit fabrikm\u00e4\u00dfig hergestellten Fliesen oder bedruckten Platten nicht erreicht werden.<\/p>\n<h2 data-start=\"2998\" data-end=\"3070\">Design-Inspiration: Klassischer franz\u00f6sischer Stil mit warmen Marmorintarsien<\/h2>\n<p data-start=\"3072\" data-end=\"3272\">Das Gesamtdesign ist in der zeitlosen Eleganz der franz\u00f6sischen neoklassizistischen \u00c4sthetik verwurzelt.<br data-start=\"3160\" data-end=\"3163\" \/>Es zeigt verschlungene Ranken, bl\u00fchende Blumen und ausgewogene Symmetrie - alles in einem rechteckigen Format.<\/p>\n<p data-start=\"3274\" data-end=\"3511\">Blumenstr\u00e4u\u00dfe schm\u00fccken die vertikalen Kanten des Flurs und ziehen den Blick auf nat\u00fcrliche Weise durch den Flur.<br data-start=\"3378\" data-end=\"3381\" \/>Zarte Arabesken und Locken im Rokoko-Stil rahmen den Raum ein, w\u00e4hrend der weiche elfenbein-beigefarbene Hintergrund Erdung und Offenheit bietet.<\/p>\n<p data-start=\"3513\" data-end=\"3632\">Jede Ecke ist mit dekorativen Motiven verziert, die an die Filigranit\u00e4t und die Schn\u00f6rkel klassischer europ\u00e4ischer Interieurs erinnern.<\/p>\n<p data-start=\"3634\" data-end=\"3812\">Die Farbe spielt, wie immer, eine entscheidende Rolle.<br data-start=\"3674\" data-end=\"3677\" \/>Der warme Hintergrundmarmor bildet einen sch\u00f6nen Kontrast zu den zarten Rosat\u00f6nen, den tiefen Rott\u00f6nen, den frischen Gr\u00fcnt\u00f6nen und den k\u00f6niglichen Blaut\u00f6nen der dekorativen Akzente.<\/p>\n<p data-start=\"3814\" data-end=\"4060\">Es ist eine stille Romantik in diesem <strong data-start=\"3846\" data-end=\"3862\">Marmorintarsie<\/strong> St\u00fcck.<br data-start=\"3869\" data-end=\"3872\" \/>Es spricht von einem Leben voller Sch\u00f6nheit, Kunst und feiner Sensibilit\u00e4t.<br data-start=\"3941\" data-end=\"3944\" \/>Dies ist <strong data-start=\"3952\" data-end=\"3970\">k\u00f6niglicher Bodenbelag<\/strong> f\u00fcr alle, die Handwerkskunst lieben und der Meinung sind, dass Eleganz auch in die G\u00e4nge geh\u00f6rt.<\/p>\n<h2 data-start=\"4062\" data-end=\"4142\">Anwendung: Perfekte Bodenmedaillons f\u00fcr hochwertige Flure und \u00f6ffentliche R\u00e4ume<\/h2>\n<p data-start=\"4144\" data-end=\"4363\">Diese <strong data-start=\"4149\" data-end=\"4173\">Marmordesign nach Ma\u00df<\/strong> ist ideal f\u00fcr die Aufstellung in \u00dcbergangsbereichen.<br data-start=\"4220\" data-end=\"4223\" \/>Er ist zwar elegant genug f\u00fcr gro\u00dfe R\u00e4ume, kommt aber besonders gut in Dielen, Fluren und Durchgangszonen zur Geltung, die einen Bereich mit einem anderen verbinden.<\/p>\n<p data-start=\"4365\" data-end=\"4586\">Das St\u00fcck verleiht linearen Bereichen Fluss und visuelles Interesse und verwandelt sie von blo\u00dfen Gehwegen in luxuri\u00f6se Erlebnisse.<br data-start=\"4486\" data-end=\"4489\" \/>Ob im privaten oder im \u00f6ffentlichen Raum, sie verleihen ihm einen Hauch von Raffinesse und kunstvollem Prestige.<\/p>\n<h3 data-start=\"4588\" data-end=\"4624\">1. Villen und private Herrenh\u00e4user<\/h3>\n<p data-start=\"4625\" data-end=\"4799\">Installieren Sie es im Korridor zwischen dem Haupteingang und dem zentralen Wohnbereich.<br data-start=\"4708\" data-end=\"4711\" \/>Er schafft einen anmutigen \u00dcbergang und verleiht dem gesamten Haus einen feierlichen Charakter.<\/p>\n<h3 data-start=\"4801\" data-end=\"4823\">2. Luxushotels<\/h3>\n<p data-start=\"4824\" data-end=\"5014\">Verwenden Sie diese <strong data-start=\"4833\" data-end=\"4852\">Bodenmedaillon<\/strong> in langen Galeries\u00e4len, VIP-Etagenfluren oder verbindenden Lobbys.<br data-start=\"4926\" data-end=\"4929\" \/>Die G\u00e4ste werden sich an die Sch\u00f6nheit unter ihren F\u00fc\u00dfen genauso erinnern wie an den Kronleuchter dar\u00fcber.<\/p>\n<h3 data-start=\"5016\" data-end=\"5047\">3. Hochwertige Einzelhandelsfl\u00e4chen<\/h3>\n<p data-start=\"5048\" data-end=\"5166\">F\u00fcr Boutiquen, Schmuckausstellungsr\u00e4ume oder Haute-Couture-Salons ist diese <strong data-start=\"5112\" data-end=\"5128\">Marmorintarsie<\/strong> vermittelt ein Gef\u00fchl von Luxus der alten Welt.<\/p>\n<h3 data-start=\"5168\" data-end=\"5227\">4. Regierungsgeb\u00e4ude, Museen und kulturelle St\u00e4tten<\/h3>\n<p data-start=\"5228\" data-end=\"5385\">Installieren Sie sie entlang von Gehwegen, um Fu\u00dfg\u00e4ngerzonen in elegante Pfade zu verwandeln.<br data-start=\"5312\" data-end=\"5315\" \/>Dieses Design ist Kunst, eingebettet in Stein, und kann Generationen \u00fcberdauern.<\/p>\n<p data-start=\"5387\" data-end=\"5494\">An jedem Ort dient dieser Bodenbelag nicht nur als Oberfl\u00e4che, sondern als dauerhaftes architektonisches Statement.<\/p>\n<h2 data-start=\"5496\" data-end=\"5546\">Vollst\u00e4ndige Individualisierung: Ihre Vision einer Marmorintarsie<\/h2>\n<p data-start=\"5548\" data-end=\"5703\">Kein Luxusraum ist wie der andere.<br data-start=\"5582\" data-end=\"5585\" \/>Deshalb bieten wir umfassende <strong data-start=\"5610\" data-end=\"5634\">Marmordesign nach Ma\u00df<\/strong> Dienstleistungen, um jeden Aspekt dieses Werks an Ihre W\u00fcnsche anzupassen.<\/p>\n<h3 data-start=\"5705\" data-end=\"5727\">1. Kundenspezifische Gr\u00f6\u00dfe<\/h3>\n<p data-start=\"5728\" data-end=\"5870\">Wir k\u00f6nnen die Abmessungen genau an die Gr\u00f6\u00dfe Ihres Flurs anpassen - egal, ob er schmal oder weitl\u00e4ufig ist.<br data-start=\"5812\" data-end=\"5815\" \/>Jedes Teil wird digital abgebildet, damit es genau passt.<\/p>\n<h3 data-start=\"5872\" data-end=\"5899\">2. Auswahl des Materials<\/h3>\n<p data-start=\"5900\" data-end=\"6045\">Bevorzugen Sie mehr Edelsteinglanz oder einen tieferen Hintergrundton?<br data-start=\"5967\" data-end=\"5970\" \/>Wir bieten eine breite Palette von Marmor-, Quarz-, Edelstein- und Luxussteinoptionen.<\/p>\n<h3 data-start=\"6047\" data-end=\"6074\">3. Farbkoordination<\/h3>\n<p data-start=\"6075\" data-end=\"6271\">Sie m\u00f6chten Ihre floralen Elemente in einer k\u00fchleren Farbpalette?<br data-start=\"6121\" data-end=\"6124\" \/>Sie suchen eine bestimmte Wandfarbe oder einen Einrichtungsfarbton?<br data-start=\"6181\" data-end=\"6184\" \/>Unsere Designer helfen Ihnen bei der Vorschau und Planung Ihrer einzigartigen <strong data-start=\"6236\" data-end=\"6255\">Bodenmedaillon<\/strong> Farbschema.<\/p>\n<h3 data-start=\"6273\" data-end=\"6301\">4. Musteranpassungen<\/h3>\n<p data-start=\"6302\" data-end=\"6410\">Wir k\u00f6nnen Abst\u00e4nde anpassen, Muster wiederholen oder pers\u00f6nliche Details wie Initialen, Wappen oder Markenlogos hinzuf\u00fcgen.<\/p>\n<h3 data-start=\"6412\" data-end=\"6440\">5. Beratung zum Entwurf<\/h3>\n<p data-start=\"6441\" data-end=\"6617\">Stone Master bietet 3D-Rendering, CAD-Entw\u00fcrfe und Muster vor der endg\u00fcltigen Produktion.<br data-start=\"6526\" data-end=\"6529\" \/>Unser Ziel ist es, dass Ihr <strong data-start=\"6554\" data-end=\"6570\">Marmorintarsie<\/strong> Visionen zu verwirklichen - vom Konzept bis zur Fertigstellung.<\/p>\n<h2 data-start=\"6619\" data-end=\"6674\">Einfache Pflege f\u00fcr dauerhafte Eleganz von Royal Flooring<\/h2>\n<p data-start=\"6676\" data-end=\"6819\">Trotz seiner k\u00fcnstlerischen Komplexit\u00e4t ist dieser Bodenbelag f\u00fcr eine lange Lebensdauer ausgelegt.<br data-start=\"6738\" data-end=\"6741\" \/>Bei richtiger Pflege wird es seine Eleganz \u00fcber Jahrzehnte oder sogar Jahrhunderte behalten.<\/p>\n<p data-start=\"6821\" data-end=\"6894\">Befolgen Sie diese Wartungsschritte, um Ihr <strong data-start=\"6869\" data-end=\"6893\">Marmordesign nach Ma\u00df<\/strong>:<\/p>\n<ul data-start=\"6896\" data-end=\"7319\">\n<li data-start=\"6896\" data-end=\"6969\">\n<p data-start=\"6898\" data-end=\"6969\"><strong data-start=\"6898\" data-end=\"6916\">T\u00e4gliche Reinigung<\/strong>: Verwenden Sie einen weichen Mopp oder Lappen mit pH-neutralen Reinigern.<\/p>\n<\/li>\n<li data-start=\"6970\" data-end=\"7037\">\n<p data-start=\"6972\" data-end=\"7037\"><strong data-start=\"6972\" data-end=\"6987\">S\u00e4uren meiden<\/strong>: Verwenden Sie keine Zitrone, keinen Essig und keine scharfen Chemikalien.<\/p>\n<\/li>\n<li data-start=\"7038\" data-end=\"7136\">\n<p data-start=\"7040\" data-end=\"7136\"><strong data-start=\"7040\" data-end=\"7060\">Regelm\u00e4\u00dfige Versiegelung<\/strong>: Die Oberfl\u00e4che sollte alle 12-24 Monate neu versiegelt werden, je nach Verkehrsaufkommen.<\/p>\n<\/li>\n<li data-start=\"7137\" data-end=\"7204\">\n<p data-start=\"7139\" data-end=\"7204\"><strong data-start=\"7139\" data-end=\"7158\">Staubmanagement<\/strong>: Verwenden Sie Teppiche oder L\u00e4ufer in stark frequentierten Bereichen.<\/p>\n<\/li>\n<li data-start=\"7205\" data-end=\"7319\">\n<p data-start=\"7207\" data-end=\"7319\"><strong data-start=\"7207\" data-end=\"7233\">Professionelles Polieren<\/strong>: Lassen Sie die Oberfl\u00e4che alle 2-3 Jahre von Experten polieren, um Glanz und Tiefe zu erhalten.<\/p>\n<\/li>\n<\/ul>\n<p data-start=\"7321\" data-end=\"7453\">Marmor ist zeitlos, wenn er gut behandelt wird.<br data-start=\"7358\" data-end=\"7361\" \/>Ihr <strong data-start=\"7366\" data-end=\"7384\">k\u00f6niglicher Bodenbelag<\/strong> wird mit ein wenig Aufmerksamkeit weiterhin beeindrucken und inspirieren.<\/p>\n<h2 data-start=\"7455\" data-end=\"7513\">Warum Stone Master f\u00fcr Ihre Marmorintarsienprojekte w\u00e4hlen?<\/h2>\n<p data-start=\"7515\" data-end=\"7731\">Mit \u00fcber 25 Jahren Erfahrung ist Stone Master ein weltweit f\u00fchrendes Unternehmen in der Kunst der Steineinlegearbeiten.<br data-start=\"7607\" data-end=\"7610\" \/>Wir sind daf\u00fcr bekannt, dass wir die Grenzen des M\u00f6glichen in der <strong data-start=\"7668\" data-end=\"7693\">individuelle Marmordesigns<\/strong>sowohl in technischer als auch in k\u00fcnstlerischer Hinsicht.<\/p>\n<p data-start=\"7733\" data-end=\"7874\">Innenarchitekten, Architekten und private Hausbesitzer in ganz Europa, dem Nahen Osten, Asien und Nordamerika vertrauen auf unsere Dienstleistungen.<\/p>\n<p data-start=\"7876\" data-end=\"7900\">Warum Kunden uns w\u00e4hlen:<\/p>\n<ul data-start=\"7902\" data-end=\"8303\">\n<li data-start=\"7902\" data-end=\"8019\">\n<p data-start=\"7904\" data-end=\"8019\"><strong data-start=\"7904\" data-end=\"7925\">Hochwertige Materialien<\/strong>: Unsere Auswahl umfasst Marmor, Granit, Jade, Lapis, Malachit, Perlmutt und mehr.<\/p>\n<\/li>\n<li data-start=\"8020\" data-end=\"8115\">\n<p data-start=\"8022\" data-end=\"8115\"><strong data-start=\"8022\" data-end=\"8049\">Traditionelles Kunsthandwerk<\/strong>: Jedes St\u00fcck wird von geschickten H\u00e4nden nach alten Techniken hergestellt.<\/p>\n<\/li>\n<li data-start=\"8116\" data-end=\"8203\">\n<p data-start=\"8118\" data-end=\"8203\"><strong data-start=\"8118\" data-end=\"8138\">Moderne Pr\u00e4zision<\/strong>: Wir verwenden fortschrittliche Wasserstrahl- und CAD-Werkzeuge, um die Perfektion zu unterst\u00fctzen.<\/p>\n<\/li>\n<li data-start=\"8204\" data-end=\"8303\">\n<p data-start=\"8206\" data-end=\"8303\"><strong data-start=\"8206\" data-end=\"8226\">Kundenspezifische L\u00f6sungen<\/strong>: Von der Designberatung bis zur Unterst\u00fctzung vor Ort begleiten wir Sie bei jedem Schritt.<\/p>\n<\/li>\n<\/ul>\n<p data-start=\"8305\" data-end=\"8429\">Wenn Sie Stone Master in Auftrag geben, erhalten Sie mehr als nur ein Produkt.<br data-start=\"8371\" data-end=\"8374\" \/>Sie erhalten ein luxuri\u00f6ses Erbe, das Stein f\u00fcr Stein aufgebaut wird.<\/p>\n<hr data-start=\"8431\" data-end=\"8434\" \/>\n<h2 data-start=\"8436\" data-end=\"8483\">Beginnen Sie Ihre individuelle Marmordesign-Reise noch heute<\/h2>\n<p data-start=\"8485\" data-end=\"8715\">Verwandeln Sie Ihren Flur in einen k\u00f6niglichen Korridor mit diesem anmutigen <strong data-start=\"8549\" data-end=\"8565\">Marmorintarsie<\/strong> Meisterwerk.<br data-start=\"8578\" data-end=\"8581\" \/>Er ist mehr als nur ein Wanderweg - er ist ein Kunstwerk unter Ihren F\u00fc\u00dfen.<br data-start=\"8651\" data-end=\"8654\" \/>Perfekt f\u00fcr alle, die glauben, dass Sch\u00f6nheit in jeden Schritt geh\u00f6rt.<\/p>\n<p data-start=\"8717\" data-end=\"8928\">Stone Master ist bereit, Ihr <strong data-start=\"8753\" data-end=\"8773\">Bodenmedaillons<\/strong> und <strong data-start=\"8778\" data-end=\"8803\">individuelle Marmordesigns<\/strong> zum Leben.<br data-start=\"8812\" data-end=\"8815\" \/>Wir helfen Ihnen, Ihren Stil zum Ausdruck zu bringen, Traditionen zu ehren und unvergessliche <strong data-start=\"8892\" data-end=\"8910\">k\u00f6niglicher Bodenbelag<\/strong> f\u00fcr Ihren Raum.<\/p>\n<p data-start=\"8930\" data-end=\"9102\">Setzen Sie sich noch heute mit uns in Verbindung, um einen Termin f\u00fcr eine Beratung zu vereinbaren und Ihre individuelle Reise zu beginnen.<br data-start=\"9014\" data-end=\"9017\" \/>Versch\u00f6nern Sie Ihre Flure mit zeitloser Eleganz und einer Handwerkskunst, die ein Leben lang h\u00e4lt.<\/p>","protected":false},"excerpt":{"rendered":"<p>Marmor-Intarsien-Fu\u00dfb\u00f6den Artikelnummer: FL6i008<\/p>\n<p>Material Marmor: Mable, Edelstein. (Material kann angepasst werden)<\/p>\n<p>Ma\u00dfgeschneiderte Marmorintarsien Gr\u00f6\u00dfe: Ma\u00dfgeschneiderte Gr\u00f6\u00dfe<\/p>\n<p>Marmor-Design: Standard- oder kundenspezifische Designs<\/p>\n<p>Luxusraum Anwendung: Luxusvillen und -wohnungen, Hotels und Resorts, Gesch\u00e4ftsr\u00e4ume,<\/p>\n<p>\u00d6ffentliche R\u00e4ume, Treppenh\u00e4user und Flure, Eingang und Foyer,<\/p>\n<p>High-End-Clubs und Privatclubs, Showrooms und Ausstellungsr\u00e4ume,<\/p>\n<p>Boutiquen, Museum, Kirche, Moschee, etc.<\/p>","protected":false},"featured_media":2219,"template":"","meta":{"_joinchat":[]},"product_brand":[],"product_cat":[20],"product_tag":[],"class_list":{"0":"post-2218","1":"product","2":"type-product","3":"status-publish","4":"has-post-thumbnail","6":"product_cat-classic-marble-inlay-flooring","8":"first","9":"instock","10":"shipping-taxable","11":"product-type-simple"},"_links":{"self":[{"href":"https:\/\/www.smmarbleinlay.com\/de\/wp-json\/wp\/v2\/product\/2218","targetHints":{"allow":["GET"]}}],"collection":[{"href":"https:\/\/www.smmarbleinlay.com\/de\/wp-json\/wp\/v2\/product"}],"about":[{"href":"https:\/\/www.smmarbleinlay.com\/de\/wp-json\/wp\/v2\/types\/product"}],"wp:featuredmedia":[{"embeddable":true,"href":"https:\/\/www.smmarbleinlay.com\/de\/wp-json\/wp\/v2\/media\/2219"}],"wp:attachment":[{"href":"https:\/\/www.smmarbleinlay.com\/de\/wp-json\/wp\/v2\/media?parent=2218"}],"wp:term":[{"taxonomy":"product_brand","embeddable":true,"href":"https:\/\/www.smmarbleinlay.com\/de\/wp-json\/wp\/v2\/product_brand?post=2218"},{"taxonomy":"product_cat","embeddable":true,"href":"https:\/\/www.smmarbleinlay.com\/de\/wp-json\/wp\/v2\/product_cat?post=2218"},{"taxonomy":"product_tag","embeddable":true,"href":"https:\/\/www.smmarbleinlay.com\/de\/wp-json\/wp\/v2\/product_tag?post=2218"}],"curies":[{"name":"wp","href":"https:\/\/api.w.org\/{rel}","templated":true}]}}