{"id":766,"date":"2025-03-11T10:51:46","date_gmt":"2025-03-11T02:51:46","guid":{"rendered":"https:\/\/www.smmarbleinlay.com\/?post_type=product&#038;p=766"},"modified":"2025-04-09T15:26:44","modified_gmt":"2025-04-09T07:26:44","slug":"luxurious-marble-inlay-stone-wall-with-scenic-landscape-design","status":"publish","type":"product","link":"https:\/\/www.smmarbleinlay.com\/de\/produkt\/luxurious-marble-inlay-stone-wall-with-scenic-landscape-design\/","title":{"rendered":"Luxuri\u00f6se Marmorintarsien-Steinmauer mit landschaftlichem Design"},"content":{"rendered":"<h2>Luxuri\u00f6se Marmorintarsien-Steinmauer mit landschaftlichem Design<\/h2>\n<p>Diese Steinwand mit Marmorintarsien ist eine atemberaubende Verschmelzung von Kunst und Handwerk und zeigt einen majest\u00e4tischen Wasserfall und eine Berglandschaft.<\/p>\n<p>Das von traditionellen chinesischen Tuschemalereien inspirierte Design strahlt Harmonie, Ruhe und Erhabenheit aus und ist damit eine exquisite Erg\u00e4nzung f\u00fcr hochwertige Innenr\u00e4ume.<\/p>\n<h2>Wanddekoration Design &amp; Farbkomposition<\/h2>\n<ul>\n<li>Material: Hochwertiger Naturmarmor<\/li>\n<li>Farbpalette: Eine harmonische Mischung aus erdigen Braunt\u00f6nen, sanftem Beige, warmem Gold, sattem Gr\u00fcn und elfenbeinfarbenem Wei\u00df, die eine nat\u00fcrliche und organische \u00c4sthetik schafft<\/li>\n<li>Muster: Die Wasserfalllandschaft vermittelt ein Gef\u00fchl von Bewegung und Vitalit\u00e4t, angereichert mit detaillierten Bergen, flie\u00dfendem Wasser, einer aufgehenden Sonne und auffliegenden V\u00f6geln<\/li>\n<li>Handwerkskunst: Pr\u00e4zise Wasserstrahl-Intarsien, die eine nahtlose und komplizierte Komposition gew\u00e4hrleisten<\/li>\n<\/ul>\n<h2>Ideale Anwendungen f\u00fcr Marmor-Intarsienw\u00e4nde<\/h2>\n<ul>\n<li>Luxuri\u00f6se Wohnzimmer und Lounges: Ein Statement, das die Raffinesse unterstreicht<\/li>\n<li>Hotel-Lobbys und Empfangsbereiche: Erh\u00f6ht das Ambiente mit einer k\u00fcnstlerischen Note<\/li>\n<li>Exklusive Villen und Herrenh\u00e4user: Perfekt f\u00fcr ein opulentes Interieur<\/li>\n<li>Kulturelle und spirituelle R\u00e4ume: Verleiht ein Gef\u00fchl von Ruhe und Eleganz<\/li>\n<li>Boutiquen und Luxus-Einzelhandelsgesch\u00e4fte: Eine raffinierte Kulisse f\u00fcr hochwertiges Branding<\/li>\n<\/ul>\n<p>Dieses Intarsien-Design zeigt Parchinkari-Kunst und -Handwerkstechniken und sorgt f\u00fcr einen zeitlosen und eleganten Marmorstil.<\/p>\n<p>Es ist eine au\u00dfergew\u00f6hnliche Wahl f\u00fcr alle, die ein perfektes Gleichgewicht zwischen Kunst, Natur und Luxus in der Innenarchitektur suchen.<\/p>\n<p>Produkt-Schl\u00fcsselw\u00f6rter<\/p>\n<p>Intarsien-Design | Intarsienarbeiten | Stil Marmor | Parchinkari Kunst und Handwerk | Marmorintarsien Steinwand<\/p>","protected":false},"excerpt":{"rendered":"<div class=\"wp-block-stackable-text stk-block-text stk-block stk-4a35510\" data-block-id=\"4a35510\">\n<p><strong>Artikel Nummer: <\/strong>WA4G001<\/p>\n<p><strong>Material:<\/strong>\u00a0Marmor, Edelstein. (Marmor Inlay Wand Panel Material kann angepasst werden)<\/p>\n<p><strong>Gr\u00f6\u00dfe:<\/strong>\u00a0Ma\u00dfgeschneiderte Gr\u00f6\u00dfe f\u00fcr jedes Wanddekor aus Intarsienmarmor<\/p>\n<p><strong>Entwurf:<\/strong>\u00a0Standard- oder kundenspezifische Marmorintarsien-Designs<\/p>\n<p><strong>Anwendung:<\/strong>\u00a0Luxusvillen und -wohnungen, Hotels und Resorts, Gesch\u00e4ftsr\u00e4ume,<\/p>\n<p>Wohnzimmer, Besonderes Wandpaneel, Wanddekor, Intarsien-Wandkunst, Wandkunst aus Stein,<\/p>\n<p>\u00d6ffentliche R\u00e4ume, Eingang und Foyer, High-End-Clubs und Privatclubs,<\/p>\n<p>Ausstellungs- und Ausstellungsr\u00e4ume, Boutiquen, Museen, Kirchen, Moscheen, usw.<\/p>\n<\/div>","protected":false},"featured_media":1448,"template":"","meta":{"_joinchat":[]},"product_brand":[],"product_cat":[22],"product_tag":[],"class_list":{"0":"post-766","1":"product","2":"type-product","3":"status-publish","4":"has-post-thumbnail","6":"product_cat-marble-inlay-wall-decor","8":"first","9":"instock","10":"shipping-taxable","11":"product-type-simple"},"_links":{"self":[{"href":"https:\/\/www.smmarbleinlay.com\/de\/wp-json\/wp\/v2\/product\/766","targetHints":{"allow":["GET"]}}],"collection":[{"href":"https:\/\/www.smmarbleinlay.com\/de\/wp-json\/wp\/v2\/product"}],"about":[{"href":"https:\/\/www.smmarbleinlay.com\/de\/wp-json\/wp\/v2\/types\/product"}],"wp:featuredmedia":[{"embeddable":true,"href":"https:\/\/www.smmarbleinlay.com\/de\/wp-json\/wp\/v2\/media\/1448"}],"wp:attachment":[{"href":"https:\/\/www.smmarbleinlay.com\/de\/wp-json\/wp\/v2\/media?parent=766"}],"wp:term":[{"taxonomy":"product_brand","embeddable":true,"href":"https:\/\/www.smmarbleinlay.com\/de\/wp-json\/wp\/v2\/product_brand?post=766"},{"taxonomy":"product_cat","embeddable":true,"href":"https:\/\/www.smmarbleinlay.com\/de\/wp-json\/wp\/v2\/product_cat?post=766"},{"taxonomy":"product_tag","embeddable":true,"href":"https:\/\/www.smmarbleinlay.com\/de\/wp-json\/wp\/v2\/product_tag?post=766"}],"curies":[{"name":"wp","href":"https:\/\/api.w.org\/{rel}","templated":true}]}}