{"id":1102,"date":"2025-03-22T18:56:45","date_gmt":"2025-03-22T10:56:45","guid":{"rendered":"https:\/\/www.smmarbleinlay.com\/?post_type=product&#038;p=1102"},"modified":"2025-04-09T15:24:49","modified_gmt":"2025-04-09T07:24:49","slug":"elegant-marble-inlay-stone-wall-a-fusion-of-art-craft","status":"publish","type":"product","link":"https:\/\/www.smmarbleinlay.com\/es\/producto\/elegant-marble-inlay-stone-wall-a-fusion-of-art-craft\/","title":{"rendered":"Elegante pared de piedra con incrustaciones de m\u00e1rmol: una fusi\u00f3n de arte y artesan\u00eda"},"content":{"rendered":"<h2>Elegante pared de piedra con incrustaciones de m\u00e1rmol: una fusi\u00f3n de arte y artesan\u00eda<\/h2>\n<p>Esta exquisita pared de piedra con incrustaciones de m\u00e1rmol muestra un dise\u00f1o de m\u00e1rmol de estilo inspirado en el arte y la artesan\u00eda tradicionales de Parchinkari.<\/p>\n<p>Elaborada con precisi\u00f3n, la incrustaci\u00f3n de m\u00e1rmol en la pared presenta un delicado motivo floral entrelazado con peces koi nadando graciosamente, s\u00edmbolo de prosperidad y tranquilidad.<\/p>\n<p>El fondo de m\u00e1rmol beige c\u00e1lido realza la vitalidad de las flores de magnolia doradas y blancas, creando una est\u00e9tica atemporal y lujosa.<\/p>\n<h2>Incrustaci\u00f3n de m\u00e1rmol Piedra Material de pared<\/h2>\n<p>El intrincado dise\u00f1o de la pared con incrustaciones de m\u00e1rmol se consigue utilizando m\u00e1rmol de alta calidad, lo que garantiza su durabilidad al tiempo que a\u00f1ade un sofisticado encanto a los interiores.<\/p>\n<p>Este trabajo de marqueter\u00eda es ideal para elevar espacios residenciales y comerciales, especialmente en salones, vest\u00edbulos de hoteles, villas de lujo y recepciones de oficinas de alto nivel.<\/p>\n<p>La armoniosa combinaci\u00f3n de elementos naturales y arte refinado hace de esta pared de piedra con incrustaciones de m\u00e1rmol una pieza excepcional, que integra a la perfecci\u00f3n elegancia y patrimonio cultural.<\/p>\n<p>Esta obra maestra es algo m\u00e1s que una pared decorativa: es una expresi\u00f3n art\u00edstica del lujo y la tradici\u00f3n, que aporta serenidad y opulencia a cualquier espacio.<\/p>","protected":false},"excerpt":{"rendered":"<div class=\"wp-block-stackable-text stk-block-text stk-block stk-4a35510\" data-block-id=\"4a35510\">\n<p><strong>N\u00famero de art\u00edculo: <\/strong>WA4G002<\/p>\n<p><strong>Material:<\/strong>\u00a0M\u00e1rmol, piedra preciosa. (incrustaci\u00f3n de m\u00e1rmol panel de pared material puede ser personalizado)<\/p>\n<p><strong>Tama\u00f1o:<\/strong>\u00a0Tama\u00f1o a medida de cualquier decoraci\u00f3n de pared con incrustaciones de m\u00e1rmol<\/p>\n<p><strong>Dise\u00f1o:<\/strong>\u00a0Dise\u00f1os de incrustaciones de m\u00e1rmol est\u00e1ndar o personalizados<\/p>\n<p><strong>Aplicaci\u00f3n:<\/strong>\u00a0Villas y casas de lujo, hoteles y complejos tur\u00edsticos, espacios comerciales,<\/p>\n<p>Sala de estar, Panel de pared destacado, Decoraci\u00f3n de pared, Arte de pared con incrustaciones, Arte de pared en piedra,<\/p>\n<p>Espacios p\u00fablicos, entrada y vest\u00edbulo, clubes de alto nivel y clubes privados,<\/p>\n<p>Salas de exposiciones, boutiques, museos, iglesias, mezquitas, etc.<\/p>\n<\/div>","protected":false},"featured_media":1450,"template":"","meta":{"_joinchat":[]},"product_brand":[],"product_cat":[22],"product_tag":[],"class_list":{"0":"post-1102","1":"product","2":"type-product","3":"status-publish","4":"has-post-thumbnail","6":"product_cat-marble-inlay-wall-decor","8":"first","9":"instock","10":"shipping-taxable","11":"product-type-simple"},"_links":{"self":[{"href":"https:\/\/www.smmarbleinlay.com\/es\/wp-json\/wp\/v2\/product\/1102","targetHints":{"allow":["GET"]}}],"collection":[{"href":"https:\/\/www.smmarbleinlay.com\/es\/wp-json\/wp\/v2\/product"}],"about":[{"href":"https:\/\/www.smmarbleinlay.com\/es\/wp-json\/wp\/v2\/types\/product"}],"wp:featuredmedia":[{"embeddable":true,"href":"https:\/\/www.smmarbleinlay.com\/es\/wp-json\/wp\/v2\/media\/1450"}],"wp:attachment":[{"href":"https:\/\/www.smmarbleinlay.com\/es\/wp-json\/wp\/v2\/media?parent=1102"}],"wp:term":[{"taxonomy":"product_brand","embeddable":true,"href":"https:\/\/www.smmarbleinlay.com\/es\/wp-json\/wp\/v2\/product_brand?post=1102"},{"taxonomy":"product_cat","embeddable":true,"href":"https:\/\/www.smmarbleinlay.com\/es\/wp-json\/wp\/v2\/product_cat?post=1102"},{"taxonomy":"product_tag","embeddable":true,"href":"https:\/\/www.smmarbleinlay.com\/es\/wp-json\/wp\/v2\/product_tag?post=1102"}],"curies":[{"name":"wp","href":"https:\/\/api.w.org\/{rel}","templated":true}]}}