{"id":1130,"date":"2025-03-24T15:32:22","date_gmt":"2025-03-24T07:32:22","guid":{"rendered":"https:\/\/www.smmarbleinlay.com\/?post_type=product&#038;p=1130"},"modified":"2025-04-10T14:59:21","modified_gmt":"2025-04-10T06:59:21","slug":"exquisite-classic-marble-design-medallion-flooring","status":"publish","type":"product","link":"https:\/\/www.smmarbleinlay.com\/es\/producto\/exquisite-classic-marble-design-medallion-flooring\/","title":{"rendered":"Exquisito dise\u00f1o cl\u00e1sico de m\u00e1rmol Medallion Flooring"},"content":{"rendered":"<h2>Exquisito Suelo Cl\u00e1sico de M\u00e1rmol con Medall\u00f3n Incrustado - Una Obra Maestra Intemporal<\/h2>\n<p>Este medall\u00f3n para suelos con incrustaciones de dise\u00f1o de m\u00e1rmol encarna la esencia del dise\u00f1o cl\u00e1sico europeo de m\u00e1rmol de lujo, con un intrincado dise\u00f1o de Pietra dure que realza la grandeza de cualquier espacio.<\/p>\n<p>La armoniosa combinaci\u00f3n de motivos florales, volutas y geometr\u00eda sim\u00e9trica refleja una \u00e9poca de opulencia, lo que convierte a este dise\u00f1o de m\u00e1rmol en la elecci\u00f3n ideal para villas de lujo, residencias de alta gama e interiores palaciegos.<\/p>\n<h2>M\u00e1rmol y piedras preciosas de primera calidad<\/h2>\n<p>Elaborada con una combinaci\u00f3n de m\u00e1rmol, piedras preciosas y lat\u00f3n de alta calidad, esta pieza de taracea irradia durabilidad y refinamiento.<\/p>\n<p>El veteado natural y el acabado pulido del dise\u00f1o de m\u00e1rmol a\u00f1aden profundidad y elegancia, mientras que las piedras preciosas incrustadas realzan su brillo.<\/p>\n<p>El uso de incrustaciones de lat\u00f3n realza a\u00fan m\u00e1s la riqueza del dibujo, garantizando su longevidad y resistencia al desgaste.<\/p>\n<h2>Elegante paleta de colores para un dise\u00f1o de m\u00e1rmol de belleza atemporal<\/h2>\n<p>El medall\u00f3n del suelo presenta una paleta de colores suave pero real, con dorados c\u00e1lidos, blancos marfil y sutiles toques de naranja y verde.<\/p>\n<p>Estos tonos no s\u00f3lo crean un ambiente acogedor, sino que tambi\u00e9n complementan una amplia gama de estilos de interior, desde el neocl\u00e1sico hasta el lujo contempor\u00e1neo.<\/p>\n<p>El acabado brillante de la superficie de m\u00e1rmol refleja la luz natural, amplificando la belleza del espacio.<\/p>\n<h2>Gran atractivo est\u00e9tico y funcional<\/h2>\n<p>M\u00e1s all\u00e1 de su atractivo art\u00edstico, este dise\u00f1o de m\u00e1rmol contribuye a la grandeza espacial de entradas, vest\u00edbulos y salones.<\/p>\n<p>El medall\u00f3n de azulejos sirve de llamativa pieza central, atrayendo la atenci\u00f3n hacia la elegancia arquitect\u00f3nica del interior.<\/p>\n<p>Su patr\u00f3n de medall\u00f3n de mosaico sim\u00e9trico crea una sensaci\u00f3n de armon\u00eda y equilibrio, por lo que es un complemento perfecto para espacios que exigen sofisticaci\u00f3n.<\/p>\n<h2>Aplicaci\u00f3n vers\u00e1til para espacios de lujo<\/h2>\n<p>Este medall\u00f3n de suelo de mosaico de m\u00e1rmol es ideal para entradas, grandes vest\u00edbulos, vest\u00edbulos de hoteles, salones de baile y residencias palaciegas.<\/p>\n<p>Se integra a la perfecci\u00f3n con suelos de m\u00e1rmol, medallones de piedra y dise\u00f1os de suelo personalizados, lo que lo convierte en una opci\u00f3n vers\u00e1til para quienes buscan una declaraci\u00f3n de lujo a medida.<\/p>\n<h2>Servicios de personalizaci\u00f3n<\/h2>\n<p>Stone Master ofrece amplias opciones de personalizaci\u00f3n, que permiten a los clientes adaptar el tama\u00f1o, los colores y los materiales a los requisitos espec\u00edficos de su proyecto.<\/p>\n<p>Si desea una incrustaci\u00f3n de suelo \u00fanica para su vest\u00edbulo o un medall\u00f3n de m\u00e1rmol ornamentado para un espacio comercial, nuestros expertos artesanos dan vida a su visi\u00f3n con artesan\u00eda de precisi\u00f3n y materiales de primera calidad.<\/p>","protected":false},"excerpt":{"rendered":"<p><strong><b>N\u00famero de art\u00edculo: <\/b><\/strong>FL7J001<\/p>\n<p><strong><b>Material:<\/b><\/strong>\u00a0Mable, Piedra preciosa. (material puede ser personalizado)<\/p>\n<p><strong><b>Tama\u00f1o:<\/b><\/strong>\u00a0Tama\u00f1o a medida<\/p>\n<p><strong><b>Dise\u00f1o:<\/b><\/strong>\u00a0Dise\u00f1os est\u00e1ndar o personalizados<\/p>\n<p><strong>Aplicaci\u00f3n:<\/strong>\u00a0Villas y casas de lujo, hoteles y complejos tur\u00edsticos, espacios comerciales,<\/p>\n<p>Espacios p\u00fablicos, Escaleras y pasillos, Entrada y vest\u00edbulo, Pietra Dura Art Floor,<\/p>\n<p>Clubes de alto nivel y clubes privados, salas de exposiciones y espacios de exhibici\u00f3n,<\/p>\n<p>Boutiques, Museo, Iglesia, Mezquita, etc.<\/p>","protected":false},"featured_media":1179,"template":"","meta":{"_joinchat":[]},"product_brand":[],"product_cat":[20],"product_tag":[],"class_list":{"0":"post-1130","1":"product","2":"type-product","3":"status-publish","4":"has-post-thumbnail","6":"product_cat-classic-marble-inlay-flooring","8":"first","9":"instock","10":"shipping-taxable","11":"product-type-simple"},"_links":{"self":[{"href":"https:\/\/www.smmarbleinlay.com\/es\/wp-json\/wp\/v2\/product\/1130","targetHints":{"allow":["GET"]}}],"collection":[{"href":"https:\/\/www.smmarbleinlay.com\/es\/wp-json\/wp\/v2\/product"}],"about":[{"href":"https:\/\/www.smmarbleinlay.com\/es\/wp-json\/wp\/v2\/types\/product"}],"wp:featuredmedia":[{"embeddable":true,"href":"https:\/\/www.smmarbleinlay.com\/es\/wp-json\/wp\/v2\/media\/1179"}],"wp:attachment":[{"href":"https:\/\/www.smmarbleinlay.com\/es\/wp-json\/wp\/v2\/media?parent=1130"}],"wp:term":[{"taxonomy":"product_brand","embeddable":true,"href":"https:\/\/www.smmarbleinlay.com\/es\/wp-json\/wp\/v2\/product_brand?post=1130"},{"taxonomy":"product_cat","embeddable":true,"href":"https:\/\/www.smmarbleinlay.com\/es\/wp-json\/wp\/v2\/product_cat?post=1130"},{"taxonomy":"product_tag","embeddable":true,"href":"https:\/\/www.smmarbleinlay.com\/es\/wp-json\/wp\/v2\/product_tag?post=1130"}],"curies":[{"name":"wp","href":"https:\/\/api.w.org\/{rel}","templated":true}]}}