{"id":1131,"date":"2025-03-24T15:33:28","date_gmt":"2025-03-24T07:33:28","guid":{"rendered":"https:\/\/www.smmarbleinlay.com\/?post_type=product&#038;p=1131"},"modified":"2025-04-10T14:54:01","modified_gmt":"2025-04-10T06:54:01","slug":"grand-pietra-dure-marble-inlay-flooring","status":"publish","type":"product","link":"https:\/\/www.smmarbleinlay.com\/es\/producto\/grand-pietra-dure-marble-inlay-flooring\/","title":{"rendered":"Grand Pietra Dure Marmol Inlay Flooring"},"content":{"rendered":"<h2>Elegancia refinada en suelos con incrustaciones de m\u00e1rmol Grand Pietra Dure<\/h2>\n<p>Este exquisito dise\u00f1o de suelo con incrustaciones de m\u00e1rmol Pietra Dure refleja la sofisticaci\u00f3n del arte cl\u00e1sico europeo, con una intrincada artesan\u00eda Pietra Dure.<\/p>\n<p>Las incrustaciones de m\u00e1rmol Pietra Dure con motivos florales y volutas se integran a la perfecci\u00f3n en el ambiente lujoso de villas, grandes mansiones y espacios de hosteler\u00eda de lujo, creando un aire de prestigio atemporal.<\/p>\n<h2>Suelos con incrustaciones de m\u00e1rmol Pietra Dure de primera calidad para una belleza duradera<\/h2>\n<p>Esta incrustaci\u00f3n de m\u00e1rmol Pietra Dure, elaborada por expertos a partir de un dise\u00f1o de suelo de incrustaci\u00f3n de m\u00e1rmol Pietra Dure de alta calidad, muestra la belleza natural y la durabilidad de la piedra.<\/p>\n<p>La superficie pulida no s\u00f3lo realza los intrincados detalles del medall\u00f3n de mosaico, sino que tambi\u00e9n garantiza la resistencia al desgaste y un f\u00e1cil mantenimiento, lo que la convierte en una opci\u00f3n ideal para interiores de lujo muy transitados.<\/p>\n<h2>Una paleta de colores rica y armoniosa<\/h2>\n<p>El dise\u00f1o del suelo con incrustaciones de m\u00e1rmol Pietra Dure presenta una armoniosa combinaci\u00f3n de dorado c\u00e1lido, marfil suave, rojos profundos y azules suaves, creando un contraste visualmente impresionante que realza el ambiente general del espacio.<\/p>\n<p>Esta refinada selecci\u00f3n de colores complementa los interiores de inspiraci\u00f3n cl\u00e1sica, neocl\u00e1sica y barroca, lo que la convierte en una opci\u00f3n vers\u00e1til para proyectos de dise\u00f1o de alta gama.<\/p>\n<h2>Dise\u00f1o amplio y art\u00edstico<\/h2>\n<p>A diferencia de los medallones de baldosas tradicionales, este suelo de mosaico de m\u00e1rmol se extiende m\u00e1s all\u00e1 de un punto focal central, creando un borde decorativo a gran escala que enmarca bellamente la habitaci\u00f3n.<\/p>\n<p>Los intrincados detalles y la disposici\u00f3n sim\u00e9trica establecen una sensaci\u00f3n de equilibrio y refinamiento, perfecta para grandes salones, vest\u00edbulos y lujosos vest\u00edbulos de hotel.<\/p>\n<h2>Aplicaci\u00f3n vers\u00e1til para interiores de prestigio<\/h2>\n<p>Ideal para casas palaciegas, residencias de lujo, hoteles boutique y zonas de recepci\u00f3n formales, este suelo de medall\u00f3n de piedra realza la grandeza de cualquier espacio.<\/p>\n<p>Tanto si se utiliza en un vest\u00edbulo de m\u00e1rmol, un gran pasillo o una lujosa sala de estar, su elaborado dise\u00f1o de suelo es una declaraci\u00f3n de intenciones inolvidable.<\/p>\n<h2>Lujo a medida con personalizaci\u00f3n<\/h2>\n<p>Stone Master ofrece servicios de personalizaci\u00f3n, que permiten a los clientes ajustar el tama\u00f1o, la combinaci\u00f3n de colores y la selecci\u00f3n de materiales para adaptarlos a su visi\u00f3n del interior.<\/p>\n<p>Nuestros expertos artesanos garantizan una meticulosa atenci\u00f3n al detalle, transformando cada pieza en una obra de arte \u00fanica que encarna tanto el lujo como la individualidad.<\/p>\n<p>&nbsp;<\/p>","protected":false},"excerpt":{"rendered":"<p><strong><b>N\u00famero de art\u00edculo: <\/b><\/strong>FL7J002<\/p>\n<p><strong>Material:<\/strong>\u00a0M\u00e1rmol, piedra preciosa. (incrustaciones de m\u00e1rmol piso dise\u00f1o materiales pueden ser personalizados)<\/p>\n<p><strong>Tama\u00f1o:<\/strong>\u00a0Tama\u00f1o a medida (tama\u00f1o de dise\u00f1o de m\u00e1rmol personalizado)<\/p>\n<p><strong>Dise\u00f1o:<\/strong>\u00a0Suelo de m\u00e1rmol con incrustaciones est\u00e1ndar o dise\u00f1o de suelo de m\u00e1rmol con incrustaciones personalizado<\/p>\n<p><strong>Aplicaci\u00f3n:<\/strong>\u00a0Villas y casas de lujo, hoteles y complejos tur\u00edsticos, espacios comerciales,<\/p>\n<p>Espacios p\u00fablicos, Escaleras y pasillos, Entrada y vest\u00edbulo, Pietra Dura Art Floor,<\/p>\n<p>Clubes de alto nivel y clubes privados, salas de exposiciones y espacios de exhibici\u00f3n,<\/p>\n<p>Boutiques, Museo, Iglesia, Mezquita, etc.<\/p>","protected":false},"featured_media":1183,"template":"","meta":{"_joinchat":[]},"product_brand":[],"product_cat":[20],"product_tag":[],"class_list":{"0":"post-1131","1":"product","2":"type-product","3":"status-publish","4":"has-post-thumbnail","6":"product_cat-classic-marble-inlay-flooring","8":"first","9":"instock","10":"shipping-taxable","11":"product-type-simple"},"_links":{"self":[{"href":"https:\/\/www.smmarbleinlay.com\/es\/wp-json\/wp\/v2\/product\/1131","targetHints":{"allow":["GET"]}}],"collection":[{"href":"https:\/\/www.smmarbleinlay.com\/es\/wp-json\/wp\/v2\/product"}],"about":[{"href":"https:\/\/www.smmarbleinlay.com\/es\/wp-json\/wp\/v2\/types\/product"}],"wp:featuredmedia":[{"embeddable":true,"href":"https:\/\/www.smmarbleinlay.com\/es\/wp-json\/wp\/v2\/media\/1183"}],"wp:attachment":[{"href":"https:\/\/www.smmarbleinlay.com\/es\/wp-json\/wp\/v2\/media?parent=1131"}],"wp:term":[{"taxonomy":"product_brand","embeddable":true,"href":"https:\/\/www.smmarbleinlay.com\/es\/wp-json\/wp\/v2\/product_brand?post=1131"},{"taxonomy":"product_cat","embeddable":true,"href":"https:\/\/www.smmarbleinlay.com\/es\/wp-json\/wp\/v2\/product_cat?post=1131"},{"taxonomy":"product_tag","embeddable":true,"href":"https:\/\/www.smmarbleinlay.com\/es\/wp-json\/wp\/v2\/product_tag?post=1131"}],"curies":[{"name":"wp","href":"https:\/\/api.w.org\/{rel}","templated":true}]}}