{"id":1132,"date":"2025-03-24T15:34:10","date_gmt":"2025-03-24T07:34:10","guid":{"rendered":"https:\/\/www.smmarbleinlay.com\/?post_type=product&#038;p=1132"},"modified":"2025-04-10T14:43:36","modified_gmt":"2025-04-10T06:43:36","slug":"luxury-marble-inlay-medallion-designer-floors","status":"publish","type":"product","link":"https:\/\/www.smmarbleinlay.com\/es\/producto\/luxury-marble-inlay-medallion-designer-floors\/","title":{"rendered":"Pisos de dise\u00f1o con incrustaciones de m\u00e1rmol de lujo"},"content":{"rendered":"<h2>Lujosos suelos de dise\u00f1o con incrustaciones de m\u00e1rmol para espacios de prestigio<\/h2>\n<p>Este medall\u00f3n de m\u00e1rmol incrustado en suelos de dise\u00f1o est\u00e1 dise\u00f1ado para realzar entradas de lujo, grandes vest\u00edbulos y \u00e1reas de recepci\u00f3n formales en residencias de alto nivel.<\/p>\n<p>Sus suelos de dise\u00f1o cl\u00e1sico y aristocr\u00e1tico aportan un aura de grandeza, lo que los convierte en la opci\u00f3n ideal para villas, mansiones y fincas palaciegas.<\/p>\n<p>Los motivos sim\u00e9tricos y ornamentales evocan una sensaci\u00f3n de refinamiento y exclusividad.<\/p>\n<h2>Pisos de dise\u00f1o Paleta de colores refinada para un atractivo sofisticado<\/h2>\n<p>El medall\u00f3n de suelos de dise\u00f1o presenta una elegante combinaci\u00f3n de oro c\u00e1lido, marfil suave, verde intenso y rojo profundo, que armoniza con los interiores neocl\u00e1sicos y barrocos.<\/p>\n<p>Las intrincadas volutas y motivos florales de los suelos de dise\u00f1o a\u00f1aden una capa de sofisticaci\u00f3n art\u00edstica, complementando un entorno lujoso con un ambiente majestuoso a la par que acogedor.<\/p>\n<h2>Selecci\u00f3n de m\u00e1rmol de primera calidad para una belleza duradera<\/h2>\n<p>Elaborado con m\u00e1rmol de alta calidad, este medall\u00f3n de m\u00e1rmol para suelos ofrece una durabilidad excepcional y una superficie muy pulida que realza el brillo de cada color.<\/p>\n<p>Las vetas de la piedra natural y sus intrincados patrones garantizan que no haya dos dise\u00f1os id\u00e9nticos, lo que a\u00f1ade un toque personalizado a cada instalaci\u00f3n.<\/p>\n<h2>Influencia del dise\u00f1o cl\u00e1sico y lujoso<\/h2>\n<p>Inspirado en el arte cl\u00e1sico europeo, este dise\u00f1o de incrustaci\u00f3n de m\u00e1rmol presenta un elaborado patr\u00f3n de Pietra dure, cuidadosamente ensamblado con piezas de piedra cortadas con precisi\u00f3n.<\/p>\n<p>El equilibrio de elementos florales y geom\u00e9tricos crea una obra maestra atemporal que realza la elegancia y grandeza del suelo.<\/p>\n<h2>Transformar espacios con una presencia majestuosa<\/h2>\n<p>Ideal para entradas, vest\u00edbulos, pasillos y salas de recepci\u00f3n, este medall\u00f3n de m\u00e1rmol con incrustaciones act\u00faa como punto focal, elevando el espacio con riqueza arquitect\u00f3nica.<\/p>\n<p>Tanto si se utiliza como pieza central en un dise\u00f1o de suelo de m\u00e1rmol como si se combina con incrustaciones en los bordes, su presencia crea un impresionante impacto visual.<\/p>\n<h2>Personalizaci\u00f3n a medida para creaciones \u00fanicas<\/h2>\n<p>En Stone Master, ofrecemos medallones de incrustaci\u00f3n de m\u00e1rmol totalmente personalizables, lo que permite a los clientes modificar el tama\u00f1o, la selecci\u00f3n de materiales y la combinaci\u00f3n de colores para adaptarlos a la est\u00e9tica de su interior.<\/p>\n<p>Nuestros expertos artesanos garantizan una integraci\u00f3n perfecta con la decoraci\u00f3n existente, ofreciendo una elegancia personalizada para cada proyecto.<\/p>","protected":false},"excerpt":{"rendered":"<p><strong><b>N\u00famero de art\u00edculo: <\/b><\/strong>FL5H001<\/p>\n<p><strong>Material:<\/strong>\u00a0M\u00e1rmol, piedra preciosa. (incrustaciones de m\u00e1rmol piso dise\u00f1o materiales pueden ser personalizados)<\/p>\n<p><strong>Tama\u00f1o:<\/strong>\u00a0Tama\u00f1o a medida (tama\u00f1o de dise\u00f1o de m\u00e1rmol personalizado)<\/p>\n<p><strong>Dise\u00f1o:<\/strong>\u00a0Suelo de m\u00e1rmol con incrustaciones est\u00e1ndar o dise\u00f1o de suelo de m\u00e1rmol con incrustaciones personalizado<\/p>\n<p><strong>Aplicaci\u00f3n:<\/strong>\u00a0Villas y casas de lujo, hoteles y complejos tur\u00edsticos, espacios comerciales,<\/p>\n<p>Espacios p\u00fablicos, Escaleras y pasillos, Entrada y vest\u00edbulo, Pietra Dura Art Floor,<\/p>\n<p>Clubes de alto nivel y clubes privados, salas de exposiciones y espacios de exhibici\u00f3n,<\/p>\n<p>Boutiques, Museo, Iglesia, Mezquita, etc.<\/p>","protected":false},"featured_media":1186,"template":"","meta":{"_joinchat":[]},"product_brand":[],"product_cat":[20],"product_tag":[],"class_list":{"0":"post-1132","1":"product","2":"type-product","3":"status-publish","4":"has-post-thumbnail","6":"product_cat-classic-marble-inlay-flooring","8":"first","9":"instock","10":"shipping-taxable","11":"product-type-simple"},"_links":{"self":[{"href":"https:\/\/www.smmarbleinlay.com\/es\/wp-json\/wp\/v2\/product\/1132","targetHints":{"allow":["GET"]}}],"collection":[{"href":"https:\/\/www.smmarbleinlay.com\/es\/wp-json\/wp\/v2\/product"}],"about":[{"href":"https:\/\/www.smmarbleinlay.com\/es\/wp-json\/wp\/v2\/types\/product"}],"wp:featuredmedia":[{"embeddable":true,"href":"https:\/\/www.smmarbleinlay.com\/es\/wp-json\/wp\/v2\/media\/1186"}],"wp:attachment":[{"href":"https:\/\/www.smmarbleinlay.com\/es\/wp-json\/wp\/v2\/media?parent=1132"}],"wp:term":[{"taxonomy":"product_brand","embeddable":true,"href":"https:\/\/www.smmarbleinlay.com\/es\/wp-json\/wp\/v2\/product_brand?post=1132"},{"taxonomy":"product_cat","embeddable":true,"href":"https:\/\/www.smmarbleinlay.com\/es\/wp-json\/wp\/v2\/product_cat?post=1132"},{"taxonomy":"product_tag","embeddable":true,"href":"https:\/\/www.smmarbleinlay.com\/es\/wp-json\/wp\/v2\/product_tag?post=1132"}],"curies":[{"name":"wp","href":"https:\/\/api.w.org\/{rel}","templated":true}]}}