{"id":1137,"date":"2025-03-24T15:35:53","date_gmt":"2025-03-24T07:35:53","guid":{"rendered":"https:\/\/www.smmarbleinlay.com\/?post_type=product&#038;p=1137"},"modified":"2025-04-10T14:34:30","modified_gmt":"2025-04-10T06:34:30","slug":"rectangular-marble-floor-pattern-design","status":"publish","type":"product","link":"https:\/\/www.smmarbleinlay.com\/es\/producto\/rectangular-marble-floor-pattern-design\/","title":{"rendered":"Dise\u00f1o de suelo de m\u00e1rmol rectangular"},"content":{"rendered":"<h2><strong><b>Visi\u00f3n general <\/b><\/strong><strong><b>Dise\u00f1o de suelo de m\u00e1rmol rectangular<\/b><\/strong><\/h2>\n<p>El dise\u00f1o rectangular del suelo de m\u00e1rmol o medall\u00f3n con incrustaciones de m\u00e1rmol es un dise\u00f1o lujoso y atemporal, perfectamente adecuado para los interiores elegantes de residencias de alta gama.<\/p>\n<p>Fabricado con m\u00e1rmol de alta calidad, a\u00f1ade sofisticaci\u00f3n y encanto a diversos espacios, como grandes salones, pasillos y comedores.<\/p>\n<p>Con un enfoque en la artesan\u00eda exquisita y el dise\u00f1o del patr\u00f3n de suelo de m\u00e1rmol, este medall\u00f3n de patr\u00f3n de suelo de m\u00e1rmol transforma cualquier suelo en un punto focal, combinando la est\u00e9tica cl\u00e1sica con la opulencia.<\/p>\n<h2><strong><b>Dise\u00f1o de suelos de m\u00e1rmol Esquema de colores y materiales<\/b><\/strong><\/h2>\n<p>El dise\u00f1o de este medall\u00f3n rectangular de m\u00e1rmol para suelo presenta una armoniosa mezcla de suave marfil y vibrantes, aunque sutiles, tonos florales.<\/p>\n<p>Esta paleta complementa cualquier decoraci\u00f3n interior, ofreciendo versatilidad a la vez que mantiene un aire de grandeza.<\/p>\n<p>El material de m\u00e1rmol utilizado es duradero y est\u00e1 pulido a la perfecci\u00f3n, lo que garantiza que el medall\u00f3n no s\u00f3lo ofrezca un valor est\u00e9tico, sino tambi\u00e9n una funcionalidad duradera.<\/p>\n<p>El m\u00e1rmol de alta calidad ofrece un acabado liso y brillante, con una variaci\u00f3n natural de patrones, que realza la elegancia general del espacio.<\/p>\n<h2><strong><b>Dise\u00f1o y estilo de incrustaciones de m\u00e1rmol<\/b><\/strong><\/h2>\n<p>El medall\u00f3n rectangular sigue un dise\u00f1o cl\u00e1sico de incrustaciones de m\u00e1rmol, caracterizado por sus patrones intrincados y sim\u00e9tricos.<\/p>\n<p>Su estilo es lujoso, noble y refinado, eco de la elegancia y la grandeza intemporales.<\/p>\n<p>El dise\u00f1o incluye detalladas volutas y motivos florales, meticulosamente elaborados para realzar el impacto visual del suelo.<\/p>\n<p>El medall\u00f3n se integra a la perfecci\u00f3n tanto en interiores tradicionales como contempor\u00e1neos, ofreciendo una sensaci\u00f3n de decoraci\u00f3n de alta gama con un toque de sofisticaci\u00f3n.<\/p>\n<h2><strong><b>Aplicaciones de <\/b><\/strong><strong><b>Medall\u00f3n rectangular con incrustaciones de m\u00e1rmol<\/b><\/strong><\/h2>\n<p>Este medall\u00f3n con incrustaciones de m\u00e1rmol es ideal para una gran variedad de espacios dentro de casas de lujo.<\/p>\n<p>Funciona excepcionalmente bien en el sal\u00f3n, sirviendo como un impresionante centro de mesa que atrae la atenci\u00f3n y la admiraci\u00f3n.<\/p>\n<p>Su elegante dise\u00f1o tambi\u00e9n lo hace perfecto para pasillos, creando un flujo continuo entre las diferentes secciones de la casa.<\/p>\n<p>En el comedor, el medall\u00f3n a\u00f1ade un toque de refinamiento, haciendo que el espacio parezca m\u00e1s regio y acogedor.<\/p>\n<p>La versatilidad de su dise\u00f1o le permite adaptarse a diferentes estilos de decoraci\u00f3n de interiores, ya sean cl\u00e1sicos o modernos.<\/p>\n<h2><strong><b>Personalizaci\u00f3n de <\/b><\/strong><strong><b>Medall\u00f3n rectangular con incrustaciones de m\u00e1rmol<\/b><\/strong><\/h2>\n<p>Nuestro medall\u00f3n rectangular de m\u00e1rmol ofrece opciones de personalizaci\u00f3n a medida, lo que permite a los clientes seleccionar colores, dise\u00f1os y acabados espec\u00edficos que se ajusten a su visi\u00f3n.<\/p>\n<p>Gracias a la avanzada tecnolog\u00eda de chorro de agua, el medall\u00f3n puede crearse con incrustaciones y detalles precisos, lo que garantiza un toque \u00fanico y personal.<\/p>\n<p>Tanto si prefiere una combinaci\u00f3n de piedras espec\u00edfica como si necesita un tama\u00f1o concreto que se adapte a su espacio, ofrecemos servicios a medida que cumplen sus especificaciones exactas.<\/p>\n<h2><strong><b>Impacto y efecto de <\/b><\/strong><strong><b>Medall\u00f3n rectangular con incrustaciones de m\u00e1rmol<\/b><\/strong><\/h2>\n<p>Este medall\u00f3n de m\u00e1rmol para el suelo es toda una declaraci\u00f3n de intenciones, que eleva al instante la est\u00e9tica general de cualquier habitaci\u00f3n.<\/p>\n<p>La combinaci\u00f3n de materiales de primera calidad, artesan\u00eda compleja y dise\u00f1o cuidado garantiza que el medall\u00f3n no s\u00f3lo realce la belleza del espacio, sino que tambi\u00e9n a\u00f1ada una sensaci\u00f3n de elegancia y prestigio.<\/p>\n<p>El efecto que crea es el de un lujo discreto, en el que cada detalle habla de los refinados gustos de su propietario.<\/p>\n<p>Incorporar un medall\u00f3n de incrustaciones de m\u00e1rmol a su hogar crea una impresi\u00f3n duradera, transformando un suelo corriente en una extraordinaria obra de arte.<\/p>","protected":false},"excerpt":{"rendered":"<p><strong><b>N\u00famero de art\u00edculo: <\/b><\/strong>FL5H002<\/p>\n<p><strong>Material:<\/strong>\u00a0M\u00e1rmol, piedra preciosa. (incrustaciones de m\u00e1rmol piso dise\u00f1o materiales pueden ser personalizados)<\/p>\n<p><strong>Tama\u00f1o:<\/strong>\u00a0Tama\u00f1o a medida (tama\u00f1o de dise\u00f1o de m\u00e1rmol personalizado)<\/p>\n<p><strong>Dise\u00f1o:<\/strong>\u00a0Suelo de m\u00e1rmol con incrustaciones est\u00e1ndar o dise\u00f1o de suelo de m\u00e1rmol con incrustaciones personalizado<\/p>\n<p><strong>Aplicaci\u00f3n:<\/strong>\u00a0Villas y casas de lujo, hoteles y complejos tur\u00edsticos, espacios comerciales,<\/p>\n<p>Espacios p\u00fablicos, Escaleras y pasillos, Entrada y vest\u00edbulo, Pietra Dura Art Floor,<\/p>\n<p>Clubes de alto nivel y clubes privados, salas de exposiciones y espacios de exhibici\u00f3n,<\/p>\n<p>Boutiques, Museo, Iglesia, Mezquita, etc.<\/p>","protected":false},"featured_media":1177,"template":"","meta":{"_joinchat":[]},"product_brand":[],"product_cat":[20],"product_tag":[],"class_list":{"0":"post-1137","1":"product","2":"type-product","3":"status-publish","4":"has-post-thumbnail","6":"product_cat-classic-marble-inlay-flooring","8":"first","9":"instock","10":"shipping-taxable","11":"product-type-simple"},"_links":{"self":[{"href":"https:\/\/www.smmarbleinlay.com\/es\/wp-json\/wp\/v2\/product\/1137","targetHints":{"allow":["GET"]}}],"collection":[{"href":"https:\/\/www.smmarbleinlay.com\/es\/wp-json\/wp\/v2\/product"}],"about":[{"href":"https:\/\/www.smmarbleinlay.com\/es\/wp-json\/wp\/v2\/types\/product"}],"wp:featuredmedia":[{"embeddable":true,"href":"https:\/\/www.smmarbleinlay.com\/es\/wp-json\/wp\/v2\/media\/1177"}],"wp:attachment":[{"href":"https:\/\/www.smmarbleinlay.com\/es\/wp-json\/wp\/v2\/media?parent=1137"}],"wp:term":[{"taxonomy":"product_brand","embeddable":true,"href":"https:\/\/www.smmarbleinlay.com\/es\/wp-json\/wp\/v2\/product_brand?post=1137"},{"taxonomy":"product_cat","embeddable":true,"href":"https:\/\/www.smmarbleinlay.com\/es\/wp-json\/wp\/v2\/product_cat?post=1137"},{"taxonomy":"product_tag","embeddable":true,"href":"https:\/\/www.smmarbleinlay.com\/es\/wp-json\/wp\/v2\/product_tag?post=1137"}],"curies":[{"name":"wp","href":"https:\/\/api.w.org\/{rel}","templated":true}]}}