{"id":1149,"date":"2025-03-24T15:49:47","date_gmt":"2025-03-24T07:49:47","guid":{"rendered":"https:\/\/www.smmarbleinlay.com\/?post_type=product&#038;p=1149"},"modified":"2025-04-09T16:56:21","modified_gmt":"2025-04-09T08:56:21","slug":"minimalist-marble-inlay-flooring-premium-marble-material-modern","status":"publish","type":"product","link":"https:\/\/www.smmarbleinlay.com\/es\/producto\/minimalist-marble-inlay-flooring-premium-marble-material-modern\/","title":{"rendered":"Minimalista Suelo de M\u00e1rmol con Incrustaciones Material de M\u00e1rmol Premium Moderno"},"content":{"rendered":"<h2><strong><b>Premium <\/b><\/strong><strong><b>Incrustaci\u00f3n de m\u00e1rmol <\/b><\/strong><strong><b>Material: Suelo minimalista con incrustaciones de m\u00e1rmol<\/b><\/strong><\/h2>\n<p>Suelo minimalista de marmol con incrustaciones material de marmol premium moderno es adecuado para interirors de lujo.<\/p>\n<p>Fabricado con m\u00e1rmol de alta calidad, este suelo garantiza durabilidad y un toque lujoso.<\/p>\n<p>La superficie de piedra natural no s\u00f3lo es elegante, sino tambi\u00e9n resistente al desgaste, por lo que resulta ideal para zonas muy transitadas.<\/p>\n<h2><strong><b>Sofisticada combinaci\u00f3n de colores<\/b><\/strong><\/h2>\n<p>El minimalista suelo con incrustaciones de m\u00e1rmol presenta una intemporal combinaci\u00f3n de colores en blanco y negro, que ofrece un atrevido contraste que realza cualquier espacio.<\/p>\n<p>Esta paleta cl\u00e1sica complementa varios estilos de interior, desde el contempor\u00e1neo al tradicional.<\/p>\n<h2><strong><b>Dise\u00f1o elegante<\/b><\/strong><\/h2>\n<p>El patr\u00f3n geom\u00e9trico circular a\u00f1ade una sensaci\u00f3n de ritmo y movimiento, creando un suelo visualmente atractivo.<\/p>\n<p>La precisi\u00f3n de las incrustaciones pone de relieve el trabajo artesanal, que hace de cada pieza una obra de arte.<\/p>\n<h2><strong><b>Aplicaciones vers\u00e1tiles<\/b><\/strong><\/h2>\n<p>Ideal para residencias de lujo, restaurantes de alta gama, hoteles boutique y cafeter\u00edas con estilo, este suelo de m\u00e1rmol con incrustaciones transforma los espacios con sofisticaci\u00f3n.<\/p>\n<p>Queda muy bien en entradas, salones y zonas de barra libre, a\u00f1adiendo car\u00e1cter y encanto.<\/p>","protected":false},"excerpt":{"rendered":"<p><strong>Dise\u00f1o moderno de suelos de m\u00e1rmol con incrustaciones<\/strong><\/p>\n<p><strong><b>N\u00famero de art\u00edculo: <\/b><\/strong>FLM4G001<\/p>\n<p><strong>Material:<\/strong>\u00a0M\u00e1rmol, piedra preciosa. (incrustaciones de m\u00e1rmol piso dise\u00f1o materiales pueden ser personalizados)<\/p>\n<p><strong>Tama\u00f1o:<\/strong>\u00a0Tama\u00f1o a medida (tama\u00f1o personalizado del dise\u00f1o del suelo con incrustaciones de m\u00e1rmol)<\/p>\n<p><strong>Dise\u00f1o:<\/strong>\u00a0Dise\u00f1o de suelo con incrustaciones de m\u00e1rmol est\u00e1ndar o personalizado<\/p>\n<p><strong>Aplicaci\u00f3n:<\/strong>\u00a0Villas y casas de lujo, hoteles y complejos tur\u00edsticos, espacios comerciales,<\/p>\n<p>Espacios p\u00fablicos, Escaleras y pasillos, Entrada y vest\u00edbulo, Pietra Dura Art Floor,<\/p>\n<p>Clubes de alto nivel y clubes privados, salas de exposiciones y espacios de exhibici\u00f3n,<\/p>\n<p>Boutiques, Museo, Iglesia, Mezquita, etc.<\/p>","protected":false},"featured_media":1849,"template":"","meta":{"_joinchat":[]},"product_brand":[],"product_cat":[21],"product_tag":[],"class_list":{"0":"post-1149","1":"product","2":"type-product","3":"status-publish","4":"has-post-thumbnail","6":"product_cat-contemporary-marble-inlay-flooring","8":"first","9":"instock","10":"shipping-taxable","11":"product-type-simple"},"_links":{"self":[{"href":"https:\/\/www.smmarbleinlay.com\/es\/wp-json\/wp\/v2\/product\/1149","targetHints":{"allow":["GET"]}}],"collection":[{"href":"https:\/\/www.smmarbleinlay.com\/es\/wp-json\/wp\/v2\/product"}],"about":[{"href":"https:\/\/www.smmarbleinlay.com\/es\/wp-json\/wp\/v2\/types\/product"}],"wp:featuredmedia":[{"embeddable":true,"href":"https:\/\/www.smmarbleinlay.com\/es\/wp-json\/wp\/v2\/media\/1849"}],"wp:attachment":[{"href":"https:\/\/www.smmarbleinlay.com\/es\/wp-json\/wp\/v2\/media?parent=1149"}],"wp:term":[{"taxonomy":"product_brand","embeddable":true,"href":"https:\/\/www.smmarbleinlay.com\/es\/wp-json\/wp\/v2\/product_brand?post=1149"},{"taxonomy":"product_cat","embeddable":true,"href":"https:\/\/www.smmarbleinlay.com\/es\/wp-json\/wp\/v2\/product_cat?post=1149"},{"taxonomy":"product_tag","embeddable":true,"href":"https:\/\/www.smmarbleinlay.com\/es\/wp-json\/wp\/v2\/product_tag?post=1149"}],"curies":[{"name":"wp","href":"https:\/\/api.w.org\/{rel}","templated":true}]}}