{"id":1189,"date":"2025-03-25T15:32:49","date_gmt":"2025-03-25T07:32:49","guid":{"rendered":"https:\/\/www.smmarbleinlay.com\/?post_type=product&#038;p=1189"},"modified":"2025-04-10T14:27:14","modified_gmt":"2025-04-10T06:27:14","slug":"rectangular-marble-inlay-flooring-medallion","status":"publish","type":"product","link":"https:\/\/www.smmarbleinlay.com\/es\/producto\/rectangular-marble-inlay-flooring-medallion\/","title":{"rendered":"Medall\u00f3n rectangular con incrustaciones de m\u00e1rmol para suelos"},"content":{"rendered":"<h2><strong>Medall\u00f3n rectangular con incrustaciones de m\u00e1rmol para suelos <\/strong><strong>Productos<\/strong><\/h2>\n<p>Este medall\u00f3n rectangular con incrustaciones de m\u00e1rmol encarna el lujo, la elegancia y la belleza atemporal.<\/p>\n<p>Su cl\u00e1sico dise\u00f1o de medall\u00f3n de m\u00e1rmol incrustado en el suelo es un testimonio de sofisticada artesan\u00eda y encaja a la perfecci\u00f3n en espacios interiores de alta gama.<\/p>\n<p>Ideal para grandes vest\u00edbulos, amplias entradas y prestigiosos comedores, este exquisito medall\u00f3n para suelos con incrustaciones de m\u00e1rmol sirve como impresionante punto focal en cualquier habitaci\u00f3n.<\/p>\n<p>Con su mezcla de colores vibrantes e intrincados detalles, este medall\u00f3n para suelos con incrustaciones de m\u00e1rmol est\u00e1 dise\u00f1ado para realzar la grandeza de lujosas viviendas residenciales.<\/p>\n<h2><strong>Combinaci\u00f3n de colores y materiales<\/strong><\/h2>\n<p>La paleta de colores de este medall\u00f3n rectangular para suelos con incrustaciones de m\u00e1rmol se ha seleccionado cuidadosamente para evocar una sensaci\u00f3n de opulencia y refinamiento.<\/p>\n<p>Los dorados intensos, los verdes profundos y los suaves tonos marfil se combinan armoniosamente con delicados toques rojos y florales, creando una atm\u00f3sfera sofisticada y majestuosa.<\/p>\n<p>El material de m\u00e1rmol es de la m\u00e1xima calidad, seleccionado por su durabilidad y acabado pulido.<\/p>\n<p>La suave superficie del medall\u00f3n para suelos con incrustaciones de m\u00e1rmol realza la belleza natural de la piedra, convirti\u00e9ndolo en una pieza central que irradia elegancia y longevidad.<\/p>\n<h2><strong>Medall\u00f3n rectangular con incrustaciones de m\u00e1rmol <\/strong><strong>Dise\u00f1o y estilo<\/strong><\/h2>\n<p>El medall\u00f3n rectangular muestra un dise\u00f1o cl\u00e1sico de incrustaciones de m\u00e1rmol, con intrincados motivos florales y volutas que irradian sofisticaci\u00f3n.<\/p>\n<p>Los patrones sim\u00e9tricos y las incrustaciones cuidadosamente colocadas son un sello de lujo atemporal, que ofrece tanto belleza est\u00e9tica como arte funcional.<\/p>\n<p>Su dise\u00f1o cl\u00e1sico garantiza que este medall\u00f3n de m\u00e1rmol complemente una amplia gama de lujosos interiores, desde los tradicionales a los contempor\u00e1neos, a\u00f1adiendo un toque de nobleza y refinamiento a cada espacio.<\/p>\n<h2><strong>Medall\u00f3n rectangular con incrustaciones de m\u00e1rmol <\/strong><strong>Aplicaciones<\/strong><\/h2>\n<h3>Este elegante medall\u00f3n de m\u00e1rmol est\u00e1 dise\u00f1ado para su uso en varias \u00e1reas clave de una casa de lujo, incluyendo:<\/h3>\n<ul>\n<li><strong>Pasillos y entradas<\/strong>: Sirviendo como impresionante entrada, este medall\u00f3n transforma cualquier pasillo en un espacio extraordinario lleno de calidez y grandeza.<\/li>\n<li><strong>Salones<\/strong>: Su dise\u00f1o refinado realza las zonas de estar, creando un punto focal en el suelo que une toda la decoraci\u00f3n de la habitaci\u00f3n.<\/li>\n<li><strong>Comedores<\/strong>: A\u00f1ada un toque de sofisticaci\u00f3n a su comedor, haciendo de cada comida un asunto real con la belleza y elegancia de este medall\u00f3n cl\u00e1sico.<\/li>\n<\/ul>\n<p>Su versatilidad y dise\u00f1o atemporal lo hacen adecuado para diversos espacios dentro de residencias de lujo, garantizando que complemente una amplia gama de estilos de interior.<\/p>\n<h2><strong>Dise\u00f1o de m\u00e1rmol a medida<\/strong><\/h2>\n<p>Este medall\u00f3n rectangular de m\u00e1rmol ofrece opciones de personalizaci\u00f3n para adaptarse a sus preferencias de dise\u00f1o espec\u00edficas.<\/p>\n<p>Tanto si desea ajustar el tama\u00f1o, seleccionar distintos colores de piedra o incorporar elementos personalizados al dise\u00f1o, nuestro servicio de dise\u00f1o de m\u00e1rmol a medida le garantiza un enfoque personalizado.<\/p>\n<p>La avanzada tecnolog\u00eda de corte por chorro de agua permite incrustaciones precisas y patrones detallados, garantizando que cada medall\u00f3n sea una obra de arte \u00fanica que se adapte perfectamente a su espacio y visi\u00f3n est\u00e9tica.<\/p>\n<h2><strong>Medall\u00f3n rectangular con incrustaciones de m\u00e1rmol <\/strong><strong>Impacto y efecto<\/strong><\/h2>\n<p>El medall\u00f3n rectangular de m\u00e1rmol incrustado tiene un poderoso impacto visual, transformando cualquier espacio en uno de grandeza y sofisticaci\u00f3n.<\/p>\n<p>La armoniosa paleta de colores, el intrincado dise\u00f1o y los materiales de primera calidad se unen para crear un espacio lujoso y acogedor.<\/p>\n<p>Ya sea colocado en un sal\u00f3n, un pasillo o un comedor, el medall\u00f3n eleva el ambiente general, atrayendo la atenci\u00f3n y la admiraci\u00f3n.<\/p>\n<p>El medall\u00f3n a\u00f1ade un toque distinguido a la habitaci\u00f3n, convirti\u00e9ndolo no s\u00f3lo en una pieza de suelo funcional, sino en una declaraci\u00f3n art\u00edstica que a\u00f1ade valor y belleza a su hogar.<\/p>\n<p>Con sus opciones de dise\u00f1o personalizado, su artesan\u00eda superior y su atractivo atemporal, este medall\u00f3n de m\u00e1rmol proporciona una impresi\u00f3n duradera de elegancia y estilo.<\/p>","protected":false},"excerpt":{"rendered":"<p><strong>N\u00famero de art\u00edculo: <\/strong>FL4G001<\/p>\n<p><strong>Material:<\/strong>\u00a0Mable, Piedra preciosa. (material puede ser personalizado)<\/p>\n<p><strong>Tama\u00f1o:<\/strong>\u00a0Tama\u00f1o a medida<\/p>\n<p><strong>Dise\u00f1o:<\/strong>\u00a0Dise\u00f1os est\u00e1ndar o personalizados<\/p>\n<p><strong>Aplicaci\u00f3n:<\/strong>\u00a0Villas y casas de lujo, hoteles y complejos tur\u00edsticos, espacios comerciales,<\/p>\n<p>Espacios p\u00fablicos, escaleras y pasillos, entradas y vest\u00edbulos,<\/p>\n<p>Clubes de alto nivel y clubes privados, salas de exposiciones y espacios de exhibici\u00f3n,<\/p>\n<p>Boutiques, Museo, Iglesia, Mezquita, etc.<\/p>","protected":false},"featured_media":1190,"template":"","meta":{"_joinchat":[]},"product_brand":[],"product_cat":[20],"product_tag":[],"class_list":{"0":"post-1189","1":"product","2":"type-product","3":"status-publish","4":"has-post-thumbnail","6":"product_cat-classic-marble-inlay-flooring","8":"first","9":"instock","10":"shipping-taxable","11":"product-type-simple"},"_links":{"self":[{"href":"https:\/\/www.smmarbleinlay.com\/es\/wp-json\/wp\/v2\/product\/1189","targetHints":{"allow":["GET"]}}],"collection":[{"href":"https:\/\/www.smmarbleinlay.com\/es\/wp-json\/wp\/v2\/product"}],"about":[{"href":"https:\/\/www.smmarbleinlay.com\/es\/wp-json\/wp\/v2\/types\/product"}],"wp:featuredmedia":[{"embeddable":true,"href":"https:\/\/www.smmarbleinlay.com\/es\/wp-json\/wp\/v2\/media\/1190"}],"wp:attachment":[{"href":"https:\/\/www.smmarbleinlay.com\/es\/wp-json\/wp\/v2\/media?parent=1189"}],"wp:term":[{"taxonomy":"product_brand","embeddable":true,"href":"https:\/\/www.smmarbleinlay.com\/es\/wp-json\/wp\/v2\/product_brand?post=1189"},{"taxonomy":"product_cat","embeddable":true,"href":"https:\/\/www.smmarbleinlay.com\/es\/wp-json\/wp\/v2\/product_cat?post=1189"},{"taxonomy":"product_tag","embeddable":true,"href":"https:\/\/www.smmarbleinlay.com\/es\/wp-json\/wp\/v2\/product_tag?post=1189"}],"curies":[{"name":"wp","href":"https:\/\/api.w.org\/{rel}","templated":true}]}}