{"id":1192,"date":"2025-03-25T15:38:48","date_gmt":"2025-03-25T07:38:48","guid":{"rendered":"https:\/\/www.smmarbleinlay.com\/?post_type=product&#038;p=1192"},"modified":"2025-04-10T14:21:52","modified_gmt":"2025-04-10T06:21:52","slug":"marble-inlay-medallion-flooring-for-luxury-villa","status":"publish","type":"product","link":"https:\/\/www.smmarbleinlay.com\/es\/producto\/marble-inlay-medallion-flooring-for-luxury-villa\/","title":{"rendered":"Suelos con incrustaciones de m\u00e1rmol ovalado para chalets de lujo"},"content":{"rendered":"<h2><strong>Suelos con incrustaciones de m\u00e1rmol ovalado para chalets de lujo<\/strong> <strong>Productos<\/strong><\/h2>\n<p>El suelo de medall\u00f3n ovalado con incrustaciones de m\u00e1rmol es una obra maestra del dise\u00f1o cl\u00e1sico y el lujo, meticulosamente elaborada para a\u00f1adir un toque extraordinario a su hogar.<\/p>\n<p>Este suelo medall\u00f3n es ideal para espacios destacados como entradas, vest\u00edbulos y escaleras, donde la primera impresi\u00f3n es la que cuenta.<\/p>\n<p>El elegante dise\u00f1o de los suelos medall\u00f3n y su impecable elaboraci\u00f3n transforman cualquier espacio en una zona sofisticada, creando un llamativo punto focal que habla del estilo y el prestigio de su hogar.<\/p>\n<h2><strong>Combinaci\u00f3n de colores y materiales<\/strong><\/h2>\n<p>Este impresionante suelo de medall\u00f3n de m\u00e1rmol ovalado est\u00e1 dise\u00f1ado con una mezcla de tonos ricos y c\u00e1lidos que realzan su lujoso atractivo.<\/p>\n<p>Con tonos crema, dorados y sutiles toques terrosos, combina a la perfecci\u00f3n tanto con la decoraci\u00f3n tradicional como con la contempor\u00e1nea.<\/p>\n<p>El m\u00e1rmol utilizado en el medall\u00f3n es de alta calidad, lo que garantiza su durabilidad a la vez que mantiene un exquisito acabado pulido que resalta la belleza natural de la piedra.<\/p>\n<p>La suave textura y los intrincados dibujos del dise\u00f1o realzan a\u00fan m\u00e1s la elegancia del medall\u00f3n.<\/p>\n<h2><strong>Dise\u00f1o y estilo de los suelos cl\u00e1sicos con incrustaciones de m\u00e1rmol<\/strong><\/h2>\n<p>El medall\u00f3n oval presenta un dise\u00f1o cl\u00e1sico de incrustaciones de mosaico que combina la elegancia atemporal con un toque moderno.<\/p>\n<p>Los ornamentos florales, los motivos en volutas y las l\u00edneas sim\u00e9tricas aportan armon\u00eda al espacio.<\/p>\n<p>Los lujosos bordes y los delicados detalles realzan a\u00fan m\u00e1s el aspecto majestuoso del medall\u00f3n.<\/p>\n<p>El dise\u00f1o general encierra sofisticaci\u00f3n, lo que la convierte en una pieza que complementa una amplia variedad de interiores.<\/p>\n<p>A\u00f1ade un toque majestuoso a cualquier habitaci\u00f3n, exudando un aire de nobleza y gusto refinado.<\/p>\n<h2><strong>Aplicaciones de los medallones con incrustaciones de m\u00e1rmol<\/strong><\/h2>\n<h3>Este medall\u00f3n ovalado con incrustaciones de m\u00e1rmol es ideal para:<\/h3>\n<ul>\n<li><strong>Entradas<\/strong>: Situado como pieza central en la entrada, este medall\u00f3n crea una impresi\u00f3n inmediata de elegancia y sofisticaci\u00f3n nada m\u00e1s entrar en el espacio.<\/li>\n<li><strong>Foyers<\/strong>: El vest\u00edbulo es a menudo la primera zona que ven los invitados, y este medall\u00f3n a\u00f1ade un toque perfecto de lujo, dando la bienvenida a los visitantes con su intrincado y refinado dise\u00f1o.<\/li>\n<li><strong>Escaleras<\/strong>: Ya sea colocado en la base o en la parte superior de una escalera, este impresionante medall\u00f3n crea un flujo continuo de una zona a otra, a\u00f1adiendo grandeza a todo el espacio.<\/li>\n<\/ul>\n<p>Su dise\u00f1o vers\u00e1til tambi\u00e9n se adapta a otros espacios de primera calidad, como salones de lujo, comedores formales y vest\u00edbulos.<\/p>\n<h2><strong>Dise\u00f1o de m\u00e1rmol a medida<\/strong><\/h2>\n<p>Ofrecemos un servicio a medida para este medall\u00f3n de m\u00e1rmol ovalado, lo que permite a los clientes personalizar el dise\u00f1o seg\u00fan su estilo y necesidades \u00fanicos.<\/p>\n<p>Tanto si prefiere una paleta de colores diferente, tipos de piedra espec\u00edficos o dise\u00f1os personalizados, nuestro servicio de dise\u00f1o de m\u00e1rmol a medida garantiza que su visi\u00f3n cobre vida.<\/p>\n<p>Con la m\u00e1s moderna tecnolog\u00eda de corte por chorro de agua, garantizamos la m\u00e1xima precisi\u00f3n en cada incrustaci\u00f3n, asegurando que su medall\u00f3n de m\u00e1rmol sea a la vez un complemento funcional y art\u00edstico para su hogar.<\/p>\n<h2><strong>Marble Inlay Medallion Impacto y efecto<\/strong><\/h2>\n<p>El medall\u00f3n ovalado de m\u00e1rmol incrustado crea un impacto visual impactante, convirti\u00e9ndolo no s\u00f3lo en un elemento del suelo, sino en un elemento clave de la habitaci\u00f3n.<\/p>\n<p>La combinaci\u00f3n de materiales nobles, dise\u00f1o lujoso y atenci\u00f3n al detalle da como resultado un efecto impresionante que eleva la atm\u00f3sfera del espacio.<\/p>\n<p>Atrae la mirada y crea una sensaci\u00f3n de opulencia y encanto, convirtiendo los suelos ordinarios en obras de arte.<\/p>\n<p>Ya sea colocado en una entrada, vest\u00edbulo o escalera, este medall\u00f3n a\u00f1ade un nivel inigualable de elegancia y grandeza a su hogar.<\/p>\n<p>Desde medallones de azulejos para la entrada hasta un centro de mesa de m\u00e1rmol para el vest\u00edbulo, este medall\u00f3n es una sofisticada opci\u00f3n de dise\u00f1o que transforma su hogar en una aut\u00e9ntica obra maestra.<\/p>","protected":false},"excerpt":{"rendered":"<p><strong>N\u00famero de art\u00edculo: <\/strong>FL5H003<\/p>\n<p><strong>Material:<\/strong>\u00a0Mable, Piedra preciosa. (material puede ser personalizado)<\/p>\n<p><strong>Tama\u00f1o:<\/strong>\u00a0Tama\u00f1o a medida<\/p>\n<p><strong>Dise\u00f1o:<\/strong>\u00a0Dise\u00f1os est\u00e1ndar o personalizados<\/p>\n<p><strong>Aplicaci\u00f3n:<\/strong>\u00a0Villas y casas de lujo, hoteles y complejos tur\u00edsticos, espacios comerciales,<\/p>\n<p>Espacios p\u00fablicos, escaleras y pasillos, entradas y vest\u00edbulos,<\/p>\n<p>Clubes de alto nivel y clubes privados, salas de exposiciones y espacios de exhibici\u00f3n,<\/p>\n<p>Boutiques, Museo, Iglesia, Mezquita, etc.<\/p>","protected":false},"featured_media":1193,"template":"","meta":{"_joinchat":[]},"product_brand":[],"product_cat":[20],"product_tag":[],"class_list":{"0":"post-1192","1":"product","2":"type-product","3":"status-publish","4":"has-post-thumbnail","6":"product_cat-classic-marble-inlay-flooring","8":"first","9":"instock","10":"shipping-taxable","11":"product-type-simple"},"_links":{"self":[{"href":"https:\/\/www.smmarbleinlay.com\/es\/wp-json\/wp\/v2\/product\/1192","targetHints":{"allow":["GET"]}}],"collection":[{"href":"https:\/\/www.smmarbleinlay.com\/es\/wp-json\/wp\/v2\/product"}],"about":[{"href":"https:\/\/www.smmarbleinlay.com\/es\/wp-json\/wp\/v2\/types\/product"}],"wp:featuredmedia":[{"embeddable":true,"href":"https:\/\/www.smmarbleinlay.com\/es\/wp-json\/wp\/v2\/media\/1193"}],"wp:attachment":[{"href":"https:\/\/www.smmarbleinlay.com\/es\/wp-json\/wp\/v2\/media?parent=1192"}],"wp:term":[{"taxonomy":"product_brand","embeddable":true,"href":"https:\/\/www.smmarbleinlay.com\/es\/wp-json\/wp\/v2\/product_brand?post=1192"},{"taxonomy":"product_cat","embeddable":true,"href":"https:\/\/www.smmarbleinlay.com\/es\/wp-json\/wp\/v2\/product_cat?post=1192"},{"taxonomy":"product_tag","embeddable":true,"href":"https:\/\/www.smmarbleinlay.com\/es\/wp-json\/wp\/v2\/product_tag?post=1192"}],"curies":[{"name":"wp","href":"https:\/\/api.w.org\/{rel}","templated":true}]}}