{"id":1195,"date":"2025-03-25T15:46:30","date_gmt":"2025-03-25T07:46:30","guid":{"rendered":"https:\/\/www.smmarbleinlay.com\/?post_type=product&#038;p=1195"},"modified":"2025-04-10T12:47:09","modified_gmt":"2025-04-10T04:47:09","slug":"tile-medallions-floor-marble-inlay-for-high-end-spaces","status":"publish","type":"product","link":"https:\/\/www.smmarbleinlay.com\/es\/producto\/tile-medallions-floor-marble-inlay-for-high-end-spaces\/","title":{"rendered":"Medallones de azulejos Incrustaci\u00f3n de m\u00e1rmol en el suelo Para espacios de alta gama"},"content":{"rendered":"<h2><strong>Medallones de baldosas de m\u00e1rmol incrustaciones de suelo para pasillo<\/strong>\u00a0<strong>Productos<\/strong><\/h2>\n<p>El medall\u00f3n rectangular con incrustaciones de m\u00e1rmol del suelo de medallones de azulejos es una exquisita pieza de arte que aporta elegancia y sofisticaci\u00f3n a cualquier espacio lujoso.<\/p>\n<p>Su dise\u00f1o cl\u00e1sico de suelo con medallones de azulejos, combinado con lujosas incrustaciones de m\u00e1rmol, lo hace ideal para realzar la est\u00e9tica de vest\u00edbulos, pasillos y salones.<\/p>\n<p>Este suelo de medallones de baldosas sirve tanto de elemento funcional como de llamativa pieza central visual, elevando la decoraci\u00f3n general de cualquier habitaci\u00f3n con su belleza atemporal y su intrincada artesan\u00eda.<\/p>\n<h2><strong>Baldosas Medallones Suelo <\/strong><strong>Suelos con incrustaciones de m\u00e1rmol Combinaci\u00f3n de colores y materiales<\/strong><\/h2>\n<p>Este impresionante suelo rectangular de medallones de baldosas de m\u00e1rmol presenta una paleta de colores refinada y armoniosa.<\/p>\n<p>Tonos c\u00e1lidos de crema, beige y dorado suave se acent\u00faan con sutiles toques de verdes y marrones intensos, creando un ambiente lujoso y acogedor.<\/p>\n<p>El m\u00e1rmol utilizado es de la m\u00e1xima calidad, seleccionado por su durabilidad y su capacidad para lograr un acabado liso y brillante.<\/p>\n<p>Cada pieza se corta y pule meticulosamente para revelar la belleza natural de la piedra, garantizando que el medall\u00f3n a\u00f1ada lujo y longevidad al suelo.<\/p>\n<h2><strong>Dise\u00f1o y estilo de suelos con incrustaciones de m\u00e1rmol<\/strong><\/h2>\n<p>El dise\u00f1o de este medall\u00f3n rectangular de m\u00e1rmol combina la elegancia cl\u00e1sica con intrincados detalles.<\/p>\n<p>Con delicados motivos florales, elegantes curvas y patrones sim\u00e9tricos, exhibe las mejores cualidades del arte de la incrustaci\u00f3n en mosaico.<\/p>\n<p>La simetr\u00eda y fluidez del dise\u00f1o crean una sensaci\u00f3n de armon\u00eda y grandeza en el espacio.<\/p>\n<p>El refinado estilo de este medall\u00f3n de piedra complementa a la perfecci\u00f3n diversos temas de decoraci\u00f3n de interiores, desde el lujo tradicional al moderno, a\u00f1adiendo un toque noble a cada rinc\u00f3n de la habitaci\u00f3n.<\/p>\n<h2><strong>Aplicaciones de los suelos con incrustaciones de m\u00e1rmol<\/strong><\/h2>\n<h3>Este vers\u00e1til medall\u00f3n rectangular con incrustaciones de m\u00e1rmol es perfecto para varias zonas de una casa de lujo:<\/h3>\n<ul>\n<li>Pasillos y corredores: Su forma alargada es ideal para crear un camino visualmente impactante, llamando la atenci\u00f3n sobre la belleza del suelo al pasar de una habitaci\u00f3n a otra.<\/li>\n<li>Salones: Como sofisticado punto focal, el medall\u00f3n a\u00f1ade un aire de grandeza al sal\u00f3n, convirti\u00e9ndose en una elegante pieza central que realza el dise\u00f1o general.<\/li>\n<li>Entradas: En las entradas, este medall\u00f3n proporciona una lujosa bienvenida a los invitados, creando una impresi\u00f3n instant\u00e1nea de estilo y refinamiento.<\/li>\n<\/ul>\n<p>Su versatilidad de dise\u00f1o y colocaci\u00f3n lo convierten en una opci\u00f3n ideal para m\u00faltiples \u00e1reas, ya sea en un sal\u00f3n formal, un vest\u00edbulo o un pasillo.<\/p>\n<h2><strong>Dise\u00f1o de suelos de m\u00e1rmol a medida<\/strong><\/h2>\n<p>Ofrecemos un servicio de dise\u00f1o de m\u00e1rmol personalizado para garantizar que este medall\u00f3n rectangular se adapte perfectamente a su estilo y preferencias \u00fanicos.<\/p>\n<p>Si desea colores, dise\u00f1os o tama\u00f1os espec\u00edficos, nuestro equipo trabajar\u00e1 con usted para crear un medall\u00f3n de piedra a medida que cumpla exactamente sus requisitos.<\/p>\n<p>La avanzada tecnolog\u00eda de chorro de agua garantiza la precisi\u00f3n en cada detalle, creando una incrustaci\u00f3n de suelo impecable que se integra a la perfecci\u00f3n en su espacio.<\/p>\n<p>La flexibilidad de nuestro servicio de dise\u00f1o personalizado le permite a\u00f1adir toques personales, haciendo que el medall\u00f3n sea verdaderamente suyo.<\/p>\n<h2><strong>Marble Inlay Flooring Impacto y efecto<\/strong><\/h2>\n<p>Este medall\u00f3n rectangular con incrustaciones de m\u00e1rmol crea un innegable impacto visual en cualquier estancia.<\/p>\n<p>Su intrincado dise\u00f1o, sus lujosos materiales y su atractivo atemporal garantizan que ser\u00e1 un elemento cautivador dondequiera que se coloque.<\/p>\n<p>Ya sea en un pasillo, un sal\u00f3n o una entrada, aporta sofisticaci\u00f3n y elegancia al espacio, transformando el suelo en una obra de arte.<\/p>\n<p>La belleza del dise\u00f1o de las incrustaciones de mosaico, combinada con la riqueza del m\u00e1rmol, a\u00f1ade un toque de opulencia y refinamiento, haciendo que cualquier estancia resulte m\u00e1s acogedora y distinguida.<\/p>\n<p>Desde medallones para baldosas de entrada hasta incrustaciones para suelos, este medall\u00f3n rectangular de m\u00e1rmol ofrece una soluci\u00f3n refinada y elegante para los interiores de casas de lujo.<\/p>\n<p>Su dise\u00f1o, artesan\u00eda y opciones de personalizaci\u00f3n garantizan que seguir\u00e1 siendo un impresionante punto focal en los a\u00f1os venideros.<\/p>","protected":false},"excerpt":{"rendered":"<p><strong>N\u00famero de art\u00edculo:<\/strong>FL3F001<\/p>\n<p><strong>Material:<\/strong>\u00a0M\u00e1rmol, piedra preciosa. (incrustaciones de m\u00e1rmol piso dise\u00f1o materiales pueden ser personalizados)<\/p>\n<p><strong>Tama\u00f1o:<\/strong>\u00a0Tama\u00f1o a medida (tama\u00f1o de dise\u00f1o de m\u00e1rmol personalizado)<\/p>\n<p><strong>Dise\u00f1o:<\/strong>\u00a0Suelo de m\u00e1rmol con incrustaciones est\u00e1ndar o dise\u00f1o de suelo de m\u00e1rmol con incrustaciones personalizado<\/p>\n<p><strong>Aplicaci\u00f3n:<\/strong>\u00a0Villas y casas de lujo, hoteles y complejos tur\u00edsticos, espacios comerciales,<\/p>\n<p>Espacios p\u00fablicos, Escaleras y pasillos, Entrada y vest\u00edbulo, Pietra Dura Art Floor,<\/p>\n<p>Clubes de alto nivel y clubes privados, salas de exposiciones y espacios de exhibici\u00f3n,<\/p>\n<p>Boutiques, Museo, Iglesia, Mezquita, etc.<\/p>","protected":false},"featured_media":1196,"template":"","meta":{"_joinchat":[]},"product_brand":[],"product_cat":[20],"product_tag":[],"class_list":{"0":"post-1195","1":"product","2":"type-product","3":"status-publish","4":"has-post-thumbnail","6":"product_cat-classic-marble-inlay-flooring","8":"first","9":"instock","10":"shipping-taxable","11":"product-type-simple"},"_links":{"self":[{"href":"https:\/\/www.smmarbleinlay.com\/es\/wp-json\/wp\/v2\/product\/1195","targetHints":{"allow":["GET"]}}],"collection":[{"href":"https:\/\/www.smmarbleinlay.com\/es\/wp-json\/wp\/v2\/product"}],"about":[{"href":"https:\/\/www.smmarbleinlay.com\/es\/wp-json\/wp\/v2\/types\/product"}],"wp:featuredmedia":[{"embeddable":true,"href":"https:\/\/www.smmarbleinlay.com\/es\/wp-json\/wp\/v2\/media\/1196"}],"wp:attachment":[{"href":"https:\/\/www.smmarbleinlay.com\/es\/wp-json\/wp\/v2\/media?parent=1195"}],"wp:term":[{"taxonomy":"product_brand","embeddable":true,"href":"https:\/\/www.smmarbleinlay.com\/es\/wp-json\/wp\/v2\/product_brand?post=1195"},{"taxonomy":"product_cat","embeddable":true,"href":"https:\/\/www.smmarbleinlay.com\/es\/wp-json\/wp\/v2\/product_cat?post=1195"},{"taxonomy":"product_tag","embeddable":true,"href":"https:\/\/www.smmarbleinlay.com\/es\/wp-json\/wp\/v2\/product_tag?post=1195"}],"curies":[{"name":"wp","href":"https:\/\/api.w.org\/{rel}","templated":true}]}}