{"id":1202,"date":"2025-03-25T16:00:53","date_gmt":"2025-03-25T08:00:53","guid":{"rendered":"https:\/\/www.smmarbleinlay.com\/?post_type=product&#038;p=1202"},"modified":"2025-04-10T11:57:50","modified_gmt":"2025-04-10T03:57:50","slug":"marble-mosaic-floor-marble-inlay-medallion-for-luxury-space","status":"publish","type":"product","link":"https:\/\/www.smmarbleinlay.com\/es\/producto\/marble-mosaic-floor-marble-inlay-medallion-for-luxury-space\/","title":{"rendered":"Suelo de mosaico de m\u00e1rmol Medall\u00f3n con incrustaciones de m\u00e1rmol para espacios de lujo"},"content":{"rendered":"<h2><strong>Suelo de mosaico de m\u00e1rmol Suelo con incrustaciones de m\u00e1rmol Paleta de colores elegantes<\/strong><\/h2>\n<p>Este medall\u00f3n de suelo de mosaico de m\u00e1rmol con incrustaciones de m\u00e1rmol est\u00e1 elaborado con una sofisticada combinaci\u00f3n de colores que irradia elegancia y lujo.<\/p>\n<p>La base del suelo de mosaico de m\u00e1rmol crema suave proporciona un tel\u00f3n de fondo perfecto para los intrincados motivos florales, mientras que la delicada combinaci\u00f3n de m\u00e1rmol rosa pastel, m\u00e1rmol amarillo dorado y m\u00e1rmol verde suave aporta vitalidad y calidez al suelo.<\/p>\n<p>El uso de ricos acentos dorados en todo el dise\u00f1o del suelo de mosaico de m\u00e1rmol realza su opulencia, creando una sensaci\u00f3n de grandeza y sofisticaci\u00f3n que eleva todo el espacio.<\/p>\n<h2><strong>Suelo de mosaico de m\u00e1rmol <\/strong><strong>Suelos con incrustaciones de m\u00e1rmol Patr\u00f3n y dise\u00f1o intrincados<\/strong><\/h2>\n<p>El dise\u00f1o de medall\u00f3n de suelo de mosaico de m\u00e1rmol presenta una est\u00e9tica cl\u00e1sica e intemporal con un bello e intrincado patr\u00f3n de incrustaciones.<\/p>\n<p>Elementos florales fluidos, delicadas volutas y formas sim\u00e9tricas se integran a la perfecci\u00f3n en el dise\u00f1o general.<\/p>\n<p>El medall\u00f3n central del suelo de mosaico de m\u00e1rmol muestra un detallado motivo circular rodeado de bordes ornamentados, en los que destaca un experto trabajo de marqueter\u00eda.<\/p>\n<p>Este dise\u00f1o de incrustaci\u00f3n de suelo de mosaico de m\u00e1rmol a\u00f1ade un toque refinado al suelo, convirti\u00e9ndolo en un elemento destacado en cualquier habitaci\u00f3n.<\/p>\n<p>La atenci\u00f3n al detalle en el dise\u00f1o garantiza que cada rinc\u00f3n del medall\u00f3n irradie sofisticaci\u00f3n y estilo.<\/p>\n<h2><strong>Suelos con incrustaciones de m\u00e1rmol perfectos para espacios lujosos<\/strong><\/h2>\n<h3>Este suelo con incrustaciones de mosaico de m\u00e1rmol es ideal para espacios residenciales de alta gama que requieren tanto belleza como durabilidad.<\/h3>\n<p>El medall\u00f3n del suelo funciona perfectamente en:<\/p>\n<ul>\n<li><strong>Salones<\/strong>: Sirve de gran centro de atenci\u00f3n, llamando la atenci\u00f3n y realzando la elegancia del espacio.<\/li>\n<li><strong>Pasillos y corredores<\/strong>: Este dise\u00f1o de suelo puede transformar vest\u00edbulos largos y estrechos en lujosos pasillos que fluyen maravillosamente de una zona a otra.<\/li>\n<li><strong>Entradas<\/strong>: Su dise\u00f1o detallado y refinado lo convierte en la opci\u00f3n de suelo perfecta para crear una entrada acogedora y lujosa que deje una impresi\u00f3n duradera en los invitados.<\/li>\n<\/ul>\n<h2><strong>Suelo de mosaico de m\u00e1rmol Suelo con incrustaciones de m\u00e1rmol Dise\u00f1o duradero y atemporal<\/strong><\/h2>\n<p>Este suelo de incrustaciones de mosaico de m\u00e1rmol est\u00e1 fabricado con m\u00e1rmol de alta calidad, lo que garantiza su durabilidad y un acabado pulido que durar\u00e1 a\u00f1os.<\/p>\n<p>El m\u00e1rmol cl\u00e1sico utilizado en el dise\u00f1o mantiene su aspecto pr\u00edstino, a\u00f1adiendo un atractivo atemporal a cualquier interior.<\/p>\n<p>El trabajo de incrustaci\u00f3n, creado mediante t\u00e9cnicas avanzadas, garantiza que el medall\u00f3n seguir\u00e1 siendo el centro de atenci\u00f3n de la habitaci\u00f3n durante muchos a\u00f1os, ya que su belleza y estilo nunca pasan de moda.<\/p>\n<h2><strong>Flexibilidad y personalizaci\u00f3n del dise\u00f1o de suelos con incrustaciones de m\u00e1rmol<\/strong><\/h2>\n<p>Para quienes deseen un toque \u00fanico, este dise\u00f1o de medall\u00f3n puede personalizarse por completo.<\/p>\n<p>Si desea ajustar la paleta de colores, incorporar distintos tipos de m\u00e1rmol o modificar el dibujo para adaptarlo a su estilo espec\u00edfico, le ofrecemos soluciones a medida.<\/p>\n<p>Esta flexibilidad le permite integrar este dise\u00f1o de incrustaci\u00f3n de m\u00e1rmol a la perfecci\u00f3n en el interior de su hogar, garantizando un aspecto cohesivo y a medida que realza la belleza de sus suelos.<\/p>\n<p>Con su impresionante paleta de colores, su intrincado dise\u00f1o de incrustaciones y su versatilidad de aplicaci\u00f3n, este medall\u00f3n de m\u00e1rmol para suelos es la elecci\u00f3n perfecta para los propietarios de viviendas que deseen hacer una declaraci\u00f3n de lujo y sofisticaci\u00f3n.<\/p>","protected":false},"excerpt":{"rendered":"<p><strong>N\u00famero de art\u00edculo: <\/strong>FL6I001<\/p>\n<p><strong>Material:<\/strong>\u00a0Mable, Piedra preciosa. (material puede ser personalizado)<\/p>\n<p><strong>Tama\u00f1o:<\/strong>\u00a0Tama\u00f1o a medida<\/p>\n<p><strong>Dise\u00f1o:<\/strong>\u00a0Dise\u00f1os est\u00e1ndar o personalizados<\/p>\n<p><strong>Aplicaci\u00f3n:<\/strong>\u00a0Villas y casas de lujo, hoteles y complejos tur\u00edsticos, espacios comerciales,<\/p>\n<p>Espacios p\u00fablicos, escaleras y pasillos, entradas y vest\u00edbulos,<\/p>\n<p>Clubes de alto nivel y clubes privados, salas de exposiciones y espacios de exhibici\u00f3n,<\/p>\n<p>Boutiques, Museo, Iglesia, Mezquita, etc.<\/p>","protected":false},"featured_media":1203,"template":"","meta":{"_joinchat":[]},"product_brand":[],"product_cat":[20],"product_tag":[],"class_list":{"0":"post-1202","1":"product","2":"type-product","3":"status-publish","4":"has-post-thumbnail","6":"product_cat-classic-marble-inlay-flooring","8":"first","9":"instock","10":"shipping-taxable","11":"product-type-simple"},"_links":{"self":[{"href":"https:\/\/www.smmarbleinlay.com\/es\/wp-json\/wp\/v2\/product\/1202","targetHints":{"allow":["GET"]}}],"collection":[{"href":"https:\/\/www.smmarbleinlay.com\/es\/wp-json\/wp\/v2\/product"}],"about":[{"href":"https:\/\/www.smmarbleinlay.com\/es\/wp-json\/wp\/v2\/types\/product"}],"wp:featuredmedia":[{"embeddable":true,"href":"https:\/\/www.smmarbleinlay.com\/es\/wp-json\/wp\/v2\/media\/1203"}],"wp:attachment":[{"href":"https:\/\/www.smmarbleinlay.com\/es\/wp-json\/wp\/v2\/media?parent=1202"}],"wp:term":[{"taxonomy":"product_brand","embeddable":true,"href":"https:\/\/www.smmarbleinlay.com\/es\/wp-json\/wp\/v2\/product_brand?post=1202"},{"taxonomy":"product_cat","embeddable":true,"href":"https:\/\/www.smmarbleinlay.com\/es\/wp-json\/wp\/v2\/product_cat?post=1202"},{"taxonomy":"product_tag","embeddable":true,"href":"https:\/\/www.smmarbleinlay.com\/es\/wp-json\/wp\/v2\/product_tag?post=1202"}],"curies":[{"name":"wp","href":"https:\/\/api.w.org\/{rel}","templated":true}]}}