{"id":1205,"date":"2025-03-25T16:06:39","date_gmt":"2025-03-25T08:06:39","guid":{"rendered":"https:\/\/www.smmarbleinlay.com\/?post_type=product&#038;p=1205"},"modified":"2025-04-10T11:03:39","modified_gmt":"2025-04-10T03:03:39","slug":"marble-foyer-marble-inlay-flooring-gourd-koi-fish-design","status":"publish","type":"product","link":"https:\/\/www.smmarbleinlay.com\/es\/producto\/marble-foyer-marble-inlay-flooring-gourd-koi-fish-design\/","title":{"rendered":"M\u00e1rmol Foyer Marble Inlay Flooring - Dise\u00f1o Calabaza y Pez Koi"},"content":{"rendered":"<h2><strong>Vest\u00edbulo de m\u00e1rmol Suelos de m\u00e1rmol Paleta de colores simb\u00f3licos<\/strong><\/h2>\n<p>Este suelo de m\u00e1rmol con incrustaciones para el vest\u00edbulo presenta un dise\u00f1o bellamente elaborado centrado en el simbolismo auspicioso.<\/p>\n<p>Los colores primarios del vest\u00edbulo de m\u00e1rmol incluyen tonos vibrantes de negro, dorado, rojo y verde, combinados con marfil y azules suaves.<\/p>\n<p>Los ricos tonos rojos y dorados representan la prosperidad, la riqueza y la felicidad, mientras que los tonos verdes y marfil invocan la paz y la tranquilidad.<\/p>\n<p>Juntos, estos colores crean un vest\u00edbulo de m\u00e1rmol de est\u00e9tica elegante y armoniosa, haciendo que el dise\u00f1o tenga sentido y resulte visualmente cautivador.<\/p>\n<h2><strong>Vest\u00edbulo de m\u00e1rmol Suelos de m\u00e1rmol Dise\u00f1o de patr\u00f3n simb\u00f3lico<\/strong><\/h2>\n<p>El dise\u00f1o de este medall\u00f3n de incrustaci\u00f3n de m\u00e1rmol para vest\u00edbulo se inspira en el simbolismo tradicional y los motivos auspiciosos.<\/p>\n<p>La imagen central muestra una calabaza, que representa las bendiciones y la buena fortuna (\"\u798f\u7984\" o \"bendiciones y riqueza\"), un s\u00edmbolo popular en la cultura china.<\/p>\n<p>Alrededor de la calabaza, el dise\u00f1o incluye peces koi y peces de colores, que simbolizan la abundancia, el \u00e9xito y la frase \"\u5e74\u5e74\u6709\u4f59\" (\"excedente a\u00f1o tras a\u00f1o\").<\/p>\n<p>Estos elementos se unen para transmitir una sensaci\u00f3n de prosperidad y riqueza continuada, haciendo de este suelo un complemento significativo y afortunado para cualquier hogar.<\/p>\n<p>Las intrincadas incrustaciones de m\u00e1rmol del vest\u00edbulo ponen de relieve una artesan\u00eda experta, con los peces koi y dorados dise\u00f1ados con detalles vibrantes que dan vida a la composici\u00f3n general.<\/p>\n<p>Este dise\u00f1o de recibidor en m\u00e1rmol no s\u00f3lo sirve como pieza decorativa, sino tambi\u00e9n como s\u00edmbolo de buena suerte y fortuna, realzando las cualidades espirituales y est\u00e9ticas del espacio.<\/p>\n<h2><strong>Aplicaciones del suelo de m\u00e1rmol para interiores de lujo<\/strong><\/h2>\n<p>Este suelo de m\u00e1rmol con incrustaciones de m\u00e1rmol para vest\u00edbulos es perfecto para una gran variedad de espacios, especialmente aquellos en los que se desea un aura de lujo y significado:<\/p>\n<ul>\n<li><strong>Entradas<\/strong>: Los s\u00edmbolos auspiciosos lo hacen ideal para entradas y recibidores, estableciendo un tono positivo para cualquiera que entre en casa y dando la bienvenida a los invitados con prosperidad y buena fortuna.<\/li>\n<li><strong>Salones<\/strong>: En el sal\u00f3n, el dise\u00f1o del medall\u00f3n se convierte en un punto focal que realza la grandeza del espacio, convirti\u00e9ndolo no s\u00f3lo en una declaraci\u00f3n art\u00edstica, sino tambi\u00e9n en una fuente de energ\u00eda positiva.<\/li>\n<li><strong>Pasillos y vest\u00edbulos<\/strong>: El dise\u00f1o puede transformar largos pasillos en caminos visualmente impactantes y llenos de significado, fomentando una sensaci\u00f3n de armon\u00eda y bienestar en toda la casa.<\/li>\n<\/ul>\n<h2><strong>Suelos de m\u00e1rmol Dise\u00f1o personalizable para su hogar<\/strong><\/h2>\n<p>Este medall\u00f3n de m\u00e1rmol con incrustaciones para vest\u00edbulo ofrece la oportunidad de personalizarlo, permiti\u00e9ndole modificar colores, dise\u00f1os y tama\u00f1os para adaptarlo a su espacio y est\u00e9tica espec\u00edficos.<\/p>\n<p>Tanto si desea integrar otros elementos simb\u00f3licos como ajustar el dise\u00f1o a su gusto personal, nuestros medallones a medida y dise\u00f1os de suelos de m\u00e1rmol ofrecen la flexibilidad necesaria para crear una obra de arte \u00fanica y personalizada.<\/p>\n<p>Gracias a la avanzada tecnolog\u00eda de dise\u00f1o por chorro de agua, garantizamos un trabajo de incrustaci\u00f3n preciso y de alta calidad, dando vida a su visi\u00f3n con un detalle impecable.<\/p>\n<h2><strong>Suelos de m\u00e1rmol Durabilidad y atractivo atemporal<\/strong><\/h2>\n<p>Fabricado con m\u00e1rmol de primera calidad, este suelo est\u00e1 dise\u00f1ado para durar, proporcionando belleza y durabilidad durante a\u00f1os.<\/p>\n<p>Su dise\u00f1o atemporal garantiza que siga siendo relevante, manteniendo su lujoso atractivo independientemente de los cambios de tendencia.<\/p>\n<p>El dise\u00f1o del suelo de baldosas de m\u00e1rmol, combinado con el rico simbolismo, crea un equilibrio perfecto entre estilo y funcionalidad.<\/p>\n<p>Este dise\u00f1o de suelo con incrustaciones de m\u00e1rmol es ideal para quienes buscan realzar sus espacios interiores con elegancia, lujo y significado.<\/p>\n<p>El tema simb\u00f3lico de la calabaza y el pez koi no s\u00f3lo aporta belleza, sino tambi\u00e9n una sensaci\u00f3n de prosperidad y buena fortuna a su hogar.<\/p>","protected":false},"excerpt":{"rendered":"<p><strong>N\u00famero de art\u00edculo: <\/strong>FL4G002<\/p>\n<p><strong>Material:<\/strong>\u00a0M\u00e1rmol, piedra preciosa. (incrustaciones de m\u00e1rmol piso dise\u00f1o materiales pueden ser personalizados)<\/p>\n<p><strong>Tama\u00f1o:<\/strong>\u00a0Tama\u00f1o a medida (tama\u00f1o de dise\u00f1o de m\u00e1rmol personalizado)<\/p>\n<p><strong>Dise\u00f1o:<\/strong>\u00a0Suelo de m\u00e1rmol con incrustaciones est\u00e1ndar o dise\u00f1o de suelo de m\u00e1rmol con incrustaciones personalizado<\/p>\n<p><strong>Aplicaci\u00f3n:<\/strong>\u00a0Villas y casas de lujo, hoteles y complejos tur\u00edsticos, espacios comerciales,<\/p>\n<p>Espacios p\u00fablicos, Escaleras y pasillos, Entrada y vest\u00edbulo, Pietra Dura Art Floor,<\/p>\n<p>Clubes de alto nivel y clubes privados, salas de exposiciones y espacios de exhibici\u00f3n,<\/p>\n<p>Boutiques, Museo, Iglesia, Mezquita, etc.<\/p>","protected":false},"featured_media":1206,"template":"","meta":{"_joinchat":[]},"product_brand":[],"product_cat":[20],"product_tag":[],"class_list":{"0":"post-1205","1":"product","2":"type-product","3":"status-publish","4":"has-post-thumbnail","6":"product_cat-classic-marble-inlay-flooring","8":"first","9":"instock","10":"shipping-taxable","11":"product-type-simple"},"_links":{"self":[{"href":"https:\/\/www.smmarbleinlay.com\/es\/wp-json\/wp\/v2\/product\/1205","targetHints":{"allow":["GET"]}}],"collection":[{"href":"https:\/\/www.smmarbleinlay.com\/es\/wp-json\/wp\/v2\/product"}],"about":[{"href":"https:\/\/www.smmarbleinlay.com\/es\/wp-json\/wp\/v2\/types\/product"}],"wp:featuredmedia":[{"embeddable":true,"href":"https:\/\/www.smmarbleinlay.com\/es\/wp-json\/wp\/v2\/media\/1206"}],"wp:attachment":[{"href":"https:\/\/www.smmarbleinlay.com\/es\/wp-json\/wp\/v2\/media?parent=1205"}],"wp:term":[{"taxonomy":"product_brand","embeddable":true,"href":"https:\/\/www.smmarbleinlay.com\/es\/wp-json\/wp\/v2\/product_brand?post=1205"},{"taxonomy":"product_cat","embeddable":true,"href":"https:\/\/www.smmarbleinlay.com\/es\/wp-json\/wp\/v2\/product_cat?post=1205"},{"taxonomy":"product_tag","embeddable":true,"href":"https:\/\/www.smmarbleinlay.com\/es\/wp-json\/wp\/v2\/product_tag?post=1205"}],"curies":[{"name":"wp","href":"https:\/\/api.w.org\/{rel}","templated":true}]}}