{"id":1208,"date":"2025-03-25T16:15:38","date_gmt":"2025-03-25T08:15:38","guid":{"rendered":"https:\/\/www.smmarbleinlay.com\/?post_type=product&#038;p=1208"},"modified":"2025-04-10T10:29:51","modified_gmt":"2025-04-10T02:29:51","slug":"exquisite-marble-inlay-flooring-marble-hallway","status":"publish","type":"product","link":"https:\/\/www.smmarbleinlay.com\/es\/producto\/exquisite-marble-inlay-flooring-marble-hallway\/","title":{"rendered":"Exquisito suelo con incrustaciones de m\u00e1rmol Pasillo de m\u00e1rmol"},"content":{"rendered":"<h2>Pavimento cl\u00e1sico de m\u00e1rmol con incrustaciones para pasillo o entrada de m\u00e1rmol<\/h2>\n<p>Esta obra maestra del pasillo de m\u00e1rmol con tarima de m\u00e1rmol ejemplifica la elegancia atemporal del arte de Pietra dure, aportando sofisticaci\u00f3n a interiores de alta gama como villas de lujo, hoteles y espacios boutique.<\/p>\n<p>Elaborado a partir de m\u00e1rmol natural de primera calidad, este dise\u00f1o de suelo de m\u00e1rmol con incrustaciones para pasillos integra delicados patrones de incrustaciones y una armoniosa paleta de colores para elevar cualquier gran vest\u00edbulo, entrada o recibidor.<\/p>\n<h2>Material y artesan\u00eda de m\u00e1rmol de lujo<\/h2>\n<p>El suelo de m\u00e1rmol para pasillos con incrustaciones de m\u00e1rmol presenta una selecci\u00f3n de m\u00e1rmol de alta calidad, meticulosamente cortado e incrustado utilizando tecnolog\u00eda avanzada de chorro de agua para lograr detalles precisos.<\/p>\n<p>Los medallones de baldosas de m\u00e1rmol y los intrincados dise\u00f1os de los bordes muestran una fusi\u00f3n de motivos florales y geom\u00e9tricos, que recuerdan la est\u00e9tica cl\u00e1sica europea.<\/p>\n<h2>Exquisita paleta de colores y dise\u00f1o de suelos con incrustaciones de m\u00e1rmol<\/h2>\n<p>Este dise\u00f1o de m\u00e1rmol incorpora una base de color blanco cremoso que realza la sensaci\u00f3n de espacio y luminosidad.<\/p>\n<p>El borde est\u00e1 adornado con detalles en tonos c\u00e1lidos, como dorados, verdes y rojos, que crean un aspecto opulento pero equilibrado.<\/p>\n<p>La sutil incrustaci\u00f3n de motivos florales enredadera a\u00f1ade refinamiento art\u00edstico, convirti\u00e9ndola en una aut\u00e9ntica obra de arte.<\/p>\n<h2>Aplicaciones y ambientes de los exquisitos suelos con incrustaciones de m\u00e1rmol<\/h2>\n<p>Este suelo con incrustaciones de m\u00e1rmol es ideal para:<\/p>\n<ul>\n<li>Residencias y villas de lujo - Elevaci\u00f3n de grandes entradas, vest\u00edbulos y pasillos.<\/li>\n<li>Hoteles de cinco estrellas: a\u00f1aden un toque majestuoso a vest\u00edbulos y zonas de recepci\u00f3n.<\/li>\n<li>Tiendas boutique y salas de exposici\u00f3n - Creaci\u00f3n de un ambiente sofisticado para espacios comerciales de gama alta.<\/li>\n<li>Interiores palaciegos - Mejora de espacios que exigen elegancia a medida.<\/li>\n<\/ul>\n<p>Con su intrincada est\u00e9tica de suelo medall\u00f3n y su impecable artesan\u00eda, este dise\u00f1o transforma cualquier espacio en una declaraci\u00f3n de grandeza y refinamiento.<\/p>\n<p>Tanto si se coloca en un vest\u00edbulo de m\u00e1rmol como en un medall\u00f3n de azulejos de entrada, esta pieza irradia lujo y exclusividad.<\/p>","protected":false},"excerpt":{"rendered":"<p><strong>N\u00famero de art\u00edculo: <\/strong>FL4G003<\/p>\n<p><strong>Material:<\/strong>\u00a0Mable, Piedra preciosa. (material puede ser personalizado)<\/p>\n<p><strong>Tama\u00f1o:<\/strong>\u00a0Tama\u00f1o a medida<\/p>\n<p><strong>Dise\u00f1o:<\/strong>\u00a0Dise\u00f1os est\u00e1ndar o personalizados<\/p>\n<p><strong>Aplicaci\u00f3n:<\/strong>\u00a0Villas y casas de lujo, hoteles y complejos tur\u00edsticos, espacios comerciales,<\/p>\n<p>Espacios p\u00fablicos, escaleras y pasillos, entradas y vest\u00edbulos,<\/p>\n<p>Clubes de alto nivel y clubes privados, salas de exposiciones y espacios de exhibici\u00f3n,<\/p>\n<p>Boutiques, Museo, Iglesia, Mezquita, etc.<\/p>","protected":false},"featured_media":1209,"template":"","meta":{"_joinchat":[]},"product_brand":[],"product_cat":[20],"product_tag":[],"class_list":{"0":"post-1208","1":"product","2":"type-product","3":"status-publish","4":"has-post-thumbnail","6":"product_cat-classic-marble-inlay-flooring","8":"first","9":"instock","10":"shipping-taxable","11":"product-type-simple"},"_links":{"self":[{"href":"https:\/\/www.smmarbleinlay.com\/es\/wp-json\/wp\/v2\/product\/1208","targetHints":{"allow":["GET"]}}],"collection":[{"href":"https:\/\/www.smmarbleinlay.com\/es\/wp-json\/wp\/v2\/product"}],"about":[{"href":"https:\/\/www.smmarbleinlay.com\/es\/wp-json\/wp\/v2\/types\/product"}],"wp:featuredmedia":[{"embeddable":true,"href":"https:\/\/www.smmarbleinlay.com\/es\/wp-json\/wp\/v2\/media\/1209"}],"wp:attachment":[{"href":"https:\/\/www.smmarbleinlay.com\/es\/wp-json\/wp\/v2\/media?parent=1208"}],"wp:term":[{"taxonomy":"product_brand","embeddable":true,"href":"https:\/\/www.smmarbleinlay.com\/es\/wp-json\/wp\/v2\/product_brand?post=1208"},{"taxonomy":"product_cat","embeddable":true,"href":"https:\/\/www.smmarbleinlay.com\/es\/wp-json\/wp\/v2\/product_cat?post=1208"},{"taxonomy":"product_tag","embeddable":true,"href":"https:\/\/www.smmarbleinlay.com\/es\/wp-json\/wp\/v2\/product_tag?post=1208"}],"curies":[{"name":"wp","href":"https:\/\/api.w.org\/{rel}","templated":true}]}}