{"id":1211,"date":"2025-03-25T16:37:40","date_gmt":"2025-03-25T08:37:40","guid":{"rendered":"https:\/\/www.smmarbleinlay.com\/?post_type=product&#038;p=1211"},"modified":"2025-04-10T10:26:12","modified_gmt":"2025-04-10T02:26:12","slug":"luxurious-inlaid-marble-flooring-square-medallion","status":"publish","type":"product","link":"https:\/\/www.smmarbleinlay.com\/es\/producto\/luxurious-inlaid-marble-flooring-square-medallion\/","title":{"rendered":"Lujoso suelo de m\u00e1rmol con incrustaciones Medall\u00f3n cuadrado"},"content":{"rendered":"<h2>Marqueter\u00eda de M\u00e1rmol Medall\u00f3n Cuadrado Para Espacios de Lujo<\/h2>\n<p>Este dise\u00f1o de medall\u00f3n de piedra para suelos de m\u00e1rmol con incrustaciones es una verdadera declaraci\u00f3n de lujo y sofisticaci\u00f3n, meticulosamente elaborado para realzar la grandeza de los espacios vitales de alta gama.<\/p>\n<p>Con un exquisito dise\u00f1o de medall\u00f3n de piedra para suelos de m\u00e1rmol con incrustaciones, esta pieza de dise\u00f1o de m\u00e1rmol personalizada encarna el arte del m\u00e1rmol con incrustaciones, lo que la convierte en la elecci\u00f3n perfecta para residencias opulentas, vest\u00edbulos de grandes hoteles y lujosos salones.<\/p>\n<h2>Lujosos suelos de m\u00e1rmol con incrustaciones Material y artesan\u00eda<\/h2>\n<p>Fabricado con el mejor m\u00e1rmol natural, este dise\u00f1o de incrustaci\u00f3n de m\u00e1rmol se produce utilizando la m\u00e1s moderna tecnolog\u00eda de corte por chorro de agua, lo que garantiza la precisi\u00f3n en cada detalle.<\/p>\n<p>El trabajo de incrustaci\u00f3n sin costuras muestra la destreza de h\u00e1biles artesanos, combinando est\u00e9tica y durabilidad.<\/p>\n<h2>Lujosos suelos de m\u00e1rmol con incrustaciones Paleta de colores y est\u00e9tica del dise\u00f1o<\/h2>\n<p>El suelo presenta una base de m\u00e1rmol blanco cremoso, que ilumina el espacio y crea un ambiente lujoso.<\/p>\n<p>El dise\u00f1o se acent\u00faa con elegantes tonos dorados, burdeos y verdes terrosos, que forman intrincados motivos florales y volutas.<\/p>\n<p>Un rico borde de m\u00e1rmol con tonos contrastados enmarca el dise\u00f1o, realzando su regio atractivo.<\/p>\n<p>El medall\u00f3n sim\u00e9trico de m\u00e1rmol del suelo en el centro sirve de punto focal, a\u00f1adiendo profundidad y grandeza al espacio.<\/p>\n<h2>Lujoso suelo de m\u00e1rmol con incrustaciones de dise\u00f1o art\u00edstico<\/h2>\n<h3>Este dise\u00f1o de suelo con incrustaciones de m\u00e1rmol se inspira en motivos cl\u00e1sicos europeos, combinando volutas florales de estilo barroco con simetr\u00eda geom\u00e9trica.<\/h3>\n<p>La disposici\u00f3n de los espejos en cuatro direcciones garantiza un flujo armonioso, haciendo que el suelo parezca una intrincada alfombra tejida con m\u00e1rmol.<\/p>\n<p>Las finas curvas y florituras reflejan el delicado arte de la Pietra dure, creando un elegante ritmo visual que realza la grandeza de cualquier interior.<\/p>\n<p>El medall\u00f3n central est\u00e1 sutilmente definido, integr\u00e1ndose a la perfecci\u00f3n con los motivos circundantes para mantener una est\u00e9tica equilibrada y lujosa.<\/p>\n<p>El borde ornamentado sirve a la vez de marco y de transici\u00f3n, asegurando que el dise\u00f1o destaque a la vez que complementa los elementos arquitect\u00f3nicos generales del espacio.<\/p>\n<h2>Lujosos suelos de m\u00e1rmol con incrustaciones Aplicaciones y espacios ideales<\/h2>\n<h3>Este sofisticado suelo con incrustaciones de m\u00e1rmol es ideal para:<\/h3>\n<ul>\n<li>Villas y mansiones de lujo: salones, vest\u00edbulos y pasillos elevados.<\/li>\n<li>Hoteles y palacios de prestigio: a\u00f1aden un toque de elegancia atemporal a vest\u00edbulos y suites.<\/li>\n<li>Tiendas boutique y showrooms de dise\u00f1o: crean un ambiente de exclusividad y sofisticaci\u00f3n.<\/li>\n<li>Salones de banquetes y oficinas de gama alta - Proporcionan una base majestuosa para interiores elegantes.<\/li>\n<\/ul>\n<h2>Lujosos suelos de m\u00e1rmol con incrustaciones Customizaci\u00f3n y personalizaci\u00f3n<\/h2>\n<p>Stone Master ofrece opciones totalmente personalizables, que permiten a los clientes elegir entre una gran variedad de tipos, colores, dise\u00f1os y tama\u00f1os de m\u00e1rmol para adaptarse a su visi\u00f3n del dise\u00f1o.<\/p>\n<p>Nuestro experto equipo de dise\u00f1o ofrece soluciones personalizadas de dise\u00f1o de incrustaciones de m\u00e1rmol, garantizando que cada proyecto refleje el estilo y las preferencias \u00fanicas del cliente.<\/p>\n<p>Con su artesan\u00eda sin igual y sus lujosos detalles, este medall\u00f3n de m\u00e1rmol de suelo transforma cualquier espacio en una obra maestra de refinada elegancia.<\/p>","protected":false},"excerpt":{"rendered":"<p><strong>N\u00famero de art\u00edculo: <\/strong>FL5H005<\/p>\n<p><strong>Material:<\/strong>\u00a0M\u00e1rmol, piedra preciosa. (incrustaciones de m\u00e1rmol piso dise\u00f1o materiales pueden ser personalizados)<\/p>\n<p><strong>Tama\u00f1o:<\/strong>\u00a0Tama\u00f1o a medida (tama\u00f1o de dise\u00f1o de m\u00e1rmol personalizado)<\/p>\n<p><strong>Dise\u00f1o:<\/strong>\u00a0Suelo de m\u00e1rmol con incrustaciones est\u00e1ndar o dise\u00f1o de suelo de m\u00e1rmol con incrustaciones personalizado<\/p>\n<p><strong>Aplicaci\u00f3n:<\/strong>\u00a0Villas y casas de lujo, hoteles y complejos tur\u00edsticos, espacios comerciales,<\/p>\n<p>Espacios p\u00fablicos, Escaleras y pasillos, Entrada y vest\u00edbulo, Pietra Dura Art Floor,<\/p>\n<p>Clubes de alto nivel y clubes privados, salas de exposiciones y espacios de exhibici\u00f3n,<\/p>\n<p>Boutiques, Museo, Iglesia, Mezquita, etc.<\/p>","protected":false},"featured_media":1212,"template":"","meta":{"_joinchat":[]},"product_brand":[],"product_cat":[20],"product_tag":[],"class_list":{"0":"post-1211","1":"product","2":"type-product","3":"status-publish","4":"has-post-thumbnail","6":"product_cat-classic-marble-inlay-flooring","8":"first","9":"instock","10":"shipping-taxable","11":"product-type-simple"},"_links":{"self":[{"href":"https:\/\/www.smmarbleinlay.com\/es\/wp-json\/wp\/v2\/product\/1211","targetHints":{"allow":["GET"]}}],"collection":[{"href":"https:\/\/www.smmarbleinlay.com\/es\/wp-json\/wp\/v2\/product"}],"about":[{"href":"https:\/\/www.smmarbleinlay.com\/es\/wp-json\/wp\/v2\/types\/product"}],"wp:featuredmedia":[{"embeddable":true,"href":"https:\/\/www.smmarbleinlay.com\/es\/wp-json\/wp\/v2\/media\/1212"}],"wp:attachment":[{"href":"https:\/\/www.smmarbleinlay.com\/es\/wp-json\/wp\/v2\/media?parent=1211"}],"wp:term":[{"taxonomy":"product_brand","embeddable":true,"href":"https:\/\/www.smmarbleinlay.com\/es\/wp-json\/wp\/v2\/product_brand?post=1211"},{"taxonomy":"product_cat","embeddable":true,"href":"https:\/\/www.smmarbleinlay.com\/es\/wp-json\/wp\/v2\/product_cat?post=1211"},{"taxonomy":"product_tag","embeddable":true,"href":"https:\/\/www.smmarbleinlay.com\/es\/wp-json\/wp\/v2\/product_tag?post=1211"}],"curies":[{"name":"wp","href":"https:\/\/api.w.org\/{rel}","templated":true}]}}