{"id":1214,"date":"2025-03-25T16:41:34","date_gmt":"2025-03-25T08:41:34","guid":{"rendered":"https:\/\/www.smmarbleinlay.com\/?post_type=product&#038;p=1214"},"modified":"2025-04-10T10:22:32","modified_gmt":"2025-04-10T02:22:32","slug":"rectangular-stone-medallion-marble-inlay","status":"publish","type":"product","link":"https:\/\/www.smmarbleinlay.com\/es\/producto\/rectangular-stone-medallion-marble-inlay\/","title":{"rendered":"Elegante medall\u00f3n rectangular de piedra con incrustaciones de m\u00e1rmol"},"content":{"rendered":"<h2>Medall\u00f3n de piedra rectangular Incrustaci\u00f3n de m\u00e1rmol Suelos para interiores de lujo<\/h2>\n<p>Se trata de un Medall\u00f3n de Piedra Incrustaci\u00f3n de M\u00e1rmol Pisos de Dise\u00f1o o Pietra Dure Arte M\u00e1rmol Incrustaci\u00f3n de Pisos.<\/p>\n<p>Este dise\u00f1o de suelo con incrustaciones de m\u00e1rmol en medall\u00f3n de piedra encarna la sofisticaci\u00f3n y la elegancia atemporal, perfectamente adecuadas para espacios residenciales y comerciales de gama alta.<\/p>\n<p>El intrincado dise\u00f1o del suelo con incrustaciones de m\u00e1rmol en forma de medall\u00f3n de piedra y su refinada est\u00e9tica hacen de este medall\u00f3n rectangular una opci\u00f3n de suelo de primera calidad, que a\u00f1ade un toque majestuoso a cualquier interior.<\/p>\n<h2>Material y artesan\u00eda de la tarima rectangular con incrustaciones de m\u00e1rmol<\/h2>\n<p>Elaborado con el mejor m\u00e1rmol natural, este dise\u00f1o presenta un preciso trabajo de incrustaci\u00f3n de medallones de m\u00e1rmol mediante avanzadas t\u00e9cnicas de corte por chorro de agua.<\/p>\n<p>La suave y perfecta integraci\u00f3n de los distintos tonos de m\u00e1rmol pone de relieve la meticulosa artesan\u00eda y la durabilidad del suelo.<\/p>\n<h2>Pisos rectangulares con incrustaciones de m\u00e1rmol Paleta de colores y est\u00e9tica del dise\u00f1o<\/h2>\n<p>El suelo presenta una base de m\u00e1rmol beige cremoso, que proporciona un ambiente c\u00e1lido y acogedor.<\/p>\n<p>Un delicado entramado de rombos se perfila elegantemente con finos toques dorados, creando una sensaci\u00f3n de orden y armon\u00eda.<\/p>\n<p>El dise\u00f1o est\u00e1 encerrado en un borde ricamente decorado, que incorpora c\u00e1lidos tonos dorados, \u00e1mbar y marrones en intrincados motivos florales y volutas.<\/p>\n<p>Este contraste a\u00f1ade profundidad y sofisticaci\u00f3n, haciendo del suelo una mezcla perfecta de lujo cl\u00e1sico y moderno.<\/p>\n<h2>Dise\u00f1o art\u00edstico de tarima rectangular con incrustaciones de m\u00e1rmol<\/h2>\n<p>Este dise\u00f1o de m\u00e1rmol a medida se inspira en la elegancia neocl\u00e1sica europea, incorporando simetr\u00eda, refinamiento y detalles intrincados.<\/p>\n<p>El efecto de medall\u00f3n en el suelo dentro del marco rectangular garantiza una fluidez visual perfecta, por lo que es una opci\u00f3n ideal tanto para interiores tradicionales como contempor\u00e1neos.<\/p>\n<p>La delicada interacci\u00f3n de precisi\u00f3n geom\u00e9trica y floritura art\u00edstica realza la grandeza del espacio, ofreciendo una sensaci\u00f3n de exclusividad y prestigio.<\/p>\n<h2>Aplicaciones y espacios ideales de la tarima rectangular con incrustaciones de m\u00e1rmol<\/h2>\n<h3>Este suelo rectangular con incrustaciones de m\u00e1rmol es ideal para:<\/h3>\n<ul>\n<li>Salones y salas de estar de lujo: realzar el ambiente con refinada elegancia.<\/li>\n<li>Vest\u00edbulos de hoteles y suites VIP - Creaci\u00f3n de un ambiente acogedor y opulento.<\/li>\n<li>Grandes vest\u00edbulos y halls de entrada: causar una impresi\u00f3n duradera con una est\u00e9tica sofisticada.<\/li>\n<li>Oficinas ejecutivas y espacios comerciales de gama alta - Elevaci\u00f3n de la decoraci\u00f3n general con un atractivo atemporal.<\/li>\n<\/ul>\n<h2>Personalizaci\u00f3n de suelos rectangulares con incrustaciones de m\u00e1rmol<\/h2>\n<p>Stone Master ofrece soluciones totalmente personalizables, que permiten a los clientes adaptar sus suelos con medallones de incrustaciones de m\u00e1rmol a sus preferencias de dise\u00f1o espec\u00edficas.<\/p>\n<p>Las opciones incluyen variaciones en los tipos de m\u00e1rmol, combinaciones de colores, detalles de patrones y ajustes de tama\u00f1o para complementar cualquier visi\u00f3n arquitect\u00f3nica.<\/p>\n<p>Este dise\u00f1o de m\u00e1rmol a medida integra a la perfecci\u00f3n la excelencia art\u00edstica con una artesan\u00eda superior, transformando cualquier espacio en una obra maestra de lujo y elegancia.<\/p>","protected":false},"excerpt":{"rendered":"<p><strong>N\u00famero de art\u00edculo: <\/strong>FL4G004<\/p>\n<p><strong>Material:<\/strong>\u00a0M\u00e1rmol, piedra preciosa. (incrustaciones de m\u00e1rmol piso dise\u00f1o materiales pueden ser personalizados)<\/p>\n<p><strong>Tama\u00f1o:<\/strong>\u00a0Tama\u00f1o a medida (tama\u00f1o de dise\u00f1o de m\u00e1rmol personalizado)<\/p>\n<p><strong>Dise\u00f1o:<\/strong>\u00a0Suelo de m\u00e1rmol con incrustaciones est\u00e1ndar o dise\u00f1o de suelo de m\u00e1rmol con incrustaciones personalizado<\/p>\n<p><strong>Aplicaci\u00f3n:<\/strong>\u00a0Villas y casas de lujo, hoteles y complejos tur\u00edsticos, espacios comerciales,<\/p>\n<p>Espacios p\u00fablicos, Escaleras y pasillos, Entrada y vest\u00edbulo, Pietra Dura Art Floor,<\/p>\n<p>Clubes de alto nivel y clubes privados, salas de exposiciones y espacios de exhibici\u00f3n,<\/p>\n<p>Boutiques, Museo, Iglesia, Mezquita, etc.<\/p>","protected":false},"featured_media":1215,"template":"","meta":{"_joinchat":[]},"product_brand":[],"product_cat":[20],"product_tag":[],"class_list":{"0":"post-1214","1":"product","2":"type-product","3":"status-publish","4":"has-post-thumbnail","6":"product_cat-classic-marble-inlay-flooring","8":"first","9":"instock","10":"shipping-taxable","11":"product-type-simple"},"_links":{"self":[{"href":"https:\/\/www.smmarbleinlay.com\/es\/wp-json\/wp\/v2\/product\/1214","targetHints":{"allow":["GET"]}}],"collection":[{"href":"https:\/\/www.smmarbleinlay.com\/es\/wp-json\/wp\/v2\/product"}],"about":[{"href":"https:\/\/www.smmarbleinlay.com\/es\/wp-json\/wp\/v2\/types\/product"}],"wp:featuredmedia":[{"embeddable":true,"href":"https:\/\/www.smmarbleinlay.com\/es\/wp-json\/wp\/v2\/media\/1215"}],"wp:attachment":[{"href":"https:\/\/www.smmarbleinlay.com\/es\/wp-json\/wp\/v2\/media?parent=1214"}],"wp:term":[{"taxonomy":"product_brand","embeddable":true,"href":"https:\/\/www.smmarbleinlay.com\/es\/wp-json\/wp\/v2\/product_brand?post=1214"},{"taxonomy":"product_cat","embeddable":true,"href":"https:\/\/www.smmarbleinlay.com\/es\/wp-json\/wp\/v2\/product_cat?post=1214"},{"taxonomy":"product_tag","embeddable":true,"href":"https:\/\/www.smmarbleinlay.com\/es\/wp-json\/wp\/v2\/product_tag?post=1214"}],"curies":[{"name":"wp","href":"https:\/\/api.w.org\/{rel}","templated":true}]}}