{"id":1217,"date":"2025-03-25T16:44:53","date_gmt":"2025-03-25T08:44:53","guid":{"rendered":"https:\/\/www.smmarbleinlay.com\/?post_type=product&#038;p=1217"},"modified":"2025-04-10T10:18:20","modified_gmt":"2025-04-10T02:18:20","slug":"mosaic-carpet-medallion-marble-inlay-flooring","status":"publish","type":"product","link":"https:\/\/www.smmarbleinlay.com\/es\/producto\/mosaic-carpet-medallion-marble-inlay-flooring\/","title":{"rendered":"Lujo Mosaico Alfombra Medall\u00f3n M\u00e1rmol Incrustaci\u00f3n Pisos"},"content":{"rendered":"<h2>Lujo Mosaico Alfombra Medall\u00f3n M\u00e1rmol Incrustaci\u00f3n Suelos Material &amp; Artesan\u00eda<\/h2>\n<p>Esta impresionante alfombra de mosaico con incrustaciones de m\u00e1rmol en forma de medall\u00f3n est\u00e1 fabricada con m\u00e1rmol de alta calidad, lo que garantiza su durabilidad y su atractivo atemporal.<\/p>\n<p>Los intrincados dise\u00f1os de suelos de taracea de m\u00e1rmol con medall\u00f3n de alfombra de mosaico muestran el fino arte de la taracea en m\u00e1rmol, una t\u00e9cnica que combina la piedra natural con la artesan\u00eda de precisi\u00f3n.<\/p>\n<p>La superficie pulida de los suelos de incrustaciones de m\u00e1rmol con medall\u00f3n de alfombra de mosaico realza la belleza natural del m\u00e1rmol, haci\u00e9ndolo a la vez elegante y duradero.<\/p>\n<h2>Paleta de colores y dise\u00f1o del suelo de m\u00e1rmol cl\u00e1sico<\/h2>\n<p>El suelo de mosaico de dise\u00f1o cl\u00e1sico de m\u00e1rmol presenta una armoniosa mezcla de c\u00e1lidos tonos dorados, rojo intenso y beige suave, que crean una est\u00e9tica opulenta.<\/p>\n<p>Los detallados motivos florales y ornamentales a\u00f1aden una sensaci\u00f3n de grandeza, haciendo que este dise\u00f1o de mosaico de m\u00e1rmol personalizado sea perfecto para espacios lujosos.<\/p>\n<p>Los dise\u00f1os de suelos con medallones de mosaico de m\u00e1rmol incorporan motivos tradicionales que destilan sofisticaci\u00f3n y herencia.<\/p>\n<h2>Aplicaciones ideales para interiores de gama alta<\/h2>\n<h3>Este medall\u00f3n de m\u00e1rmol es una opci\u00f3n ideal para una variedad de entornos de lujo, incluyendo:<\/h3>\n<ul>\n<li>Vest\u00edbulos de hoteles y grandes entradas: mejore la primera impresi\u00f3n con un llamativo punto focal.<\/li>\n<li>Villas y mansiones de lujo: a\u00f1aden un toque aristocr\u00e1tico a grandes vest\u00edbulos y salones de baile.<\/li>\n<li>Salones de banquetes y \u00e1reas de recepci\u00f3n - Creaci\u00f3n de un ambiente majestuoso para eventos de prestigio.<\/li>\n<li>Palacios y clubes de alto nivel - Elevar el interior con elegancia y lujo intemporales.<\/li>\n<\/ul>\n<h2>Personalizaci\u00f3n de suelos de m\u00e1rmol y servicios de dise\u00f1o a medida<\/h2>\n<p>En Stone Master, ofrecemos servicios de dise\u00f1o de m\u00e1rmol personalizados para adaptar los patrones, colores y materiales de las incrustaciones a su visi\u00f3n est\u00e9tica \u00fanica.<\/p>\n<p>Gracias a la avanzada tecnolog\u00eda de corte por chorro de agua combinada con las t\u00e9cnicas tradicionales de acabado a mano, nos aseguramos de que cada pieza se elabore con precisi\u00f3n y excelencia art\u00edstica.<\/p>\n<p>Tanto si desea un dise\u00f1o de suelo de m\u00e1rmol a medida para una residencia privada como para un proyecto a gran escala, nuestro equipo puede dar vida a su visi\u00f3n con una artesan\u00eda sin igual.<\/p>\n<p>Realce su espacio con el lujo de las incrustaciones de m\u00e1rmol: una combinaci\u00f3n perfecta de dise\u00f1o cl\u00e1sico, artesan\u00eda exquisita y belleza atemporal.<\/p>","protected":false},"excerpt":{"rendered":"<p><strong>N\u00famero de art\u00edculo: <\/strong>FL6I002<\/p>\n<p><strong>Material:<\/strong>\u00a0Mable, Piedra preciosa. (material puede ser personalizado)<\/p>\n<p><strong>Tama\u00f1o:<\/strong>\u00a0Tama\u00f1o a medida<\/p>\n<p><strong>Dise\u00f1o:<\/strong>\u00a0Dise\u00f1os est\u00e1ndar o personalizados<\/p>\n<p><strong>Aplicaci\u00f3n:<\/strong>\u00a0Villas y casas de lujo, hoteles y complejos tur\u00edsticos, espacios comerciales,<\/p>\n<p>Espacios p\u00fablicos, escaleras y pasillos, entradas y vest\u00edbulos,<\/p>\n<p>Clubes de alto nivel y clubes privados, salas de exposiciones y espacios de exhibici\u00f3n,<\/p>\n<p>Boutiques, Museo, Iglesia, Mezquita, etc.<\/p>","protected":false},"featured_media":1218,"template":"","meta":{"_joinchat":[]},"product_brand":[],"product_cat":[20],"product_tag":[],"class_list":{"0":"post-1217","1":"product","2":"type-product","3":"status-publish","4":"has-post-thumbnail","6":"product_cat-classic-marble-inlay-flooring","8":"first","9":"instock","10":"shipping-taxable","11":"product-type-simple"},"_links":{"self":[{"href":"https:\/\/www.smmarbleinlay.com\/es\/wp-json\/wp\/v2\/product\/1217","targetHints":{"allow":["GET"]}}],"collection":[{"href":"https:\/\/www.smmarbleinlay.com\/es\/wp-json\/wp\/v2\/product"}],"about":[{"href":"https:\/\/www.smmarbleinlay.com\/es\/wp-json\/wp\/v2\/types\/product"}],"wp:featuredmedia":[{"embeddable":true,"href":"https:\/\/www.smmarbleinlay.com\/es\/wp-json\/wp\/v2\/media\/1218"}],"wp:attachment":[{"href":"https:\/\/www.smmarbleinlay.com\/es\/wp-json\/wp\/v2\/media?parent=1217"}],"wp:term":[{"taxonomy":"product_brand","embeddable":true,"href":"https:\/\/www.smmarbleinlay.com\/es\/wp-json\/wp\/v2\/product_brand?post=1217"},{"taxonomy":"product_cat","embeddable":true,"href":"https:\/\/www.smmarbleinlay.com\/es\/wp-json\/wp\/v2\/product_cat?post=1217"},{"taxonomy":"product_tag","embeddable":true,"href":"https:\/\/www.smmarbleinlay.com\/es\/wp-json\/wp\/v2\/product_tag?post=1217"}],"curies":[{"name":"wp","href":"https:\/\/api.w.org\/{rel}","templated":true}]}}