{"id":1220,"date":"2025-03-25T16:48:01","date_gmt":"2025-03-25T08:48:01","guid":{"rendered":"https:\/\/www.smmarbleinlay.com\/?post_type=product&#038;p=1220"},"modified":"2025-04-10T10:08:09","modified_gmt":"2025-04-10T02:08:09","slug":"elegant-square-marble-aesthetic-floor-for-luxury-interiors","status":"publish","type":"product","link":"https:\/\/www.smmarbleinlay.com\/es\/producto\/elegant-square-marble-aesthetic-floor-for-luxury-interiors\/","title":{"rendered":"Elegante Suelo Est\u00e9tico Cuadrado De M\u00e1rmol Para Interiores De Lujo"},"content":{"rendered":"<h2>M\u00e1rmol Cuadrado Est\u00e9tica Incrustaci\u00f3n En El Suelo Medall\u00f3n De M\u00e1rmol Para Interiores De Lujo<\/h2>\n<p>Elaborado a partir de m\u00e1rmol natural de alta calidad, este suelo est\u00e9tico de m\u00e1rmol o tarima cuadrada con incrustaciones de m\u00e1rmol irradia sofisticaci\u00f3n y durabilidad.<\/p>\n<p>El uso de tecnolog\u00eda avanzada de corte por chorro de agua garantiza la precisi\u00f3n de los detalles est\u00e9ticos del suelo de m\u00e1rmol, mientras que el acabado pulido realza el brillo natural de la piedra.<\/p>\n<p>El medall\u00f3n de piedra de este suelo est\u00e9tico de m\u00e1rmol es una aut\u00e9ntica obra maestra, que combina la artesan\u00eda con el lujo atemporal.<\/p>\n<h2>Paleta de colores refinados y dise\u00f1o de m\u00e1rmol<\/h2>\n<p>Este suelo de mosaico de m\u00e1rmol o suelo est\u00e9tico de m\u00e1rmol presenta una elegante combinaci\u00f3n de blanco cremoso, dorado intenso, rojo intenso y sutiles tonos verdes, formando un armonioso dise\u00f1o de corona floral.<\/p>\n<p>Los delicados dibujos y las florituras art\u00edsticas crean un efecto visualmente impactante, lo que la convierte en una incrustaci\u00f3n de suelo ideal para interiores de alta gama.<\/p>\n<p>El borde exterior, acentuado con tonos marrones y dorados, enmarca bellamente el dise\u00f1o, realzando su regio atractivo.<\/p>\n<h2>Perfecto para interiores lujosos<\/h2>\n<h3>Esta incrustaci\u00f3n de m\u00e1rmol para vest\u00edbulo est\u00e1 dise\u00f1ada para elevar espacios de prestigio, convirti\u00e9ndola en una pieza destacada para:<\/h3>\n<ul>\n<li>Grandes entradas y vest\u00edbulos: mejore la primera impresi\u00f3n con una opulenta bienvenida.<\/li>\n<li>Residencias y Villas de Lujo - A\u00f1adiendo sofisticaci\u00f3n art\u00edstica a vest\u00edbulos y \u00e1reas de recepci\u00f3n.<\/li>\n<li>Vest\u00edbulos de hoteles y salones de banquetes - Creaci\u00f3n de un ambiente refinado y majestuoso.<\/li>\n<li>Palacios y clubes de alto nivel: elegancia y est\u00e9tica cl\u00e1sica en espacios exclusivos.<\/li>\n<\/ul>\n<h2>Servicios de personalizaci\u00f3n y dise\u00f1o de m\u00e1rmol a medida<\/h2>\n<p>Con los servicios de suelos medall\u00f3n a medida, ofrecemos dise\u00f1os personalizados adaptados a sus preferencias.<\/p>\n<p>Si desea combinaciones de colores espec\u00edficas, intrincados motivos florales o un medall\u00f3n de azulejos de entrada completamente \u00fanico, nuestros expertos artesanos har\u00e1n realidad su visi\u00f3n.<\/p>\n<p>Utilizando m\u00e1rmol cortado con precisi\u00f3n y detalles hechos a mano, nos aseguramos de que cada medall\u00f3n con incrustaciones de m\u00e1rmol sea una obra maestra \u00fanica.<\/p>\n<p>Transforme su espacio con la belleza de las incrustaciones de m\u00e1rmol, donde la elegancia se une al arte, creando una declaraci\u00f3n de lujo atemporal.<\/p>","protected":false},"excerpt":{"rendered":"<p><strong>N\u00famero de art\u00edculo: <\/strong>FL6I003<\/p>\n<p><strong>Material:<\/strong>\u00a0M\u00e1rmol, piedra preciosa. (incrustaciones de m\u00e1rmol piso dise\u00f1o materiales pueden ser personalizados)<\/p>\n<p><strong>Tama\u00f1o:<\/strong>\u00a0Tama\u00f1o a medida (tama\u00f1o de dise\u00f1o de m\u00e1rmol personalizado)<\/p>\n<p><strong>Dise\u00f1o:<\/strong>\u00a0Suelo de m\u00e1rmol con incrustaciones est\u00e1ndar o dise\u00f1o de suelo de m\u00e1rmol con incrustaciones personalizado<\/p>\n<p><strong>Aplicaci\u00f3n:<\/strong>\u00a0Villas y casas de lujo, hoteles y complejos tur\u00edsticos, espacios comerciales,<\/p>\n<p>Espacios p\u00fablicos, Escaleras y pasillos, Entrada y vest\u00edbulo, Pietra Dura Art Floor,<\/p>\n<p>Clubes de alto nivel y clubes privados, salas de exposiciones y espacios de exhibici\u00f3n,<\/p>\n<p>Boutiques, Museo, Iglesia, Mezquita, etc.<\/p>","protected":false},"featured_media":1221,"template":"","meta":{"_joinchat":[]},"product_brand":[],"product_cat":[20],"product_tag":[],"class_list":{"0":"post-1220","1":"product","2":"type-product","3":"status-publish","4":"has-post-thumbnail","6":"product_cat-classic-marble-inlay-flooring","8":"first","9":"instock","10":"shipping-taxable","11":"product-type-simple"},"_links":{"self":[{"href":"https:\/\/www.smmarbleinlay.com\/es\/wp-json\/wp\/v2\/product\/1220","targetHints":{"allow":["GET"]}}],"collection":[{"href":"https:\/\/www.smmarbleinlay.com\/es\/wp-json\/wp\/v2\/product"}],"about":[{"href":"https:\/\/www.smmarbleinlay.com\/es\/wp-json\/wp\/v2\/types\/product"}],"wp:featuredmedia":[{"embeddable":true,"href":"https:\/\/www.smmarbleinlay.com\/es\/wp-json\/wp\/v2\/media\/1221"}],"wp:attachment":[{"href":"https:\/\/www.smmarbleinlay.com\/es\/wp-json\/wp\/v2\/media?parent=1220"}],"wp:term":[{"taxonomy":"product_brand","embeddable":true,"href":"https:\/\/www.smmarbleinlay.com\/es\/wp-json\/wp\/v2\/product_brand?post=1220"},{"taxonomy":"product_cat","embeddable":true,"href":"https:\/\/www.smmarbleinlay.com\/es\/wp-json\/wp\/v2\/product_cat?post=1220"},{"taxonomy":"product_tag","embeddable":true,"href":"https:\/\/www.smmarbleinlay.com\/es\/wp-json\/wp\/v2\/product_tag?post=1220"}],"curies":[{"name":"wp","href":"https:\/\/api.w.org\/{rel}","templated":true}]}}