{"id":1223,"date":"2025-03-25T16:51:13","date_gmt":"2025-03-25T08:51:13","guid":{"rendered":"https:\/\/www.smmarbleinlay.com\/?post_type=product&#038;p=1223"},"modified":"2025-04-10T10:13:32","modified_gmt":"2025-04-10T02:13:32","slug":"luxury-round-marble-inlay-medallion-circle","status":"publish","type":"product","link":"https:\/\/www.smmarbleinlay.com\/es\/producto\/luxury-round-marble-inlay-medallion-circle\/","title":{"rendered":"Medall\u00f3n redondo de lujo con incrustaciones de m\u00e1rmol C\u00edrculo"},"content":{"rendered":"<h2>Medall\u00f3n circular Medall\u00f3n redondo premium con incrustaciones de m\u00e1rmol C\u00edrculo<\/h2>\n<p>Este suelo circular con medall\u00f3n de m\u00e1rmol incrustado est\u00e1 fabricado con m\u00e1rmol natural de alta calidad, lo que garantiza su durabilidad y elegancia atemporal.<\/p>\n<p>Utilizando tecnolog\u00eda avanzada de corte por chorro de agua, cada intrincado patr\u00f3n circular de medall\u00f3n de m\u00e1rmol incrustado se incrusta con precisi\u00f3n para crear un medall\u00f3n de piedra impecable que realza cualquier espacio con grandeza.<\/p>\n<p>La superficie redonda pulida del c\u00edrculo de medallones con incrustaciones de m\u00e1rmol no s\u00f3lo refleja maravillosamente la luz, sino que tambi\u00e9n proporciona un lujoso acabado que dura generaciones.<\/p>\n<h2>Elegante paleta de colores y dise\u00f1o art\u00edstico<\/h2>\n<p>El suelo circular con medall\u00f3n de m\u00e1rmol incrustado presenta una refinada combinaci\u00f3n de tonos beige, dorados, rojos y verdes, formando un sofisticado motivo de inspiraci\u00f3n floral.<\/p>\n<p>El dise\u00f1o radial incluye florituras ornamentales y detalles cl\u00e1sicos, que a\u00f1aden profundidad y movimiento a la composici\u00f3n.<\/p>\n<p>Envuelto en un borde circular decorativo, este suelo de mosaico de m\u00e1rmol combina a la perfecci\u00f3n con interiores opulentos, lo que lo convierte en la incrustaci\u00f3n perfecta para entornos de lujo.<\/p>\n<h2>Ideal para espacios lujosos<\/h2>\n<p>Este medall\u00f3n de azulejos de entrada est\u00e1 dise\u00f1ado para crear una primera impresi\u00f3n impactante y elevar los interiores de gama alta, por lo que es ideal para:<\/p>\n<ul>\n<li>Vest\u00edbulos y entradas de m\u00e1rmol - Aporte elegancia y exclusividad a las grandes entradas.<\/li>\n<li>Villas y residencias de lujo: refinamiento y artesan\u00eda en los espacios habitables.<\/li>\n<li>Vest\u00edbulos de hoteles y \u00e1reas de recepci\u00f3n: mejora el ambiente de los establecimientos de hosteler\u00eda de lujo.<\/li>\n<li>Palacios y clubes exclusivos - Creaci\u00f3n de una est\u00e9tica regia y atemporal en espacios distinguidos.<\/li>\n<\/ul>\n<h2>Dise\u00f1o y personalizaci\u00f3n de m\u00e1rmol a medida<\/h2>\n<p>Ofrecemos soluciones de suelos medall\u00f3n a medida, lo que permite a los clientes personalizar los dise\u00f1os para adaptarlos a su visi\u00f3n arquitect\u00f3nica.<\/p>\n<p>Ya se trate de alterar colores, modificar dise\u00f1os o crear un centro de mesa de m\u00e1rmol \u00fanico para el vest\u00edbulo, nuestros expertos artesanos ofrecen soluciones de incrustaci\u00f3n de m\u00e1rmol a medida.<\/p>\n<p>Cada dise\u00f1o se elabora meticulosamente a mano para transformar su suelo en una obra de arte.<\/p>\n<p>Aporte elegancia cl\u00e1sica e intrincado arte a su espacio con este suelo redondo de incrustaciones de m\u00e1rmol, una mezcla perfecta de lujo y artesan\u00eda.<\/p>","protected":false},"excerpt":{"rendered":"<p><strong>N\u00famero de art\u00edculo: <\/strong>FL5H006<\/p>\n<p><strong>Material:<\/strong>\u00a0Mable, Piedra preciosa. (material puede ser personalizado)<\/p>\n<p><strong>Tama\u00f1o:<\/strong>\u00a0Tama\u00f1o a medida<\/p>\n<p><strong>Dise\u00f1o:<\/strong>\u00a0Dise\u00f1os est\u00e1ndar o personalizados<\/p>\n<p><strong>Aplicaci\u00f3n:<\/strong>\u00a0Villas y casas de lujo, hoteles y complejos tur\u00edsticos, espacios comerciales,<\/p>\n<p>Espacios p\u00fablicos, escaleras y pasillos, entradas y vest\u00edbulos,<\/p>\n<p>Clubes de alto nivel y clubes privados, salas de exposiciones y espacios de exhibici\u00f3n,<\/p>\n<p>Boutiques, Museo, Iglesia, Mezquita, etc.<\/p>","protected":false},"featured_media":1224,"template":"","meta":{"_joinchat":[]},"product_brand":[],"product_cat":[20],"product_tag":[],"class_list":{"0":"post-1223","1":"product","2":"type-product","3":"status-publish","4":"has-post-thumbnail","6":"product_cat-classic-marble-inlay-flooring","8":"first","9":"instock","10":"shipping-taxable","11":"product-type-simple"},"_links":{"self":[{"href":"https:\/\/www.smmarbleinlay.com\/es\/wp-json\/wp\/v2\/product\/1223","targetHints":{"allow":["GET"]}}],"collection":[{"href":"https:\/\/www.smmarbleinlay.com\/es\/wp-json\/wp\/v2\/product"}],"about":[{"href":"https:\/\/www.smmarbleinlay.com\/es\/wp-json\/wp\/v2\/types\/product"}],"wp:featuredmedia":[{"embeddable":true,"href":"https:\/\/www.smmarbleinlay.com\/es\/wp-json\/wp\/v2\/media\/1224"}],"wp:attachment":[{"href":"https:\/\/www.smmarbleinlay.com\/es\/wp-json\/wp\/v2\/media?parent=1223"}],"wp:term":[{"taxonomy":"product_brand","embeddable":true,"href":"https:\/\/www.smmarbleinlay.com\/es\/wp-json\/wp\/v2\/product_brand?post=1223"},{"taxonomy":"product_cat","embeddable":true,"href":"https:\/\/www.smmarbleinlay.com\/es\/wp-json\/wp\/v2\/product_cat?post=1223"},{"taxonomy":"product_tag","embeddable":true,"href":"https:\/\/www.smmarbleinlay.com\/es\/wp-json\/wp\/v2\/product_tag?post=1223"}],"curies":[{"name":"wp","href":"https:\/\/api.w.org\/{rel}","templated":true}]}}