{"id":1226,"date":"2025-03-25T16:58:41","date_gmt":"2025-03-25T08:58:41","guid":{"rendered":"https:\/\/www.smmarbleinlay.com\/?post_type=product&#038;p=1226"},"modified":"2025-04-10T10:04:23","modified_gmt":"2025-04-10T02:04:23","slug":"luxurious-rectangular-custom-marble-design","status":"publish","type":"product","link":"https:\/\/www.smmarbleinlay.com\/es\/producto\/luxurious-rectangular-custom-marble-design\/","title":{"rendered":"Lujoso dise\u00f1o rectangular de m\u00e1rmol a medida"},"content":{"rendered":"<h2>Lujoso suelo rectangular con incrustaciones de m\u00e1rmol de dise\u00f1o personalizado: una declaraci\u00f3n de elegancia<\/h2>\n<p>Este exquisito dise\u00f1o de m\u00e1rmol personalizado o incrustaci\u00f3n en dise\u00f1o de suelos de m\u00e1rmol es una verdadera obra maestra, que combina intrincados patrones, ricos colores y piedra natural de alta calidad.<\/p>\n<p>Dise\u00f1ado para interiores grandiosos, el dise\u00f1o de m\u00e1rmol personalizado realza el lujo de salones, vest\u00edbulos de hoteles, pasillos y otros espacios de primera calidad.<\/p>\n<h2>Materiales y artesan\u00eda de m\u00e1rmol de primera calidad<\/h2>\n<p>Elaborado a partir del m\u00e1rmol m\u00e1s fino, este medall\u00f3n rectangular de dise\u00f1o de m\u00e1rmol personalizado presenta una armoniosa mezcla de m\u00e1rmol beige claro como base, que contrasta con el marr\u00f3n intenso, el dorado y las vibrantes incrustaciones florales.<\/p>\n<p>La t\u00e9cnica de corte por chorro de agua garantiza la precisi\u00f3n y la integraci\u00f3n perfecta de detalles intrincados, resaltando la riqueza de la piedra natural y asegurando al mismo tiempo su durabilidad y longevidad.<\/p>\n<h2>Sofisticada paleta de colores y dise\u00f1o ornamental<\/h2>\n<p>El dise\u00f1o de m\u00e1rmol personalizado muestra una composici\u00f3n regia con un elegante motivo floral en el centro, enmarcado por volutas ornamentales y detalles intrincados en tonos dorados, verdes y terrosos.<\/p>\n<p>El borde est\u00e1 adornado con un opulento marco de m\u00e1rmol marr\u00f3n oscuro, que a\u00f1ade profundidad y contraste al dise\u00f1o.<\/p>\n<p>La refinada coordinaci\u00f3n de colores realza la sensaci\u00f3n de lujo y sofisticaci\u00f3n, por lo que encaja a la perfecci\u00f3n tanto en interiores cl\u00e1sicos como modernos.<\/p>\n<h2>Marqueter\u00eda de m\u00e1rmol Aplicaciones y espacios ideales<\/h2>\n<p>Este medall\u00f3n con incrustaciones de m\u00e1rmol es ideal para:<\/p>\n<ul>\n<li>Grandes salones y salas de estar: realzan la opulencia de los interiores de gama alta.<\/li>\n<li>Vest\u00edbulos y pasillos de hoteles: eleve el ambiente con elegancia art\u00edstica.<\/li>\n<li>Residencias y villas de lujo - Creaci\u00f3n de una exquisita obra maestra de suelos.<\/li>\n<li>Pasillos y vest\u00edbulos de prestigio: una primera impresi\u00f3n impactante.<\/li>\n<\/ul>\n<h2>Personalizaci\u00f3n de m\u00e1rmol de lujo<\/h2>\n<p>Stone Master ofrece medallones de suelo y dise\u00f1os de medallones con incrustaciones de m\u00e1rmol totalmente personalizables, lo que permite a los clientes personalizar el tama\u00f1o, las combinaciones de colores y los intrincados detalles para adaptarlos a su visi\u00f3n est\u00e9tica y arquitect\u00f3nica espec\u00edfica.<\/p>\n<p>Ya sea para temas cl\u00e1sicos europeos, de lujo moderno o art\u00edsticos a medida, nuestros expertos dise\u00f1adores se aseguran de que cada proyecto sea una expresi\u00f3n \u00fanica de elegancia.<\/p>\n<p>Este medall\u00f3n rectangular no es s\u00f3lo un elemento del suelo, sino una declaraci\u00f3n de grandeza, que combina a la perfecci\u00f3n el arte con la artesan\u00eda intemporal del m\u00e1rmol.<\/p>","protected":false},"excerpt":{"rendered":"<p><strong>N\u00famero de art\u00edculo: <\/strong>FL4G005<\/p>\n<p><strong>Material:<\/strong>\u00a0M\u00e1rmol, piedra preciosa. (incrustaciones de m\u00e1rmol piso dise\u00f1o materiales pueden ser personalizados)<\/p>\n<p><strong>Tama\u00f1o:<\/strong>\u00a0Tama\u00f1o a medida (tama\u00f1o de dise\u00f1o de m\u00e1rmol personalizado)<\/p>\n<p><strong>Dise\u00f1o:<\/strong>\u00a0Suelo de m\u00e1rmol con incrustaciones est\u00e1ndar o dise\u00f1o de suelo de m\u00e1rmol con incrustaciones personalizado<\/p>\n<p><strong>Aplicaci\u00f3n:<\/strong>\u00a0Villas y casas de lujo, hoteles y complejos tur\u00edsticos, espacios comerciales,<\/p>\n<p>Espacios p\u00fablicos, Escaleras y pasillos, Entrada y vest\u00edbulo, Pietra Dura Art Floor,<\/p>\n<p>Clubes de alto nivel y clubes privados, salas de exposiciones y espacios de exhibici\u00f3n,<\/p>\n<p>Boutiques, Museo, Iglesia, Mezquita, etc.<\/p>","protected":false},"featured_media":1227,"template":"","meta":{"_joinchat":[]},"product_brand":[],"product_cat":[20],"product_tag":[],"class_list":{"0":"post-1226","1":"product","2":"type-product","3":"status-publish","4":"has-post-thumbnail","6":"product_cat-classic-marble-inlay-flooring","8":"first","9":"instock","10":"shipping-taxable","11":"product-type-simple"},"_links":{"self":[{"href":"https:\/\/www.smmarbleinlay.com\/es\/wp-json\/wp\/v2\/product\/1226","targetHints":{"allow":["GET"]}}],"collection":[{"href":"https:\/\/www.smmarbleinlay.com\/es\/wp-json\/wp\/v2\/product"}],"about":[{"href":"https:\/\/www.smmarbleinlay.com\/es\/wp-json\/wp\/v2\/types\/product"}],"wp:featuredmedia":[{"embeddable":true,"href":"https:\/\/www.smmarbleinlay.com\/es\/wp-json\/wp\/v2\/media\/1227"}],"wp:attachment":[{"href":"https:\/\/www.smmarbleinlay.com\/es\/wp-json\/wp\/v2\/media?parent=1226"}],"wp:term":[{"taxonomy":"product_brand","embeddable":true,"href":"https:\/\/www.smmarbleinlay.com\/es\/wp-json\/wp\/v2\/product_brand?post=1226"},{"taxonomy":"product_cat","embeddable":true,"href":"https:\/\/www.smmarbleinlay.com\/es\/wp-json\/wp\/v2\/product_cat?post=1226"},{"taxonomy":"product_tag","embeddable":true,"href":"https:\/\/www.smmarbleinlay.com\/es\/wp-json\/wp\/v2\/product_tag?post=1226"}],"curies":[{"name":"wp","href":"https:\/\/api.w.org\/{rel}","templated":true}]}}