{"id":1232,"date":"2025-03-25T18:00:07","date_gmt":"2025-03-25T10:00:07","guid":{"rendered":"https:\/\/www.smmarbleinlay.com\/?post_type=product&#038;p=1232"},"modified":"2025-04-10T09:56:58","modified_gmt":"2025-04-10T01:56:58","slug":"classic-marble-floor-design-royal-flooring","status":"publish","type":"product","link":"https:\/\/www.smmarbleinlay.com\/es\/producto\/classic-marble-floor-design-royal-flooring\/","title":{"rendered":"Dise\u00f1o cl\u00e1sico de suelos de m\u00e1rmol Royal Flooring"},"content":{"rendered":"<h2>Dise\u00f1o cl\u00e1sico de suelos de m\u00e1rmol Suelos de lujo<\/h2>\n<p>Este dise\u00f1o cl\u00e1sico de suelo de m\u00e1rmol o suelo de m\u00e1rmol con incrustaciones es una impresionante representaci\u00f3n de la elegancia y la sofisticaci\u00f3n, creado para realzar la grandeza de los interiores de lujo.<\/p>\n<p>El intrincado dise\u00f1o del suelo real, la rica paleta de colores y los materiales de primera calidad lo convierten en la elecci\u00f3n perfecta para mansiones, residencias reales y espacios de hosteler\u00eda de alto nivel.<\/p>\n<h2>Exquisitos materiales y artesan\u00eda del m\u00e1rmol<\/h2>\n<p>Dise\u00f1ado con incrustaciones naturales de m\u00e1rmol de alta calidad, este medall\u00f3n de suelo real luce una pr\u00edstina base beige, combinada con profundos acentos dorados, marrones y negros.<\/p>\n<p>Las elaboradas volutas se realizan con precisi\u00f3n mediante tecnolog\u00eda de corte por chorro de agua, lo que garantiza una integraci\u00f3n perfecta de cada pieza de m\u00e1rmol.<\/p>\n<p>La superficie pulida realza la belleza natural de la piedra, a\u00f1adiendo profundidad y brillo al dise\u00f1o.<\/p>\n<h2>Regia combinaci\u00f3n de colores y dise\u00f1o ornamental<\/h2>\n<p>Este dise\u00f1o de m\u00e1rmol personalizado presenta un majestuoso medall\u00f3n circular en el centro, rodeado por un elegante borde de medall\u00f3n rectangular.<\/p>\n<p>Los motivos florales arremolinados, acentuados con incrustaciones de m\u00e1rmol dorado y negro, crean una est\u00e9tica atemporal.<\/p>\n<p>Las esquinas ornamentadas y los intrincados detalles evocan una sensaci\u00f3n de lujo cl\u00e1sico europeo, haciendo de este dise\u00f1o un sello distintivo de refinada artesan\u00eda.<\/p>\n<h2>Aplicaciones ideales &amp; Grand Interiors<\/h2>\n<h3>Este medall\u00f3n con incrustaciones de m\u00e1rmol es ideal para:<\/h3>\n<ul>\n<li>Mansiones y palacios de lujo - Creaci\u00f3n de un ambiente opulento y atemporal.<\/li>\n<li>Vest\u00edbulos de hoteles de lujo y salones VIP: elevan el atractivo est\u00e9tico con encanto real.<\/li>\n<li>Salones formales y grandes vest\u00edbulos: una declaraci\u00f3n de intenciones atrevida y sofisticada.<\/li>\n<li>Prestigiosos salones de banquetes y de baile: realzan el ambiente con una elegancia incomparable.<\/li>\n<\/ul>\n<h2>Servicios de personalizaci\u00f3n<\/h2>\n<p>En Stone Master, nos especializamos en dise\u00f1os de m\u00e1rmol personalizados, ofreciendo una variedad de opciones en tama\u00f1os, colores y patrones intrincados para complementar diversos estilos arquitect\u00f3nicos.<\/p>\n<p>Tanto si busca un suelo real a medida como un suelo para mansiones hecho a medida, nuestros expertos dise\u00f1adores pueden crear una obra maestra \u00fanica que se ajuste a su visi\u00f3n.<\/p>\n<p>Este lujoso suelo con incrustaciones de m\u00e1rmol no es s\u00f3lo un elemento decorativo, sino un s\u00edmbolo de prestigio y excelencia art\u00edstica, que transforma cualquier espacio en una declaraci\u00f3n de grandeza y sofisticaci\u00f3n.<\/p>","protected":false},"excerpt":{"rendered":"<p><strong>N\u00famero de art\u00edculo: <\/strong>FL5H008<\/p>\n<p><strong>Material:<\/strong>\u00a0Mable, Piedra preciosa. (material puede ser personalizado)<\/p>\n<p><strong>Tama\u00f1o:<\/strong>\u00a0Tama\u00f1o a medida<\/p>\n<p><strong>Dise\u00f1o:<\/strong>\u00a0Dise\u00f1os est\u00e1ndar o personalizados<\/p>\n<p><strong>Aplicaci\u00f3n:<\/strong>\u00a0Villas y casas de lujo, hoteles y complejos tur\u00edsticos, espacios comerciales,<\/p>\n<p>Espacios p\u00fablicos, escaleras y pasillos, entradas y vest\u00edbulos,<\/p>\n<p>Clubes de alto nivel y clubes privados, salas de exposiciones y espacios de exhibici\u00f3n,<\/p>\n<p>Boutiques, Museo, Iglesia, Mezquita, etc.<\/p>","protected":false},"featured_media":1233,"template":"","meta":{"_joinchat":[]},"product_brand":[],"product_cat":[20],"product_tag":[],"class_list":{"0":"post-1232","1":"product","2":"type-product","3":"status-publish","4":"has-post-thumbnail","6":"product_cat-classic-marble-inlay-flooring","8":"first","9":"instock","10":"shipping-taxable","11":"product-type-simple"},"_links":{"self":[{"href":"https:\/\/www.smmarbleinlay.com\/es\/wp-json\/wp\/v2\/product\/1232","targetHints":{"allow":["GET"]}}],"collection":[{"href":"https:\/\/www.smmarbleinlay.com\/es\/wp-json\/wp\/v2\/product"}],"about":[{"href":"https:\/\/www.smmarbleinlay.com\/es\/wp-json\/wp\/v2\/types\/product"}],"wp:featuredmedia":[{"embeddable":true,"href":"https:\/\/www.smmarbleinlay.com\/es\/wp-json\/wp\/v2\/media\/1233"}],"wp:attachment":[{"href":"https:\/\/www.smmarbleinlay.com\/es\/wp-json\/wp\/v2\/media?parent=1232"}],"wp:term":[{"taxonomy":"product_brand","embeddable":true,"href":"https:\/\/www.smmarbleinlay.com\/es\/wp-json\/wp\/v2\/product_brand?post=1232"},{"taxonomy":"product_cat","embeddable":true,"href":"https:\/\/www.smmarbleinlay.com\/es\/wp-json\/wp\/v2\/product_cat?post=1232"},{"taxonomy":"product_tag","embeddable":true,"href":"https:\/\/www.smmarbleinlay.com\/es\/wp-json\/wp\/v2\/product_tag?post=1232"}],"curies":[{"name":"wp","href":"https:\/\/api.w.org\/{rel}","templated":true}]}}