{"id":1242,"date":"2025-03-25T20:51:04","date_gmt":"2025-03-25T12:51:04","guid":{"rendered":"https:\/\/www.smmarbleinlay.com\/?post_type=product&#038;p=1242"},"modified":"2025-04-09T17:19:36","modified_gmt":"2025-04-09T09:19:36","slug":"elegant-rectangular-marble-inlay-medallion-floor-design-for-luxury-interiors","status":"publish","type":"product","link":"https:\/\/www.smmarbleinlay.com\/es\/producto\/elegant-rectangular-marble-inlay-medallion-floor-design-for-luxury-interiors\/","title":{"rendered":"Elegante dise\u00f1o de suelo rectangular con incrustaciones de m\u00e1rmol para interiores de lujo"},"content":{"rendered":"<h2>Elegante dise\u00f1o de suelo rectangular con incrustaciones de m\u00e1rmol para interiores de lujo<\/h2>\n<p>Realce su interior con este impresionante suelo de m\u00e1rmol con dise\u00f1o de medall\u00f3n incrustado, una fusi\u00f3n de arte cl\u00e1sico y artesan\u00eda moderna.<\/p>\n<p>Este dise\u00f1o de suelo de medall\u00f3n rectangular est\u00e1 meticulosamente dise\u00f1ado para a\u00f1adir grandeza a vest\u00edbulos, recibidores y espacios de lujo.<\/p>\n<hr \/>\n<h2>Dise\u00f1o de m\u00e1rmol con incrustaciones y paleta de colores:<\/h2>\n<ul>\n<li>Material: M\u00e1rmol natural de primera calidad<\/li>\n<li>Colores primarios: Base beige suave y marfil con intrincados detalles en dorado, marr\u00f3n y verde.<\/li>\n<li>Acentos en el borde: Un sofisticado borde de varias capas en dorado y marr\u00f3n que realza la profundidad visual.<\/li>\n<li>Dise\u00f1o: Detalles florales y ornamentales sim\u00e9tricos con un medall\u00f3n circular central, que aportan una sensaci\u00f3n de equilibrio y elegancia.<\/li>\n<\/ul>\n<hr \/>\n<h2>Marble Inlay Flooring Aplicaciones ideales:<\/h2>\n<p>Grandes vest\u00edbulos y pasillos: a\u00f1ade majestuosidad a las zonas de paso.<br \/>\n\u2714 Entradas y vest\u00edbulos de lujo - Crea una primera impresi\u00f3n majestuosa<br \/>\n\u2714 Vest\u00edbulos de hoteles y salones de banquetes - Eleva los espacios de hosteler\u00eda<br \/>\n\u2714 Comedores y salones: realza el ambiente con sofisticaci\u00f3n cl\u00e1sica<br \/>\n\u2714 Residencias y villas palaciegas - Perfectas para un interiorismo de alta gama<\/p>\n<p>Este medall\u00f3n de m\u00e1rmol incrustado combina durabilidad con belleza atemporal, lo que lo convierte en una opci\u00f3n excepcional para dise\u00f1os de m\u00e1rmol personalizados de alta gama.<\/p>\n<p>Ya sea para un hogar lujoso o un espacio comercial opulento, este medall\u00f3n de suelo es la encarnaci\u00f3n de la sofisticaci\u00f3n y el gusto refinado.<\/p>\n<p>\u00bfDesea un dise\u00f1o personalizado a la medida de su proyecto? P\u00f3ngase en contacto con nosotros para obtener soluciones exclusivas de suelos de m\u00e1rmol a medida.<\/p>","protected":false},"excerpt":{"rendered":"<p><strong>N\u00famero de art\u00edculo: <\/strong>FL6I004<\/p>\n<p><strong>Material:<\/strong>\u00a0M\u00e1rmol, piedra preciosa. (incrustaciones de m\u00e1rmol piso dise\u00f1o materiales pueden ser personalizados)<\/p>\n<p><strong>Tama\u00f1o:<\/strong>\u00a0Tama\u00f1o a medida (tama\u00f1o de dise\u00f1o de m\u00e1rmol personalizado)<\/p>\n<p><strong>Dise\u00f1o:<\/strong>\u00a0Suelo de m\u00e1rmol con incrustaciones est\u00e1ndar o dise\u00f1o de suelo de m\u00e1rmol con incrustaciones personalizado<\/p>\n<p><strong>Aplicaci\u00f3n:<\/strong>\u00a0Villas y casas de lujo, hoteles y complejos tur\u00edsticos, espacios comerciales,<\/p>\n<p>Espacios p\u00fablicos, Escaleras y pasillos, Entrada y vest\u00edbulo, Pietra Dura Art Floor,<\/p>\n<p>Clubes de alto nivel y clubes privados, salas de exposiciones y espacios de exhibici\u00f3n,<\/p>\n<p>Boutiques, Museo, Iglesia, Mezquita, etc.<\/p>","protected":false},"featured_media":1243,"template":"","meta":{"_joinchat":[]},"product_brand":[],"product_cat":[20],"product_tag":[],"class_list":{"0":"post-1242","1":"product","2":"type-product","3":"status-publish","4":"has-post-thumbnail","6":"product_cat-classic-marble-inlay-flooring","8":"first","9":"instock","10":"shipping-taxable","11":"product-type-simple"},"_links":{"self":[{"href":"https:\/\/www.smmarbleinlay.com\/es\/wp-json\/wp\/v2\/product\/1242","targetHints":{"allow":["GET"]}}],"collection":[{"href":"https:\/\/www.smmarbleinlay.com\/es\/wp-json\/wp\/v2\/product"}],"about":[{"href":"https:\/\/www.smmarbleinlay.com\/es\/wp-json\/wp\/v2\/types\/product"}],"wp:featuredmedia":[{"embeddable":true,"href":"https:\/\/www.smmarbleinlay.com\/es\/wp-json\/wp\/v2\/media\/1243"}],"wp:attachment":[{"href":"https:\/\/www.smmarbleinlay.com\/es\/wp-json\/wp\/v2\/media?parent=1242"}],"wp:term":[{"taxonomy":"product_brand","embeddable":true,"href":"https:\/\/www.smmarbleinlay.com\/es\/wp-json\/wp\/v2\/product_brand?post=1242"},{"taxonomy":"product_cat","embeddable":true,"href":"https:\/\/www.smmarbleinlay.com\/es\/wp-json\/wp\/v2\/product_cat?post=1242"},{"taxonomy":"product_tag","embeddable":true,"href":"https:\/\/www.smmarbleinlay.com\/es\/wp-json\/wp\/v2\/product_tag?post=1242"}],"curies":[{"name":"wp","href":"https:\/\/api.w.org\/{rel}","templated":true}]}}