{"id":1245,"date":"2025-03-25T20:54:21","date_gmt":"2025-03-25T12:54:21","guid":{"rendered":"https:\/\/www.smmarbleinlay.com\/?post_type=product&#038;p=1245"},"modified":"2025-04-09T17:16:02","modified_gmt":"2025-04-09T09:16:02","slug":"classic-marble-inlay-flooring-with-greek-border-design","status":"publish","type":"product","link":"https:\/\/www.smmarbleinlay.com\/es\/producto\/classic-marble-inlay-flooring-with-greek-border-design\/","title":{"rendered":"Pavimento cl\u00e1sico con incrustaciones de m\u00e1rmol y dise\u00f1o de borde griego"},"content":{"rendered":"<h2>Pavimento cl\u00e1sico con incrustaciones de m\u00e1rmol y dise\u00f1o de borde griego<\/h2>\n<p>Aporte una elegancia atemporal a su espacio con esta incrustaci\u00f3n cl\u00e1sica de suelo de m\u00e1rmol, que presenta una refinada mezcla de motivos tradicionales y lujo moderno.<\/p>\n<p>Este medall\u00f3n de m\u00e1rmol est\u00e1 dise\u00f1ado para realzar los interiores con su dise\u00f1o de borde griego y sus intrincados medallones circulares, lo que lo convierte en la elecci\u00f3n perfecta para residencias y espacios comerciales de alta gama.<\/p>\n<h2>Dise\u00f1o y paleta de colores de los suelos cl\u00e1sicos con incrustaciones de m\u00e1rmol:<\/h2>\n<ul>\n<li>\n<h3>Material: M\u00e1rmol natural de alta calidad<\/h3>\n<\/li>\n<li>\n<h3>Colores primarios: Base de marfil suave y gris claro, con toques dorados y beige<\/h3>\n<\/li>\n<li>\n<h3>Dise\u00f1o del borde: Motivo de llave griega en dorado, que simboliza el infinito y la unidad.<\/h3>\n<\/li>\n<li>\n<h3>Medall\u00f3n central: Motivos redondos de inspiraci\u00f3n floral en sutiles tonos grises, que crean un aspecto armonioso y sofisticado.<\/h3>\n<\/li>\n<\/ul>\n<h2>Aplicaciones ideales de los suelos con incrustaciones de m\u00e1rmol cl\u00e1sico:<\/h2>\n<h3>\u2714 Salones y zonas de estar de lujo - Realza los interiores elegantes<br \/>\n\u2714 Hoteles boutique y resorts de alta gama - A\u00f1ade una est\u00e9tica cl\u00e1sica<br \/>\n\u2714 Pasillos y corredores: crea un flujo continuo con detalles refinados.<br \/>\n\u2714 Espacios de comedor formales - Complementa ambientes tradicionales y contempor\u00e1neos<br \/>\n\u2714 Oficinas y \u00e1reas de recepci\u00f3n de lujo: eleva los interiores corporativos con sofisticaci\u00f3n art\u00edstica<\/h3>\n<p>Esta incrustaci\u00f3n en m\u00e1rmol muestra dise\u00f1os de suelos de m\u00e1rmol que combinan la herencia cultural con la artesan\u00eda moderna.<\/p>\n<p>El dise\u00f1o del borde griego a\u00f1ade un toque majestuoso, mientras que el medall\u00f3n de m\u00e1rmol del centro proporciona un punto focal art\u00edstico.<\/p>\n<p>Ideal para quienes buscan una exquisita soluci\u00f3n de suelo de m\u00e1rmol con un atractivo rico y elegante.<\/p>\n<p>\u00bfBusca un dise\u00f1o de incrustaci\u00f3n de m\u00e1rmol personalizado que se adapte a su proyecto? Le ofrecemos soluciones a medida que se adaptan a su visi\u00f3n.<\/p>","protected":false},"excerpt":{"rendered":"<p><strong>N\u00famero de art\u00edculo: <\/strong>FL4G008<\/p>\n<p><strong>Material:<\/strong>\u00a0Mable, Piedra preciosa. (material puede ser personalizado)<\/p>\n<p><strong>Tama\u00f1o:<\/strong>\u00a0Tama\u00f1o a medida<\/p>\n<p><strong>Dise\u00f1o:<\/strong>\u00a0Dise\u00f1os est\u00e1ndar o personalizados<\/p>\n<p><strong>Aplicaci\u00f3n:<\/strong>\u00a0Villas y casas de lujo, hoteles y complejos tur\u00edsticos, espacios comerciales,<\/p>\n<p>Espacios p\u00fablicos, escaleras y pasillos, entradas y vest\u00edbulos,<\/p>\n<p>Clubes de alto nivel y clubes privados, salas de exposiciones y espacios de exhibici\u00f3n,<\/p>\n<p>Boutiques, Museo, Iglesia, Mezquita, etc.<\/p>","protected":false},"featured_media":1246,"template":"","meta":{"_joinchat":[]},"product_brand":[],"product_cat":[20],"product_tag":[],"class_list":{"0":"post-1245","1":"product","2":"type-product","3":"status-publish","4":"has-post-thumbnail","6":"product_cat-classic-marble-inlay-flooring","8":"first","9":"instock","10":"shipping-taxable","11":"product-type-simple"},"_links":{"self":[{"href":"https:\/\/www.smmarbleinlay.com\/es\/wp-json\/wp\/v2\/product\/1245","targetHints":{"allow":["GET"]}}],"collection":[{"href":"https:\/\/www.smmarbleinlay.com\/es\/wp-json\/wp\/v2\/product"}],"about":[{"href":"https:\/\/www.smmarbleinlay.com\/es\/wp-json\/wp\/v2\/types\/product"}],"wp:featuredmedia":[{"embeddable":true,"href":"https:\/\/www.smmarbleinlay.com\/es\/wp-json\/wp\/v2\/media\/1246"}],"wp:attachment":[{"href":"https:\/\/www.smmarbleinlay.com\/es\/wp-json\/wp\/v2\/media?parent=1245"}],"wp:term":[{"taxonomy":"product_brand","embeddable":true,"href":"https:\/\/www.smmarbleinlay.com\/es\/wp-json\/wp\/v2\/product_brand?post=1245"},{"taxonomy":"product_cat","embeddable":true,"href":"https:\/\/www.smmarbleinlay.com\/es\/wp-json\/wp\/v2\/product_cat?post=1245"},{"taxonomy":"product_tag","embeddable":true,"href":"https:\/\/www.smmarbleinlay.com\/es\/wp-json\/wp\/v2\/product_tag?post=1245"}],"curies":[{"name":"wp","href":"https:\/\/api.w.org\/{rel}","templated":true}]}}