{"id":1251,"date":"2025-03-25T21:02:41","date_gmt":"2025-03-25T13:02:41","guid":{"rendered":"https:\/\/www.smmarbleinlay.com\/?post_type=product&#038;p=1251"},"modified":"2025-04-09T17:07:29","modified_gmt":"2025-04-09T09:07:29","slug":"elegant-lotus-inspired-marble-medallion-flooring","status":"publish","type":"product","link":"https:\/\/www.smmarbleinlay.com\/es\/producto\/elegant-lotus-inspired-marble-medallion-flooring\/","title":{"rendered":"Elegante suelo con medall\u00f3n de m\u00e1rmol inspirado en el loto"},"content":{"rendered":"<h2>Elegante suelo con medall\u00f3n de m\u00e1rmol inspirado en el loto<\/h2>\n<p>Este lujoso suelo de m\u00e1rmol con medall\u00f3n es una combinaci\u00f3n magistral de arte y artesan\u00eda en suelos de m\u00e1rmol con incrustaciones, con un dise\u00f1o de suelo de m\u00e1rmol con medall\u00f3n inspirado en el loto.<\/p>\n<p>El intrincado dibujo de Pietra dure simboliza la pureza, la armon\u00eda y la elegancia, por lo que es la elecci\u00f3n perfecta para crear un ambiente sereno y opulento en cualquier espacio.<\/p>\n<h2>Dise\u00f1o y composici\u00f3n del color Marfil incrustado<\/h2>\n<ul>\n<li>Material: M\u00e1rmol natural de alta calidad<\/li>\n<li>Paleta de colores: Una c\u00e1lida mezcla de tonos beige, dorados y marfil, acentuada con sutiles matices verdes y marrones terrosos.<\/li>\n<li>Dise\u00f1o: Un motivo de flor de loto radiante, rodeado por una serie de elegantes curvas y elementos de inspiraci\u00f3n floral.<\/li>\n<li>Artesan\u00eda: Corte de precisi\u00f3n por chorro de agua para una ejecuci\u00f3n perfecta del dise\u00f1o<\/li>\n<\/ul>\n<h2>Aplicaciones ideales Suelos de m\u00e1rmol con incrustaciones<\/h2>\n<ul>\n<li>Entradas y vest\u00edbulos de lujo: Crea una impresi\u00f3n grandiosa y acogedora<\/li>\n<li>Vest\u00edbulos de hoteles y \u00e1reas de recepci\u00f3n: Realza el espacio con sofisticaci\u00f3n<\/li>\n<li>Templo y espacios culturales: Simboliza la armon\u00eda espiritual y la tranquilidad<\/li>\n<li>Residencias de alto standing: A\u00f1ade un toque de elegancia cl\u00e1sica a las viviendas<\/li>\n<li>Boutiques y tiendas de lujo: Eleva el ambiente con suelos art\u00edsticos<\/li>\n<\/ul>\n<p>Este suelo medall\u00f3n se integra a la perfecci\u00f3n en interiores cl\u00e1sicos, tradicionales y contempor\u00e1neos, lo que lo convierte en una inversi\u00f3n atemporal para la arquitectura de lujo.<\/p>\n<p>Palabras clave del producto<\/p>\n<p>incrustaciones en suelos | suelos de mosaico de m\u00e1rmol | suelos con medallones | incrustaciones en suelos | suelos con incrustaciones de m\u00e1rmol<\/p>","protected":false},"excerpt":{"rendered":"<p><strong>N\u00famero de art\u00edculo: <\/strong>FL5H009<\/p>\n<p><strong>Material:<\/strong>\u00a0M\u00e1rmol, piedra preciosa. (incrustaciones de m\u00e1rmol piso dise\u00f1o materiales pueden ser personalizados)<\/p>\n<p><strong>Tama\u00f1o:<\/strong>\u00a0Tama\u00f1o a medida (tama\u00f1o de dise\u00f1o de m\u00e1rmol personalizado)<\/p>\n<p><strong>Dise\u00f1o:<\/strong>\u00a0Suelo de m\u00e1rmol con incrustaciones est\u00e1ndar o dise\u00f1o de suelo de m\u00e1rmol con incrustaciones personalizado<\/p>\n<p><strong>Aplicaci\u00f3n:<\/strong>\u00a0Villas y casas de lujo, hoteles y complejos tur\u00edsticos, espacios comerciales,<\/p>\n<p>Espacios p\u00fablicos, Escaleras y pasillos, Entrada y vest\u00edbulo, Pietra Dura Art Floor,<\/p>\n<p>Clubes de alto nivel y clubes privados, salas de exposiciones y espacios de exhibici\u00f3n,<\/p>\n<p>Boutiques, Museo, Iglesia, Mezquita, etc.<\/p>","protected":false},"featured_media":1252,"template":"","meta":{"_joinchat":[]},"product_brand":[],"product_cat":[20],"product_tag":[],"class_list":{"0":"post-1251","1":"product","2":"type-product","3":"status-publish","4":"has-post-thumbnail","6":"product_cat-classic-marble-inlay-flooring","8":"first","9":"instock","10":"shipping-taxable","11":"product-type-simple"},"_links":{"self":[{"href":"https:\/\/www.smmarbleinlay.com\/es\/wp-json\/wp\/v2\/product\/1251","targetHints":{"allow":["GET"]}}],"collection":[{"href":"https:\/\/www.smmarbleinlay.com\/es\/wp-json\/wp\/v2\/product"}],"about":[{"href":"https:\/\/www.smmarbleinlay.com\/es\/wp-json\/wp\/v2\/types\/product"}],"wp:featuredmedia":[{"embeddable":true,"href":"https:\/\/www.smmarbleinlay.com\/es\/wp-json\/wp\/v2\/media\/1252"}],"wp:attachment":[{"href":"https:\/\/www.smmarbleinlay.com\/es\/wp-json\/wp\/v2\/media?parent=1251"}],"wp:term":[{"taxonomy":"product_brand","embeddable":true,"href":"https:\/\/www.smmarbleinlay.com\/es\/wp-json\/wp\/v2\/product_brand?post=1251"},{"taxonomy":"product_cat","embeddable":true,"href":"https:\/\/www.smmarbleinlay.com\/es\/wp-json\/wp\/v2\/product_cat?post=1251"},{"taxonomy":"product_tag","embeddable":true,"href":"https:\/\/www.smmarbleinlay.com\/es\/wp-json\/wp\/v2\/product_tag?post=1251"}],"curies":[{"name":"wp","href":"https:\/\/api.w.org\/{rel}","templated":true}]}}