{"id":1414,"date":"2025-03-27T09:38:47","date_gmt":"2025-03-27T01:38:47","guid":{"rendered":"https:\/\/www.smmarbleinlay.com\/?post_type=product&#038;p=1414"},"modified":"2025-04-09T16:03:07","modified_gmt":"2025-04-09T08:03:07","slug":"luxury-marble-inlay-dining-table-2","status":"publish","type":"product","link":"https:\/\/www.smmarbleinlay.com\/es\/producto\/luxury-marble-inlay-dining-table-2\/","title":{"rendered":"Mesa de comedor de lujo con incrustaciones de m\u00e1rmol"},"content":{"rendered":"<h2>Mesa de comedor de lujo con incrustaciones de m\u00e1rmol - Elegancia y durabilidad atemporales<\/h2>\n<p>Presentamos nuestra exquisita mesa con incrustaciones de m\u00e1rmol, una mezcla perfecta de artesan\u00eda y elegancia.<\/p>\n<p>Fabricada en m\u00e1rmol natural de primera calidad, esta mesa muestra el mejor arte de la pietra dure, una antigua t\u00e9cnica decorativa conocida por sus intrincadas incrustaciones de piedra.<\/p>\n<p>El dise\u00f1o de las incrustaciones se crea meticulosamente mediante un estilo de dise\u00f1o por chorro de agua, lo que garantiza la precisi\u00f3n y la minuciosidad de los detalles.<\/p>\n<h2>Mesa de comedor de lujo con incrustaciones de m\u00e1rmol de dise\u00f1o exclusivo<\/h2>\n<p>El tablero de la mesa presenta incrustaciones cl\u00e1sicas de m\u00e1rmol, que combinan simetr\u00eda geom\u00e9trica y motivos florales para realzar su atractivo est\u00e9tico.<\/p>\n<p>Cada tablero de mesa con incrustaciones es una obra maestra, que incorpora una rica paleta de colores de piedra natural, a\u00f1adiendo profundidad y vitalidad a cualquier espacio.<\/p>\n<h2>Aplicaci\u00f3n del tablero de mesa de comedor de lujo con incrustaciones de m\u00e1rmol<\/h2>\n<p>Dise\u00f1ada para complementar tanto interiores modernos como cl\u00e1sicos, esta mesa con incrustaciones de m\u00e1rmol es ideal para su uso en comedores de lujo, cafeter\u00edas con estilo y elegantes salones de t\u00e9.<\/p>\n<p>Tanto si se coloca en una residencia de alto standing como en un entorno comercial de lujo, esta mesa a\u00f1ade un toque sofisticado, ofreciendo tanto durabilidad como belleza atemporal.<\/p>\n<p>Experimente el encanto de la artesan\u00eda del m\u00e1rmol fino con nuestra mesa de incrustaciones de m\u00e1rmol de primera calidad, una verdadera declaraci\u00f3n de elegancia y lujo.<\/p>","protected":false},"excerpt":{"rendered":"<p><strong>N\u00famero de art\u00edculo:<\/strong>TA4G003<\/p>\n<p><strong>Material:<\/strong>\u00a0Mable, Piedra preciosa. (material puede ser personalizado)<\/p>\n<p><strong>Tama\u00f1o:<\/strong>\u00a0Tama\u00f1o a medida<\/p>\n<p><strong>Dise\u00f1o:<\/strong>\u00a0Dise\u00f1os est\u00e1ndar o personalizados<\/p>\n<p><strong>Aplicaci\u00f3n:<\/strong>\u00a0Villas y casas de lujo, hoteles y complejos tur\u00edsticos, espacios comerciales,<\/p>\n<p>Mesa de comedor con incrustaciones de m\u00e1rmol, mesa de centro Pietra Dura, tablero de mesa de comedor,<\/p>\n<p>Mesa de Marqueter\u00eda Arte Marqueter\u00eda M\u00e1rmol, Muebles Marqueter\u00eda,<\/p>\n<p>Espacios p\u00fablicos, clubes de alto nivel y clubes privados,<\/p>\n<p>Salas de exposiciones, boutiques, museos, iglesias, mezquitas, etc.<\/p>","protected":false},"featured_media":1416,"template":"","meta":{"_joinchat":[]},"product_brand":[],"product_cat":[23],"product_tag":[],"class_list":{"0":"post-1414","1":"product","2":"type-product","3":"status-publish","4":"has-post-thumbnail","6":"product_cat-marble-inlay-table","8":"first","9":"instock","10":"shipping-taxable","11":"product-type-simple"},"_links":{"self":[{"href":"https:\/\/www.smmarbleinlay.com\/es\/wp-json\/wp\/v2\/product\/1414","targetHints":{"allow":["GET"]}}],"collection":[{"href":"https:\/\/www.smmarbleinlay.com\/es\/wp-json\/wp\/v2\/product"}],"about":[{"href":"https:\/\/www.smmarbleinlay.com\/es\/wp-json\/wp\/v2\/types\/product"}],"wp:featuredmedia":[{"embeddable":true,"href":"https:\/\/www.smmarbleinlay.com\/es\/wp-json\/wp\/v2\/media\/1416"}],"wp:attachment":[{"href":"https:\/\/www.smmarbleinlay.com\/es\/wp-json\/wp\/v2\/media?parent=1414"}],"wp:term":[{"taxonomy":"product_brand","embeddable":true,"href":"https:\/\/www.smmarbleinlay.com\/es\/wp-json\/wp\/v2\/product_brand?post=1414"},{"taxonomy":"product_cat","embeddable":true,"href":"https:\/\/www.smmarbleinlay.com\/es\/wp-json\/wp\/v2\/product_cat?post=1414"},{"taxonomy":"product_tag","embeddable":true,"href":"https:\/\/www.smmarbleinlay.com\/es\/wp-json\/wp\/v2\/product_tag?post=1414"}],"curies":[{"name":"wp","href":"https:\/\/api.w.org\/{rel}","templated":true}]}}