{"id":1418,"date":"2025-03-27T10:10:31","date_gmt":"2025-03-27T02:10:31","guid":{"rendered":"https:\/\/www.smmarbleinlay.com\/?post_type=product&#038;p=1418"},"modified":"2025-04-09T16:00:07","modified_gmt":"2025-04-09T08:00:07","slug":"luxury-marble-inlay-table-with-parchinkari-art","status":"publish","type":"product","link":"https:\/\/www.smmarbleinlay.com\/es\/producto\/luxury-marble-inlay-table-with-parchinkari-art\/","title":{"rendered":"Mesa de lujo con incrustaciones de m\u00e1rmol y arte Parchinkari"},"content":{"rendered":"<h2><strong>Mesa de lujo con incrustaciones de m\u00e1rmol Parchinkari Art Pietra Dura<\/strong><\/h2>\n<p>Esta exquisita mesa de incrustaciones de m\u00e1rmol muestra la mejor artesan\u00eda en incrustaciones de m\u00e1rmol cl\u00e1sico, mezclando m\u00e1rmol natural, piedras preciosas, piedras semipreciosas y piedras de lujo para crear una obra maestra atemporal.<\/p>\n<p>Inspirado en el arte y la artesan\u00eda Parchinkari, el dise\u00f1o de la mesa de m\u00e1rmol con incrustaciones presenta intrincados motivos florales, elegantes volutas y patrones sim\u00e9tricos, meticulosamente elaborados para realzar cualquier interior lujoso.<\/p>\n<p>La armoniosa combinaci\u00f3n de oro c\u00e1lido, azul intenso y vibrantes elementos florales crea una est\u00e9tica opulenta y sofisticada.<\/p>\n<h2>Lujosa mesa con incrustaciones de m\u00e1rmol y arte Parchinkari para grandes espacios<\/h2>\n<p>Este tablero de incrustaci\u00f3n es ideal para comedores de lujo, salones cl\u00e1sicos o interiores de oficinas de alta gama, ya que sirve tanto de pieza funcional como de declaraci\u00f3n de arte.<\/p>\n<p>Con su incomparable belleza y precisi\u00f3n, esta mesa con incrustaciones de m\u00e1rmol encarna la elegancia y el patrimonio, lo que la convierte en un complemento perfecto para casas y villas de lujo.<\/p>","protected":false},"excerpt":{"rendered":"<p><strong>N\u00famero de art\u00edculo: <\/strong>TA6I001<\/p>\n<p><strong>Material:<\/strong>\u00a0Mable, Piedra preciosa. (incrustaci\u00f3n de m\u00e1rmol material de la tabla se puede personalizar)<\/p>\n<p><strong>Tama\u00f1o:<\/strong>\u00a0Tama\u00f1o a medida<\/p>\n<p><strong>Dise\u00f1o:<\/strong>\u00a0Dise\u00f1os de mesas con incrustaciones de m\u00e1rmol est\u00e1ndar o personalizadas<\/p>\n<p><strong>Aplicaci\u00f3n:<\/strong>\u00a0Villas y casas de lujo, hoteles y complejos tur\u00edsticos, espacios comerciales,<\/p>\n<p>Mesa de comedor con incrustaciones de m\u00e1rmol, mesa de centro Pietra Dura, tablero de mesa de comedor,<\/p>\n<p>Comedores de lujo, salones cl\u00e1sicos o interiores de oficina de alta gama,<\/p>\n<p>Mesa de Marqueter\u00eda Arte Marqueter\u00eda M\u00e1rmol, Muebles Marqueter\u00eda,<\/p>\n<p>Espacios p\u00fablicos, clubes de alto nivel y clubes privados,<\/p>\n<p>Salas de exposiciones, boutiques, museos, iglesias, mezquitas, etc.<\/p>","protected":false},"featured_media":1419,"template":"","meta":{"_joinchat":[]},"product_brand":[],"product_cat":[23],"product_tag":[],"class_list":{"0":"post-1418","1":"product","2":"type-product","3":"status-publish","4":"has-post-thumbnail","6":"product_cat-marble-inlay-table","8":"first","9":"instock","10":"shipping-taxable","11":"product-type-simple"},"_links":{"self":[{"href":"https:\/\/www.smmarbleinlay.com\/es\/wp-json\/wp\/v2\/product\/1418","targetHints":{"allow":["GET"]}}],"collection":[{"href":"https:\/\/www.smmarbleinlay.com\/es\/wp-json\/wp\/v2\/product"}],"about":[{"href":"https:\/\/www.smmarbleinlay.com\/es\/wp-json\/wp\/v2\/types\/product"}],"wp:featuredmedia":[{"embeddable":true,"href":"https:\/\/www.smmarbleinlay.com\/es\/wp-json\/wp\/v2\/media\/1419"}],"wp:attachment":[{"href":"https:\/\/www.smmarbleinlay.com\/es\/wp-json\/wp\/v2\/media?parent=1418"}],"wp:term":[{"taxonomy":"product_brand","embeddable":true,"href":"https:\/\/www.smmarbleinlay.com\/es\/wp-json\/wp\/v2\/product_brand?post=1418"},{"taxonomy":"product_cat","embeddable":true,"href":"https:\/\/www.smmarbleinlay.com\/es\/wp-json\/wp\/v2\/product_cat?post=1418"},{"taxonomy":"product_tag","embeddable":true,"href":"https:\/\/www.smmarbleinlay.com\/es\/wp-json\/wp\/v2\/product_tag?post=1418"}],"curies":[{"name":"wp","href":"https:\/\/api.w.org\/{rel}","templated":true}]}}