{"id":1427,"date":"2025-03-27T10:38:04","date_gmt":"2025-03-27T02:38:04","guid":{"rendered":"https:\/\/www.smmarbleinlay.com\/?post_type=product&#038;p=1427"},"modified":"2025-04-09T15:50:14","modified_gmt":"2025-04-09T07:50:14","slug":"contemporary-marble-inlay-table","status":"publish","type":"product","link":"https:\/\/www.smmarbleinlay.com\/es\/producto\/contemporary-marble-inlay-table\/","title":{"rendered":"Mesa contempor\u00e1nea con incrustaciones de m\u00e1rmol en blanco y negro"},"content":{"rendered":"<h2>Mesa contempor\u00e1nea con incrustaciones de m\u00e1rmol negro: <strong>Dise\u00f1o atemporal con m\u00e1rmol cl\u00e1sico<\/strong><\/h2>\n<p>Esta mesa contempor\u00e1nea con incrustaciones de m\u00e1rmol negro presenta un llamativo dise\u00f1o en damero blanco y negro, elaborado con m\u00e1rmol de alta calidad.<\/p>\n<p>La cl\u00e1sica y contempor\u00e1nea superficie negra de la mesa con incrustaciones de m\u00e1rmol combina la elegancia tradicional con el estilo moderno, por lo que encaja a la perfecci\u00f3n en cualquier interior contempor\u00e1neo.<\/p>\n<h2><strong>Artesan\u00eda exquisita: Pietra Dura<\/strong><\/h2>\n<p>La mesa de incrustaciones de m\u00e1rmol muestra el excepcional arte de Pietra Dura, con intrincadas incrustaciones cuidadosamente incrustadas en el m\u00e1rmol.<\/p>\n<p>Este trabajo artesanal garantiza tanto la belleza como la durabilidad, proporcionando una superficie que resiste el paso del tiempo.<\/p>\n<h2><strong>Durabilidad y estilo combinados<\/strong><\/h2>\n<p>Fabricada en m\u00e1rmol de primera calidad, esta mesa no s\u00f3lo es visualmente atractiva, sino que tambi\u00e9n est\u00e1 hecha para durar.<\/p>\n<p>Su moderno dise\u00f1o garantiza que siga siendo una pieza atemporal en su hogar u oficina, ofreciendo tanto funcionalidad como belleza duradera.<\/p>\n<h2><strong>Perfecto para interiores modernos<\/strong><\/h2>\n<p>Ya sea como mesa de comedor o como elegante elemento decorativo, esta mesa con incrustaciones de m\u00e1rmol est\u00e1 dise\u00f1ada para realzar cualquier espacio.<\/p>\n<p>Su dise\u00f1o elegante y minimalista lo convierte en un complemento vers\u00e1til para ambientes contempor\u00e1neos.<\/p>","protected":false},"excerpt":{"rendered":"<p><strong>N\u00famero de art\u00edculo: <\/strong>TA4G004<\/p>\n<p><strong>Material:<\/strong>\u00a0Mable, Piedra preciosa. (incrustaci\u00f3n de m\u00e1rmol material de la tabla se puede personalizar)<\/p>\n<p><strong>Tama\u00f1o:<\/strong>\u00a0Tama\u00f1o a medida<\/p>\n<p><strong>Dise\u00f1o:<\/strong>\u00a0Dise\u00f1os de mesas con incrustaciones de m\u00e1rmol est\u00e1ndar o personalizadas<\/p>\n<p><strong>Aplicaci\u00f3n:<\/strong>\u00a0Villas y casas de lujo, hoteles y complejos tur\u00edsticos, espacios comerciales,<\/p>\n<p>Mesa de comedor con incrustaciones de m\u00e1rmol, mesa de centro Pietra Dura, tablero de mesa de comedor,<\/p>\n<p>Comedores de lujo, salones cl\u00e1sicos o interiores de oficina de alta gama,<\/p>\n<p>Mesa de Marqueter\u00eda Arte Marqueter\u00eda M\u00e1rmol, Muebles Marqueter\u00eda,<\/p>\n<p>Espacios p\u00fablicos, clubes de alto nivel y clubes privados,<\/p>\n<p>Salas de exposiciones, boutiques, museos, iglesias, mezquitas, etc.<\/p>","protected":false},"featured_media":1428,"template":"","meta":{"_joinchat":[]},"product_brand":[],"product_cat":[23],"product_tag":[],"class_list":{"0":"post-1427","1":"product","2":"type-product","3":"status-publish","4":"has-post-thumbnail","6":"product_cat-marble-inlay-table","8":"first","9":"instock","10":"shipping-taxable","11":"product-type-simple"},"_links":{"self":[{"href":"https:\/\/www.smmarbleinlay.com\/es\/wp-json\/wp\/v2\/product\/1427","targetHints":{"allow":["GET"]}}],"collection":[{"href":"https:\/\/www.smmarbleinlay.com\/es\/wp-json\/wp\/v2\/product"}],"about":[{"href":"https:\/\/www.smmarbleinlay.com\/es\/wp-json\/wp\/v2\/types\/product"}],"wp:featuredmedia":[{"embeddable":true,"href":"https:\/\/www.smmarbleinlay.com\/es\/wp-json\/wp\/v2\/media\/1428"}],"wp:attachment":[{"href":"https:\/\/www.smmarbleinlay.com\/es\/wp-json\/wp\/v2\/media?parent=1427"}],"wp:term":[{"taxonomy":"product_brand","embeddable":true,"href":"https:\/\/www.smmarbleinlay.com\/es\/wp-json\/wp\/v2\/product_brand?post=1427"},{"taxonomy":"product_cat","embeddable":true,"href":"https:\/\/www.smmarbleinlay.com\/es\/wp-json\/wp\/v2\/product_cat?post=1427"},{"taxonomy":"product_tag","embeddable":true,"href":"https:\/\/www.smmarbleinlay.com\/es\/wp-json\/wp\/v2\/product_tag?post=1427"}],"curies":[{"name":"wp","href":"https:\/\/api.w.org\/{rel}","templated":true}]}}