{"id":1431,"date":"2025-03-27T10:43:06","date_gmt":"2025-03-27T02:43:06","guid":{"rendered":"https:\/\/www.smmarbleinlay.com\/?post_type=product&#038;p=1431"},"modified":"2025-04-09T15:45:00","modified_gmt":"2025-04-09T07:45:00","slug":"contemporary-marble-inlay-table-black-white","status":"publish","type":"product","link":"https:\/\/www.smmarbleinlay.com\/es\/producto\/contemporary-marble-inlay-table-black-white\/","title":{"rendered":"Mesa contempor\u00e1nea con incrustaciones de m\u00e1rmol en blanco y negro"},"content":{"rendered":"<h2>Mesa moderna con incrustaciones de m\u00e1rmol en blanco y negro <strong>Dise\u00f1o elegante con m\u00e1rmol cl\u00e1sico<\/strong><\/h2>\n<p>Esta mesa contempor\u00e1nea de m\u00e1rmol con incrustaciones presenta un llamativo dise\u00f1o de tablero de damas en blanco y negro, elaborado con m\u00e1rmol de primera calidad.<\/p>\n<p>Su atrevido dise\u00f1o aporta un toque moderno y minimalista a cualquier estancia, mientras que el cl\u00e1sico material de m\u00e1rmol garantiza una elegancia atemporal.<\/p>\n<h2><strong>Artesan\u00eda de Pietra Dura<\/strong><\/h2>\n<p>Esta mesa, elaborada con la antigua t\u00e9cnica de Pietra Dura, presenta intrincadas incrustaciones de m\u00e1rmol meticulosamente incrustadas en la superficie.<\/p>\n<p>El resultado es una impresionante obra de arte en la que la artesan\u00eda tradicional se une al dise\u00f1o contempor\u00e1neo.<\/p>\n<h2><strong>Durabilidad y practicidad<\/strong><\/h2>\n<p>Fabricado en m\u00e1rmol de alta calidad, este tablero de incrustaci\u00f3n no s\u00f3lo es visualmente atractivo, sino tambi\u00e9n incre\u00edblemente duradero.<\/p>\n<p>La resistencia natural del m\u00e1rmol garantiza unas prestaciones duraderas, por lo que es perfecto para el uso diario y mantiene su belleza con el paso del tiempo.<\/p>\n<h2><strong>Perfecto para espacios modernos<\/strong><\/h2>\n<p>Ya sea como mesa de comedor o como pieza destacada en su sal\u00f3n, esta mesa con incrustaciones de m\u00e1rmol eleva su espacio con su sofisticado dise\u00f1o.<\/p>\n<p>Su est\u00e9tica vers\u00e1til encaja a la perfecci\u00f3n en los interiores contempor\u00e1neos, ofreciendo tanto estilo como funcionalidad.<\/p>","protected":false},"excerpt":{"rendered":"<p><strong>N\u00famero de art\u00edculo: <\/strong>TA4G005<\/p>\n<p><strong>Material:<\/strong>\u00a0Mable, Piedra preciosa. (incrustaci\u00f3n de m\u00e1rmol material de la tabla se puede personalizar)<\/p>\n<p><strong>Tama\u00f1o:<\/strong>\u00a0Tama\u00f1o a medida<\/p>\n<p><strong>Dise\u00f1o:<\/strong>\u00a0Dise\u00f1os de mesas con incrustaciones de m\u00e1rmol est\u00e1ndar o personalizadas<\/p>\n<p><strong>Aplicaci\u00f3n:<\/strong>\u00a0Villas y casas de lujo, hoteles y complejos tur\u00edsticos, espacios comerciales,<\/p>\n<p>Mesa de comedor con incrustaciones de m\u00e1rmol, mesa de centro Pietra Dura, tablero de mesa de comedor,<\/p>\n<p>Comedores de lujo, salones cl\u00e1sicos o interiores de oficina de alta gama,<\/p>\n<p>Mesa de Marqueter\u00eda Arte Marqueter\u00eda M\u00e1rmol, Muebles Marqueter\u00eda,<\/p>\n<p>Espacios p\u00fablicos, clubes de alto nivel y clubes privados,<\/p>\n<p>Salas de exposiciones, boutiques, museos, iglesias, mezquitas, etc.<\/p>","protected":false},"featured_media":1432,"template":"","meta":{"_joinchat":[]},"product_brand":[],"product_cat":[23],"product_tag":[],"class_list":{"0":"post-1431","1":"product","2":"type-product","3":"status-publish","4":"has-post-thumbnail","6":"product_cat-marble-inlay-table","8":"first","9":"instock","10":"shipping-taxable","11":"product-type-simple"},"_links":{"self":[{"href":"https:\/\/www.smmarbleinlay.com\/es\/wp-json\/wp\/v2\/product\/1431","targetHints":{"allow":["GET"]}}],"collection":[{"href":"https:\/\/www.smmarbleinlay.com\/es\/wp-json\/wp\/v2\/product"}],"about":[{"href":"https:\/\/www.smmarbleinlay.com\/es\/wp-json\/wp\/v2\/types\/product"}],"wp:featuredmedia":[{"embeddable":true,"href":"https:\/\/www.smmarbleinlay.com\/es\/wp-json\/wp\/v2\/media\/1432"}],"wp:attachment":[{"href":"https:\/\/www.smmarbleinlay.com\/es\/wp-json\/wp\/v2\/media?parent=1431"}],"wp:term":[{"taxonomy":"product_brand","embeddable":true,"href":"https:\/\/www.smmarbleinlay.com\/es\/wp-json\/wp\/v2\/product_brand?post=1431"},{"taxonomy":"product_cat","embeddable":true,"href":"https:\/\/www.smmarbleinlay.com\/es\/wp-json\/wp\/v2\/product_cat?post=1431"},{"taxonomy":"product_tag","embeddable":true,"href":"https:\/\/www.smmarbleinlay.com\/es\/wp-json\/wp\/v2\/product_tag?post=1431"}],"curies":[{"name":"wp","href":"https:\/\/api.w.org\/{rel}","templated":true}]}}