{"id":1442,"date":"2025-03-27T11:39:07","date_gmt":"2025-03-27T03:39:07","guid":{"rendered":"https:\/\/www.smmarbleinlay.com\/?post_type=product&#038;p=1442"},"modified":"2025-04-09T15:35:01","modified_gmt":"2025-04-09T07:35:01","slug":"classic-marble-inlay-table-a-fusion-of-art-and-luxury","status":"publish","type":"product","link":"https:\/\/www.smmarbleinlay.com\/es\/producto\/classic-marble-inlay-table-a-fusion-of-art-and-luxury\/","title":{"rendered":"Mesa cl\u00e1sica con incrustaciones de m\u00e1rmol: Una fusi\u00f3n de arte y lujo"},"content":{"rendered":"<h2>Mesa cl\u00e1sica con incrustaciones de m\u00e1rmol: La esencia del lujo<\/h2>\n<p>Esta mesa cl\u00e1sica con incrustaciones de m\u00e1rmol est\u00e1 elaborada con los mejores m\u00e1rmoles, piedras de lujo y piedras preciosas, y hace gala de una elegancia y durabilidad incomparables.<\/p>\n<p>La profunda base de m\u00e1rmol negro realza el brillo de las intrincadas incrustaciones, convirti\u00e9ndola en una pieza llamativa.<\/p>\n<h2>Pietra Dure: El arte intemporal de la incrustaci\u00f3n en piedra<\/h2>\n<p>Inspirada en la exquisita tradici\u00f3n de la Pietra Dure, esta mesa presenta intrincados motivos florales y enredaderas, meticulosamente elaborados a mano con piedras semipreciosas.<\/p>\n<p>Cada delicado detalle refleja la precisi\u00f3n y maestr\u00eda de los artesanos, garantizando una obra de arte imperecedera.<\/p>\n<h2>Composici\u00f3n armoniosa de colores y dise\u00f1os<\/h2>\n<p>Los elementos de arte y artesan\u00eda parchinkari de la mesa se destacan mediante un armonioso equilibrio de tonos dorados, blancos y terrosos contra el rico m\u00e1rmol negro.<\/p>\n<p>Los elegantes motivos circulares y los arreglos florales evocan una sensaci\u00f3n de encanto real, perfecta para interiores de lujo cl\u00e1sicos y contempor\u00e1neos.<\/p>\n<h2>Aplicaciones vers\u00e1tiles en grandes espacios<\/h2>\n<p>Ideal para residencias de alto standing, hoteles de lujo y fincas privadas, esta mesa con incrustaciones de m\u00e1rmol realza a la perfecci\u00f3n comedores, salones y espacios de recepci\u00f3n.<\/p>\n<p>Ya sea como centro de mesa funcional o como declaraci\u00f3n art\u00edstica, su belleza y sofisticaci\u00f3n lo convierten en un complemento inolvidable para cualquier ambiente opulento.<\/p>","protected":false},"excerpt":{"rendered":"<p><strong>N\u00famero de art\u00edculo: <\/strong>TA6I004<\/p>\n<p><strong>Material:<\/strong>\u00a0Mable, Piedra preciosa. (incrustaci\u00f3n de m\u00e1rmol material de la tabla se puede personalizar)<\/p>\n<p><strong>Tama\u00f1o:<\/strong>\u00a0Tama\u00f1o a medida<\/p>\n<p><strong>Dise\u00f1o:<\/strong>\u00a0Dise\u00f1os de mesas con incrustaciones de m\u00e1rmol est\u00e1ndar o personalizadas<\/p>\n<p><strong>Aplicaci\u00f3n:<\/strong>\u00a0Villas y casas de lujo, hoteles y complejos tur\u00edsticos, espacios comerciales,<\/p>\n<p>Mesa de comedor con incrustaciones de m\u00e1rmol, mesa de centro Pietra Dura, tablero de mesa de comedor,<\/p>\n<p>Comedores de lujo, salones cl\u00e1sicos o interiores de oficina de alta gama,<\/p>\n<p>Mesa de Marqueter\u00eda Arte Marqueter\u00eda M\u00e1rmol, Muebles Marqueter\u00eda,<\/p>\n<p>Espacios p\u00fablicos, clubes de alto nivel y clubes privados,<\/p>\n<p>Salas de exposiciones, boutiques, museos, iglesias, mezquitas, etc.<\/p>","protected":false},"featured_media":1443,"template":"","meta":{"_joinchat":[]},"product_brand":[],"product_cat":[23],"product_tag":[],"class_list":{"0":"post-1442","1":"product","2":"type-product","3":"status-publish","4":"has-post-thumbnail","6":"product_cat-marble-inlay-table","8":"first","9":"instock","10":"shipping-taxable","11":"product-type-simple"},"_links":{"self":[{"href":"https:\/\/www.smmarbleinlay.com\/es\/wp-json\/wp\/v2\/product\/1442","targetHints":{"allow":["GET"]}}],"collection":[{"href":"https:\/\/www.smmarbleinlay.com\/es\/wp-json\/wp\/v2\/product"}],"about":[{"href":"https:\/\/www.smmarbleinlay.com\/es\/wp-json\/wp\/v2\/types\/product"}],"wp:featuredmedia":[{"embeddable":true,"href":"https:\/\/www.smmarbleinlay.com\/es\/wp-json\/wp\/v2\/media\/1443"}],"wp:attachment":[{"href":"https:\/\/www.smmarbleinlay.com\/es\/wp-json\/wp\/v2\/media?parent=1442"}],"wp:term":[{"taxonomy":"product_brand","embeddable":true,"href":"https:\/\/www.smmarbleinlay.com\/es\/wp-json\/wp\/v2\/product_brand?post=1442"},{"taxonomy":"product_cat","embeddable":true,"href":"https:\/\/www.smmarbleinlay.com\/es\/wp-json\/wp\/v2\/product_cat?post=1442"},{"taxonomy":"product_tag","embeddable":true,"href":"https:\/\/www.smmarbleinlay.com\/es\/wp-json\/wp\/v2\/product_tag?post=1442"}],"curies":[{"name":"wp","href":"https:\/\/api.w.org\/{rel}","templated":true}]}}