{"id":1460,"date":"2025-03-27T15:34:01","date_gmt":"2025-03-27T07:34:01","guid":{"rendered":"https:\/\/www.smmarbleinlay.com\/?post_type=product&#038;p=1460"},"modified":"2025-04-09T15:19:47","modified_gmt":"2025-04-09T07:19:47","slug":"elegant-marble-inlay-background-wall-a-masterpiece-of-pietra-dura-stone-art","status":"publish","type":"product","link":"https:\/\/www.smmarbleinlay.com\/es\/producto\/elegant-marble-inlay-background-wall-a-masterpiece-of-pietra-dura-stone-art\/","title":{"rendered":"Elegante pared de fondo con incrustaciones de m\u00e1rmol - Una obra maestra del arte en piedra Pietra Dura"},"content":{"rendered":"<h2>Elegante pared de fondo con incrustaciones de m\u00e1rmol - Una obra maestra del arte en piedra Pietra Dura<\/h2>\n<p>Esta elegante decoraci\u00f3n de fondo de pared con incrustaciones de m\u00e1rmol es una impresionante representaci\u00f3n de la artesan\u00eda tradicional, que combina las t\u00e9cnicas de la piedra Pietra dura con la est\u00e9tica moderna.<\/p>\n<p>El intrincado dise\u00f1o de las incrustaciones de m\u00e1rmol de la pared representa un sereno paisaje de monta\u00f1as onduladas, r\u00edos tranquilos y exuberante vegetaci\u00f3n, inspirado en las pinturas cl\u00e1sicas chinas.<\/p>\n<p>Tonos terrosos de beige, marr\u00f3n y verde intenso armonizan con el m\u00e1rmol de estilo, creando un ambiente atemporal y sofisticado.<\/p>\n<p>Ejemplo del mejor arte y artesan\u00eda Parchinkari, este panel de pared con incrustaciones de m\u00e1rmol est\u00e1 meticulosamente elaborado, mostrando un excepcional trabajo de incrustaci\u00f3n que resalta la belleza de la piedra natural.<\/p>\n<h2>Aplicaci\u00f3n de la elegante incrustaci\u00f3n de m\u00e1rmol en el fondo de la pared<\/h2>\n<p>La textura sutil y los detalles refinados aportan profundidad y elegancia al espacio, convirti\u00e9ndola en una pieza central ideal para interiores de lujo.<\/p>\n<p>Esta pared de piedra con incrustaciones de m\u00e1rmol es perfecta para entornos residenciales de alta gama, hoteles, casas de t\u00e9, centros culturales y espacios corporativos, a\u00f1adiendo un toque de grandeza art\u00edstica.<\/p>\n<p>Tanto si se utiliza en un sal\u00f3n, una zona de recepci\u00f3n o un refugio privado, esta obra maestra realza el entorno con su exquisita mezcla de naturaleza y arte.<\/p>","protected":false},"excerpt":{"rendered":"<p><strong>N\u00famero de art\u00edculo: <\/strong>WA4G003<\/p>\n<p><strong>Material:<\/strong>\u00a0M\u00e1rmol, piedra preciosa. (incrustaci\u00f3n de m\u00e1rmol panel de pared material puede ser personalizado)<\/p>\n<p><strong>Tama\u00f1o:<\/strong>\u00a0Tama\u00f1o a medida de cualquier decoraci\u00f3n de pared con incrustaciones de m\u00e1rmol<\/p>\n<p><strong>Dise\u00f1o:<\/strong>\u00a0Dise\u00f1os de incrustaciones de m\u00e1rmol est\u00e1ndar o personalizados<\/p>\n<p><strong>Aplicaci\u00f3n:<\/strong>\u00a0Villas y casas de lujo, hoteles y complejos tur\u00edsticos, espacios comerciales,<\/p>\n<p>Sala de estar, Panel de pared destacado, Decoraci\u00f3n de pared, Arte de pared con incrustaciones, Arte de pared en piedra,<\/p>\n<p>Espacios p\u00fablicos, entrada y vest\u00edbulo, clubes de alto nivel y clubes privados,<\/p>\n<p>Salas de exposiciones, boutiques, museos, iglesias, mezquitas, etc.<\/p>","protected":false},"featured_media":1461,"template":"","meta":{"_joinchat":[]},"product_brand":[],"product_cat":[22],"product_tag":[],"class_list":{"0":"post-1460","1":"product","2":"type-product","3":"status-publish","4":"has-post-thumbnail","6":"product_cat-marble-inlay-wall-decor","8":"first","9":"instock","10":"shipping-taxable","11":"product-type-simple"},"_links":{"self":[{"href":"https:\/\/www.smmarbleinlay.com\/es\/wp-json\/wp\/v2\/product\/1460","targetHints":{"allow":["GET"]}}],"collection":[{"href":"https:\/\/www.smmarbleinlay.com\/es\/wp-json\/wp\/v2\/product"}],"about":[{"href":"https:\/\/www.smmarbleinlay.com\/es\/wp-json\/wp\/v2\/types\/product"}],"wp:featuredmedia":[{"embeddable":true,"href":"https:\/\/www.smmarbleinlay.com\/es\/wp-json\/wp\/v2\/media\/1461"}],"wp:attachment":[{"href":"https:\/\/www.smmarbleinlay.com\/es\/wp-json\/wp\/v2\/media?parent=1460"}],"wp:term":[{"taxonomy":"product_brand","embeddable":true,"href":"https:\/\/www.smmarbleinlay.com\/es\/wp-json\/wp\/v2\/product_brand?post=1460"},{"taxonomy":"product_cat","embeddable":true,"href":"https:\/\/www.smmarbleinlay.com\/es\/wp-json\/wp\/v2\/product_cat?post=1460"},{"taxonomy":"product_tag","embeddable":true,"href":"https:\/\/www.smmarbleinlay.com\/es\/wp-json\/wp\/v2\/product_tag?post=1460"}],"curies":[{"name":"wp","href":"https:\/\/api.w.org\/{rel}","templated":true}]}}