{"id":1463,"date":"2025-03-27T15:37:51","date_gmt":"2025-03-27T07:37:51","guid":{"rendered":"https:\/\/www.smmarbleinlay.com\/?post_type=product&#038;p=1463"},"modified":"2025-04-09T15:14:41","modified_gmt":"2025-04-09T07:14:41","slug":"exquisite-marble-inlay-stone-wall-decor","status":"publish","type":"product","link":"https:\/\/www.smmarbleinlay.com\/es\/producto\/exquisite-marble-inlay-stone-wall-decor\/","title":{"rendered":"Exquisita decoraci\u00f3n de pared con incrustaciones de m\u00e1rmol"},"content":{"rendered":"<h2>Exquisita decoraci\u00f3n de pared con incrustaciones de m\u00e1rmol<\/h2>\n<p>Esta lujosa y exquisita decoraci\u00f3n de pared con incrustaciones de m\u00e1rmol es una obra maestra del arte de la piedra Pietra dura, que muestra una intrincada mezcla de incrustaciones de piedra natural que reflejan la elegancia del arte y la artesan\u00eda Parchinkari.<\/p>\n<p>La pared presenta un impresionante dise\u00f1o floral con tonos c\u00e1lidos y terrosos complementados con suaves matices crema y beige, lo que la convierte en un complemento perfecto para interiores de lujo.<\/p>\n<h2>Lujosa decoraci\u00f3n de pared con incrustaciones de m\u00e1rmol para grandes interiores<\/h2>\n<p>Elaborado con m\u00e1rmol de alta calidad, este panel de pared Marble Inlay integra las mejores t\u00e9cnicas de dise\u00f1o de incrustaciones, garantizando una est\u00e9tica perfecta y atemporal.<\/p>\n<p>El intrincado trabajo de incrustaci\u00f3n forma un mural impresionante, ideal para grandes vest\u00edbulos, hoteles de lujo, residencias de lujo y espacios comerciales que exigen sofisticaci\u00f3n.<\/p>\n<p>Ya sea adornando escaleras, paredes de acento o grandes vest\u00edbulos, esta pared de piedra con incrustaciones de m\u00e1rmol sirve como una pieza de declaraci\u00f3n, mezclando la herencia art\u00edstica con el lujo moderno.<\/p>\n<p>Es una exquisita representaci\u00f3n de la artesan\u00eda tradicional combinada con la sensibilidad del dise\u00f1o contempor\u00e1neo, lo que la convierte en una aut\u00e9ntica obra de arte.<\/p>","protected":false},"excerpt":{"rendered":"<p><strong>N\u00famero de art\u00edculo: <\/strong>WA4G004<\/p>\n<p><strong>Material:<\/strong>\u00a0M\u00e1rmol, piedra preciosa. (incrustaci\u00f3n de m\u00e1rmol panel de pared material puede ser personalizado)<\/p>\n<p><strong>Tama\u00f1o:<\/strong>\u00a0Tama\u00f1o a medida de cualquier decoraci\u00f3n de pared con incrustaciones de m\u00e1rmol<\/p>\n<p><strong>Dise\u00f1o:<\/strong>\u00a0Dise\u00f1os de incrustaciones de m\u00e1rmol est\u00e1ndar o personalizados<\/p>\n<p><strong>Aplicaci\u00f3n:<\/strong>\u00a0Villas y casas de lujo, hoteles y complejos tur\u00edsticos, espacios comerciales,<\/p>\n<p>Sala de estar, Panel de pared destacado, Decoraci\u00f3n de pared, Arte de pared con incrustaciones, Arte de pared en piedra,<\/p>\n<p>Espacios p\u00fablicos, entrada y vest\u00edbulo, clubes de alto nivel y clubes privados,<\/p>\n<p>Salas de exposiciones, boutiques, museos, iglesias, mezquitas, etc.<\/p>","protected":false},"featured_media":1464,"template":"","meta":{"_joinchat":[]},"product_brand":[],"product_cat":[22],"product_tag":[],"class_list":{"0":"post-1463","1":"product","2":"type-product","3":"status-publish","4":"has-post-thumbnail","6":"product_cat-marble-inlay-wall-decor","8":"first","9":"instock","10":"shipping-taxable","11":"product-type-simple"},"_links":{"self":[{"href":"https:\/\/www.smmarbleinlay.com\/es\/wp-json\/wp\/v2\/product\/1463","targetHints":{"allow":["GET"]}}],"collection":[{"href":"https:\/\/www.smmarbleinlay.com\/es\/wp-json\/wp\/v2\/product"}],"about":[{"href":"https:\/\/www.smmarbleinlay.com\/es\/wp-json\/wp\/v2\/types\/product"}],"wp:featuredmedia":[{"embeddable":true,"href":"https:\/\/www.smmarbleinlay.com\/es\/wp-json\/wp\/v2\/media\/1464"}],"wp:attachment":[{"href":"https:\/\/www.smmarbleinlay.com\/es\/wp-json\/wp\/v2\/media?parent=1463"}],"wp:term":[{"taxonomy":"product_brand","embeddable":true,"href":"https:\/\/www.smmarbleinlay.com\/es\/wp-json\/wp\/v2\/product_brand?post=1463"},{"taxonomy":"product_cat","embeddable":true,"href":"https:\/\/www.smmarbleinlay.com\/es\/wp-json\/wp\/v2\/product_cat?post=1463"},{"taxonomy":"product_tag","embeddable":true,"href":"https:\/\/www.smmarbleinlay.com\/es\/wp-json\/wp\/v2\/product_tag?post=1463"}],"curies":[{"name":"wp","href":"https:\/\/api.w.org\/{rel}","templated":true}]}}