{"id":1466,"date":"2025-03-27T15:42:25","date_gmt":"2025-03-27T07:42:25","guid":{"rendered":"https:\/\/www.smmarbleinlay.com\/?post_type=product&#038;p=1466"},"modified":"2025-04-09T15:10:00","modified_gmt":"2025-04-09T07:10:00","slug":"prosperity-tree-luxury-inlay-marble-stone-wall","status":"publish","type":"product","link":"https:\/\/www.smmarbleinlay.com\/es\/producto\/prosperity-tree-luxury-inlay-marble-stone-wall\/","title":{"rendered":"Prosperity Tree - Pared de m\u00e1rmol con incrustaciones de lujo"},"content":{"rendered":"<h2>\u00c1rbol de la prosperidad - Pared de m\u00e1rmol con incrustaciones de lujo Exquisito arte y simbolismo<\/h2>\n<p>Este asombroso y lujoso muro de m\u00e1rmol incrustado presenta un intrincado \u00c1rbol de la Prosperidad, un dise\u00f1o profundamente arraigado en el simbolismo.<\/p>\n<p>El \u00e1rbol, que representa la riqueza, la abundancia y la buena fortuna, est\u00e1 adornado con monedas de oro y ornamentos auspiciosos, lo que lo convierte en una pieza perfecta para interiores de lujo.<\/p>\n<p>La exquisita y lujosa artesan\u00eda de las paredes de m\u00e1rmol con incrustaciones refleja la elegancia del dise\u00f1o de las incrustaciones de piedra Pietra Dura y la herencia del arte y la artesan\u00eda parchinkari.<\/p>\n<h2>Materiales y artesan\u00eda de primera calidad<\/h2>\n<p>Elaborado a partir de una lujosa combinaci\u00f3n de elementos de m\u00e1rmol natural, lat\u00f3n y cobre, este dise\u00f1o de incrustaciones de m\u00e1rmol realza tanto su atractivo visual como su significado simb\u00f3lico.<\/p>\n<p>Los tonos dorados de las monedas y los acentos contrastan a la perfecci\u00f3n con la rica piedra natural, irradiando una elegancia atemporal.<\/p>\n<p>El uso de incrustaciones garantiza la durabilidad al tiempo que mantiene una est\u00e9tica refinada.<\/p>\n<h2>Aplicaci\u00f3n y elegancia interior<\/h2>\n<p>Ideal para villas de lujo, grandes entradas, vest\u00edbulos de hoteles y espacios corporativos, esta pieza de m\u00e1rmol para pared a\u00f1ade un ambiente regio y auspicioso.<\/p>\n<p>Es especialmente adecuado para espacios dise\u00f1ados para reflejar prosperidad y grandeza, como instituciones financieras, centros de negocios y residencias privadas.<\/p>\n<h2>Personalizaci\u00f3n a medida por Stone Master<\/h2>\n<p>Con m\u00e1s de 25 a\u00f1os de experiencia, Stone Master ofrece servicios completos de personalizaci\u00f3n, lo que permite a los clientes personalizar el tama\u00f1o, la selecci\u00f3n de materiales y la paleta de colores para que coincidan con su visi\u00f3n \u00fanica del dise\u00f1o de interiores.<\/p>\n<p>Nuestro equipo de h\u00e1biles artesanos se asegura de que cada detalle de esta pared de piedra con incrustaciones de m\u00e1rmol refleje los m\u00e1s altos est\u00e1ndares de artesan\u00eda.<\/p>\n<p>Transforme su espacio con esta obra maestra de incrustaciones de m\u00e1rmol \u00fanica en su g\u00e9nero, donde la tradici\u00f3n, el lujo y la prosperidad se unen para crear una obra de arte verdaderamente excepcional.<\/p>","protected":false},"excerpt":{"rendered":"<p><strong>N\u00famero de art\u00edculo: <\/strong>WA6I001<\/p>\n<p><strong>Material:<\/strong>\u00a0M\u00e1rmol, piedra preciosa. (incrustaci\u00f3n de m\u00e1rmol panel de pared material puede ser personalizado)<\/p>\n<p><strong>Tama\u00f1o:<\/strong>\u00a0Tama\u00f1o a medida de cualquier decoraci\u00f3n de pared con incrustaciones de m\u00e1rmol<\/p>\n<p><strong>Dise\u00f1o:<\/strong>\u00a0Dise\u00f1os de incrustaciones de m\u00e1rmol est\u00e1ndar o personalizados<\/p>\n<p><strong>Aplicaci\u00f3n:<\/strong>\u00a0Villas y casas de lujo, hoteles y complejos tur\u00edsticos, espacios comerciales,<\/p>\n<p>Sala de estar, Panel de pared destacado, Decoraci\u00f3n de pared, Arte de pared con incrustaciones, Arte de pared en piedra,<\/p>\n<p>Espacios p\u00fablicos, entrada y vest\u00edbulo, clubes de alto nivel y clubes privados,<\/p>\n<p>Salas de exposiciones, boutiques, museos, iglesias, mezquitas, etc.<\/p>","protected":false},"featured_media":1467,"template":"","meta":{"_joinchat":[]},"product_brand":[],"product_cat":[22],"product_tag":[],"class_list":{"0":"post-1466","1":"product","2":"type-product","3":"status-publish","4":"has-post-thumbnail","6":"product_cat-marble-inlay-wall-decor","8":"first","9":"instock","10":"shipping-taxable","11":"product-type-simple"},"_links":{"self":[{"href":"https:\/\/www.smmarbleinlay.com\/es\/wp-json\/wp\/v2\/product\/1466","targetHints":{"allow":["GET"]}}],"collection":[{"href":"https:\/\/www.smmarbleinlay.com\/es\/wp-json\/wp\/v2\/product"}],"about":[{"href":"https:\/\/www.smmarbleinlay.com\/es\/wp-json\/wp\/v2\/types\/product"}],"wp:featuredmedia":[{"embeddable":true,"href":"https:\/\/www.smmarbleinlay.com\/es\/wp-json\/wp\/v2\/media\/1467"}],"wp:attachment":[{"href":"https:\/\/www.smmarbleinlay.com\/es\/wp-json\/wp\/v2\/media?parent=1466"}],"wp:term":[{"taxonomy":"product_brand","embeddable":true,"href":"https:\/\/www.smmarbleinlay.com\/es\/wp-json\/wp\/v2\/product_brand?post=1466"},{"taxonomy":"product_cat","embeddable":true,"href":"https:\/\/www.smmarbleinlay.com\/es\/wp-json\/wp\/v2\/product_cat?post=1466"},{"taxonomy":"product_tag","embeddable":true,"href":"https:\/\/www.smmarbleinlay.com\/es\/wp-json\/wp\/v2\/product_tag?post=1466"}],"curies":[{"name":"wp","href":"https:\/\/api.w.org\/{rel}","templated":true}]}}