{"id":1469,"date":"2025-03-27T15:48:57","date_gmt":"2025-03-27T07:48:57","guid":{"rendered":"https:\/\/www.smmarbleinlay.com\/?post_type=product&#038;p=1469"},"modified":"2025-04-09T14:57:07","modified_gmt":"2025-04-09T06:57:07","slug":"inlay-marble-wall-design-for-luxurious-interiors","status":"publish","type":"product","link":"https:\/\/www.smmarbleinlay.com\/es\/producto\/inlay-marble-wall-design-for-luxurious-interiors\/","title":{"rendered":"Dise\u00f1o de paredes de m\u00e1rmol con incrustaciones para interiores de lujo"},"content":{"rendered":"<h2>Dise\u00f1o de pared de m\u00e1rmol con incrustaciones para un dise\u00f1o interior lujoso y patr\u00f3n de panel de pared de m\u00e1rmol con incrustaciones<\/h2>\n<p>El dise\u00f1o de pared de m\u00e1rmol con incrustaciones para interiores de lujo muestra un exquisito dise\u00f1o de m\u00e1rmol con incrustaciones, que incorpora la artesan\u00eda tradicional de las incrustaciones de piedra pietra dura.<\/p>\n<p>El dise\u00f1o de panel de pared con incrustaciones de m\u00e1rmol para interiores lujosos presenta un pintoresco paisaje arquitect\u00f3nico, que representa un edificio de estilo europeo cl\u00e1sico con c\u00fapulas, ventanas arqueadas y un puente ornamentado sobre un r\u00edo.<\/p>\n<p>El dise\u00f1o del suelo complementa esta elegancia con un motivo floral y geom\u00e9trico incrustado, meticulosamente elaborado mediante t\u00e9cnicas de arte y artesan\u00eda parchinkari.<\/p>\n<h2>Estilo y est\u00e9tica del panel mural de m\u00e1rmol con incrustaciones<\/h2>\n<p>Este dise\u00f1o de pared con incrustaciones de m\u00e1rmol para interiores de lujo es una mezcla perfecta de dise\u00f1o europeo cl\u00e1sico y contempor\u00e1neo de lujo.<\/p>\n<p>Los intrincados motivos y los tonos c\u00e1lidos y terrosos crean un ambiente opulento y armonioso a la vez, lo que la convierte en una opci\u00f3n ideal para interiores de alta gama.<\/p>\n<p>Las incrustaciones de estilo mural ofrecen una expresi\u00f3n art\u00edstica tridimensional, haciendo que el espacio resulte a la vez grandioso y acogedor.<\/p>\n<h2>\u00c1reas de aplicaci\u00f3n del panel de pared de m\u00e1rmol incrustado<\/h2>\n<ul>\n<li>Residencias de lujo: Salones, vest\u00edbulos, comedores<\/li>\n<li>Hoteles y complejos tur\u00edsticos: Vest\u00edbulos, suites, salas de banquetes<\/li>\n<li>Espacios comerciales: Tiendas de alta gama, oficinas corporativas, salas de exposici\u00f3n de lujo<\/li>\n<li>Edificios palaciegos y patrimoniales: Museos, centros culturales, mansiones privadas<\/li>\n<\/ul>\n<h2>Servicios de personalizaci\u00f3n y a medida de paneles murales de m\u00e1rmol con incrustaciones<\/h2>\n<p>Cada muro de piedra con incrustaciones de m\u00e1rmol puede adaptarse a las preferencias de dise\u00f1o, dimensiones y combinaciones de color espec\u00edficas. La personalizaci\u00f3n incluye:<\/p>\n<ul>\n<li>Selecci\u00f3n de piedras de m\u00e1rmol de primera calidad para contrastes de color \u00fanicos<\/li>\n<li>Dise\u00f1os a medida inspirados en el arte hist\u00f3rico, la naturaleza o la est\u00e9tica moderna<\/li>\n<li>T\u00e9cnicas de corte de precisi\u00f3n que garantizan un trabajo de marqueter\u00eda sin costuras<\/li>\n<li>Detalles hechos a mano por artesanos expertos<\/li>\n<\/ul>\n<p>Esta incrustaci\u00f3n de m\u00e1rmol no es s\u00f3lo un elemento decorativo, sino una declaraci\u00f3n de lujo y arte atemporal.<\/p>\n<p>Transforma cualquier interior en una elegante obra maestra, reflejando una mezcla de tradici\u00f3n, artesan\u00eda y lujo moderno.<\/p>","protected":false},"excerpt":{"rendered":"<p><strong>N\u00famero de art\u00edculo: <\/strong>WA4G005<\/p>\n<p><strong>Material:<\/strong>\u00a0M\u00e1rmol, piedra preciosa. (incrustaci\u00f3n de m\u00e1rmol panel de pared material puede ser personalizado)<\/p>\n<p><strong>Tama\u00f1o:<\/strong>\u00a0Tama\u00f1o a medida de cualquier decoraci\u00f3n de pared con incrustaciones de m\u00e1rmol<\/p>\n<p><strong>Dise\u00f1o:<\/strong>\u00a0Dise\u00f1os de incrustaciones de m\u00e1rmol est\u00e1ndar o personalizados<\/p>\n<p><strong>Aplicaci\u00f3n:<\/strong>\u00a0Villas y casas de lujo, hoteles y complejos tur\u00edsticos, espacios comerciales,<\/p>\n<p>Sala de estar, Panel de pared destacado, Decoraci\u00f3n de pared, Arte de pared con incrustaciones, Arte de pared en piedra,<\/p>\n<p>Espacios p\u00fablicos, entrada y vest\u00edbulo, clubes de alto nivel y clubes privados,<\/p>\n<p>Salas de exposiciones, boutiques, museos, iglesias, mezquitas, etc.<\/p>","protected":false},"featured_media":1470,"template":"","meta":{"_joinchat":[]},"product_brand":[],"product_cat":[22],"product_tag":[],"class_list":{"0":"post-1469","1":"product","2":"type-product","3":"status-publish","4":"has-post-thumbnail","6":"product_cat-marble-inlay-wall-decor","8":"first","9":"instock","10":"shipping-taxable","11":"product-type-simple"},"_links":{"self":[{"href":"https:\/\/www.smmarbleinlay.com\/es\/wp-json\/wp\/v2\/product\/1469","targetHints":{"allow":["GET"]}}],"collection":[{"href":"https:\/\/www.smmarbleinlay.com\/es\/wp-json\/wp\/v2\/product"}],"about":[{"href":"https:\/\/www.smmarbleinlay.com\/es\/wp-json\/wp\/v2\/types\/product"}],"wp:featuredmedia":[{"embeddable":true,"href":"https:\/\/www.smmarbleinlay.com\/es\/wp-json\/wp\/v2\/media\/1470"}],"wp:attachment":[{"href":"https:\/\/www.smmarbleinlay.com\/es\/wp-json\/wp\/v2\/media?parent=1469"}],"wp:term":[{"taxonomy":"product_brand","embeddable":true,"href":"https:\/\/www.smmarbleinlay.com\/es\/wp-json\/wp\/v2\/product_brand?post=1469"},{"taxonomy":"product_cat","embeddable":true,"href":"https:\/\/www.smmarbleinlay.com\/es\/wp-json\/wp\/v2\/product_cat?post=1469"},{"taxonomy":"product_tag","embeddable":true,"href":"https:\/\/www.smmarbleinlay.com\/es\/wp-json\/wp\/v2\/product_tag?post=1469"}],"curies":[{"name":"wp","href":"https:\/\/api.w.org\/{rel}","templated":true}]}}