{"id":1472,"date":"2025-03-27T16:15:01","date_gmt":"2025-03-27T08:15:01","guid":{"rendered":"https:\/\/www.smmarbleinlay.com\/?post_type=product&#038;p=1472"},"modified":"2025-04-09T14:48:13","modified_gmt":"2025-04-09T06:48:13","slug":"elegant-marble-inlay-background-wall-decor","status":"publish","type":"product","link":"https:\/\/www.smmarbleinlay.com\/es\/producto\/elegant-marble-inlay-background-wall-decor\/","title":{"rendered":"Elegante decoraci\u00f3n de pared con incrustaciones de m\u00e1rmol"},"content":{"rendered":"<h2>M\u00e1rmol con incrustaciones de fondo Decoraci\u00f3n de pared Material y artesan\u00eda M\u00e1rmol con incrustaciones de pared de piedra<\/h2>\n<p>Este fondo de m\u00e1rmol con incrustaciones de decoraci\u00f3n de pared de piedra se hace a mano utilizando m\u00e1rmol de primera calidad y piedra de jade, h\u00e1bilmente ensamblado a trav\u00e9s de la antigua t\u00e9cnica de trabajo de incrustaci\u00f3n de piedra pietra dura.<\/p>\n<p>La composici\u00f3n decorativa de fondo de pared con incrustaciones de m\u00e1rmol presenta una rica paleta de colores, con varios tonos de verde, beige, marr\u00f3n y rojo, que crean una est\u00e9tica armoniosa y natural.<\/p>\n<h2>Muro de piedra con incrustaciones de m\u00e1rmol de dise\u00f1o y patr\u00f3n<\/h2>\n<p>El panel decorativo de pared con incrustaciones de m\u00e1rmol presenta una impresionante escena campestre, con ondulantes colinas verdes, una estructura en forma de castillo, animales pastando y un pintoresco paisaje. Este dise\u00f1o de marqueter\u00eda captura la esencia pastoral europea, proporcionando un ambiente cl\u00e1sico y atemporal.<\/p>\n<h2>Estilo y est\u00e9tica Pared de piedra con incrustaciones de m\u00e1rmol<\/h2>\n<p>La decoraci\u00f3n de pared con incrustaciones de m\u00e1rmol refleja una interpretaci\u00f3n realista y art\u00edstica de la naturaleza, que combina a la perfecci\u00f3n elementos del arte y la artesan\u00eda parchinkari con modernas t\u00e9cnicas de incrustaci\u00f3n en piedra.<\/p>\n<p>Los tonos c\u00e1lidos y terrosos y los intrincados detalles hacen de esta marqueter\u00eda de estilo un lujoso punto focal.<\/p>\n<h2>Campos de aplicaci\u00f3n Incrustaci\u00f3n de m\u00e1rmol Pared de piedra<\/h2>\n<ul>\n<li>Espacios residenciales: Comedores, salones, bibliotecas dom\u00e9sticas<\/li>\n<li>Hoteles y complejos tur\u00edsticos de lujo: Paredes del vest\u00edbulo, salones privados, suites VIP<\/li>\n<li>Espacios corporativos y comerciales: Oficinas ejecutivas, tiendas boutique, salas de conferencias<\/li>\n<li>Edificios culturales y patrimoniales: Museos, galer\u00edas de arte, residencias hist\u00f3ricas<\/li>\n<\/ul>\n<h2>Servicios a medida Incrustaci\u00f3n de m\u00e1rmol Pared de piedra<\/h2>\n<p>Esta pared de fondo con incrustaciones de m\u00e1rmol se puede personalizar completamente para satisfacer las preferencias de dise\u00f1o individuales, incluyendo:<\/p>\n<ul>\n<li>Elecci\u00f3n de m\u00e1rmol y piedras semipreciosas para una mayor variaci\u00f3n de color<\/li>\n<li>Tama\u00f1os y proporciones a medida para adaptarse a diferentes espacios<\/li>\n<li>Detalles artesanales que garantizan un trabajo de marqueter\u00eda perfecto y duradero<\/li>\n<li>Temas a medida inspirados en influencias hist\u00f3ricas, naturales o art\u00edsticas<\/li>\n<\/ul>\n<p>Este dise\u00f1o de incrustaciones de m\u00e1rmol transforma los interiores en una declaraci\u00f3n de elegancia y sofisticaci\u00f3n, ofreciendo una mezcla \u00fanica de artesan\u00eda heredada y lujo moderno.<\/p>","protected":false},"excerpt":{"rendered":"<p><strong>N\u00famero de art\u00edculo: <\/strong>WA5H002<\/p>\n<p><strong>Material:<\/strong>\u00a0M\u00e1rmol, piedra preciosa. (incrustaci\u00f3n de m\u00e1rmol panel de pared material puede ser personalizado)<\/p>\n<p><strong>Tama\u00f1o:<\/strong>\u00a0Tama\u00f1o a medida de cualquier decoraci\u00f3n de pared con incrustaciones de m\u00e1rmol<\/p>\n<p><strong>Dise\u00f1o:<\/strong>\u00a0Dise\u00f1os de incrustaciones de m\u00e1rmol est\u00e1ndar o personalizados<\/p>\n<p><strong>Aplicaci\u00f3n:<\/strong>\u00a0Villas y casas de lujo, hoteles y complejos tur\u00edsticos, espacios comerciales,<\/p>\n<p>Sala de estar, Panel de pared destacado, Decoraci\u00f3n de pared, Arte de pared con incrustaciones, Arte de pared en piedra,<\/p>\n<p>Espacios p\u00fablicos, entrada y vest\u00edbulo, clubes de alto nivel y clubes privados,<\/p>\n<p>Salas de exposiciones, boutiques, museos, iglesias, mezquitas, etc.<\/p>","protected":false},"featured_media":1476,"template":"","meta":{"_joinchat":[]},"product_brand":[],"product_cat":[22],"product_tag":[],"class_list":{"0":"post-1472","1":"product","2":"type-product","3":"status-publish","4":"has-post-thumbnail","6":"product_cat-marble-inlay-wall-decor","8":"first","9":"instock","10":"shipping-taxable","11":"product-type-simple"},"_links":{"self":[{"href":"https:\/\/www.smmarbleinlay.com\/es\/wp-json\/wp\/v2\/product\/1472","targetHints":{"allow":["GET"]}}],"collection":[{"href":"https:\/\/www.smmarbleinlay.com\/es\/wp-json\/wp\/v2\/product"}],"about":[{"href":"https:\/\/www.smmarbleinlay.com\/es\/wp-json\/wp\/v2\/types\/product"}],"wp:featuredmedia":[{"embeddable":true,"href":"https:\/\/www.smmarbleinlay.com\/es\/wp-json\/wp\/v2\/media\/1476"}],"wp:attachment":[{"href":"https:\/\/www.smmarbleinlay.com\/es\/wp-json\/wp\/v2\/media?parent=1472"}],"wp:term":[{"taxonomy":"product_brand","embeddable":true,"href":"https:\/\/www.smmarbleinlay.com\/es\/wp-json\/wp\/v2\/product_brand?post=1472"},{"taxonomy":"product_cat","embeddable":true,"href":"https:\/\/www.smmarbleinlay.com\/es\/wp-json\/wp\/v2\/product_cat?post=1472"},{"taxonomy":"product_tag","embeddable":true,"href":"https:\/\/www.smmarbleinlay.com\/es\/wp-json\/wp\/v2\/product_tag?post=1472"}],"curies":[{"name":"wp","href":"https:\/\/api.w.org\/{rel}","templated":true}]}}