{"id":1604,"date":"2025-03-29T15:58:49","date_gmt":"2025-03-29T07:58:49","guid":{"rendered":"https:\/\/www.smmarbleinlay.com\/?post_type=product&#038;p=1604"},"modified":"2025-04-09T14:43:51","modified_gmt":"2025-04-09T06:43:51","slug":"pietra-dura-stone-inlay-wall-vineyard-theme","status":"publish","type":"product","link":"https:\/\/www.smmarbleinlay.com\/es\/producto\/pietra-dura-stone-inlay-wall-vineyard-theme\/","title":{"rendered":"Pared con incrustaciones de piedra Pietra Dura - Tema Vi\u00f1edo"},"content":{"rendered":"<h2>Pared con incrustaciones de piedra Pietra Dura - Tema Vi\u00f1edo<\/h2>\n<p>Esta exquisita pared de m\u00e1rmol con incrustaciones de piedra Pietra Dura muestra un asombroso dise\u00f1o inspirado en los vi\u00f1edos, aportando el encanto de la naturaleza a lujosos espacios interiores.<\/p>\n<p>Elaborada con las intrincadas t\u00e9cnicas de incrustaci\u00f3n en piedra Pietra dura, esta obra maestra combina el arte con la opulencia, convirti\u00e9ndola en una pieza destacada de la decoraci\u00f3n de alta gama.<\/p>\n<h2>Dise\u00f1o y est\u00e9tica<\/h2>\n<p>El dise\u00f1o de la pared con incrustaciones de piedra Pietra Dura captura una pintoresca escena de vi\u00f1edos, con exuberantes vides, colinas ondulantes y una villa rural.<\/p>\n<p>El vibrante contraste entre los tonos de la piedra natural y el detallado trabajo artesanal crea un efecto visual fascinante, que recuerda al arte y la artesan\u00eda Parchinkari, una t\u00e9cnica famosa por su precisi\u00f3n y elegancia.<\/p>\n<h2>Materiales y artesan\u00eda<\/h2>\n<p>Expertos artesanos han incrustado meticulosamente m\u00e1rmol de primera calidad y piedras preciosas para formar esta intrincada composici\u00f3n.<\/p>\n<p>Utilizando una combinaci\u00f3n de m\u00e1rmol de estilo y piedras semipreciosas, cada elemento se corta y ensambla con notable precisi\u00f3n, garantizando un acabado atemporal y duradero.<\/p>\n<h2>Aplicaci\u00f3n y ambiente<\/h2>\n<p>Este lujoso trabajo de marqueter\u00eda es ideal para grandes espacios, vest\u00edbulos de hoteles y residencias de lujo, donde sirve como elegante punto focal.<\/p>\n<p>La fusi\u00f3n de la artesan\u00eda cl\u00e1sica con los principios modernos del dise\u00f1o de interiores la convierte en la elecci\u00f3n perfecta para quienes aprecian la sofisticaci\u00f3n art\u00edstica.<\/p>\n<p>Encarnando la herencia del arte de la piedra fina, este dise\u00f1o de incrustaciones de piedra pietra dura realza los interiores con una sensaci\u00f3n de grandeza, combinando a la perfecci\u00f3n la tradici\u00f3n con el lujo contempor\u00e1neo.<\/p>","protected":false},"excerpt":{"rendered":"<p><strong>N\u00famero de art\u00edculo: <\/strong>WA4G006<\/p>\n<p><strong>Material:<\/strong>\u00a0M\u00e1rmol, piedra preciosa. (incrustaci\u00f3n de m\u00e1rmol panel de pared material puede ser personalizado)<\/p>\n<p><strong>Tama\u00f1o:<\/strong>\u00a0Tama\u00f1o a medida de cualquier decoraci\u00f3n de pared con incrustaciones de m\u00e1rmol<\/p>\n<p><strong>Dise\u00f1o:<\/strong>\u00a0Dise\u00f1os de incrustaciones de m\u00e1rmol est\u00e1ndar o personalizados<\/p>\n<p><strong>Aplicaci\u00f3n:<\/strong>\u00a0Villas y casas de lujo, hoteles y complejos tur\u00edsticos, espacios comerciales,<\/p>\n<p>Sala de estar, Panel de pared destacado, Decoraci\u00f3n de pared, Arte de pared con incrustaciones, Arte de pared en piedra,<\/p>\n<p>Espacios p\u00fablicos, entrada y vest\u00edbulo, clubes de alto nivel y clubes privados,<\/p>\n<p>Salas de exposiciones, boutiques, museos, iglesias, mezquitas, etc.<\/p>","protected":false},"featured_media":1605,"template":"","meta":{"_joinchat":[]},"product_brand":[],"product_cat":[22],"product_tag":[],"class_list":{"0":"post-1604","1":"product","2":"type-product","3":"status-publish","4":"has-post-thumbnail","6":"product_cat-marble-inlay-wall-decor","8":"first","9":"instock","10":"shipping-taxable","11":"product-type-simple"},"_links":{"self":[{"href":"https:\/\/www.smmarbleinlay.com\/es\/wp-json\/wp\/v2\/product\/1604","targetHints":{"allow":["GET"]}}],"collection":[{"href":"https:\/\/www.smmarbleinlay.com\/es\/wp-json\/wp\/v2\/product"}],"about":[{"href":"https:\/\/www.smmarbleinlay.com\/es\/wp-json\/wp\/v2\/types\/product"}],"wp:featuredmedia":[{"embeddable":true,"href":"https:\/\/www.smmarbleinlay.com\/es\/wp-json\/wp\/v2\/media\/1605"}],"wp:attachment":[{"href":"https:\/\/www.smmarbleinlay.com\/es\/wp-json\/wp\/v2\/media?parent=1604"}],"wp:term":[{"taxonomy":"product_brand","embeddable":true,"href":"https:\/\/www.smmarbleinlay.com\/es\/wp-json\/wp\/v2\/product_brand?post=1604"},{"taxonomy":"product_cat","embeddable":true,"href":"https:\/\/www.smmarbleinlay.com\/es\/wp-json\/wp\/v2\/product_cat?post=1604"},{"taxonomy":"product_tag","embeddable":true,"href":"https:\/\/www.smmarbleinlay.com\/es\/wp-json\/wp\/v2\/product_tag?post=1604"}],"curies":[{"name":"wp","href":"https:\/\/api.w.org\/{rel}","templated":true}]}}