{"id":1614,"date":"2025-03-29T16:02:16","date_gmt":"2025-03-29T08:02:16","guid":{"rendered":"https:\/\/www.smmarbleinlay.com\/?post_type=product&#038;p=1614"},"modified":"2025-04-09T14:27:24","modified_gmt":"2025-04-09T06:27:24","slug":"luxurious-marble-inlay-background-wall-floral-avian-theme","status":"publish","type":"product","link":"https:\/\/www.smmarbleinlay.com\/es\/producto\/luxurious-marble-inlay-background-wall-floral-avian-theme\/","title":{"rendered":"Lujosa pared de fondo con incrustaciones de m\u00e1rmol - Tema floral y aviar"},"content":{"rendered":"<h2>Lujosa pared de fondo con incrustaciones de m\u00e1rmol - Tema floral y aviar<\/h2>\n<p>Esta pared de fondo de taracea de m\u00e1rmol es una exquisita obra maestra de taracea de piedra Pietra dura, que presenta una armoniosa mezcla de elementos inspirados en la naturaleza.<\/p>\n<p>Su intrincado dise\u00f1o, enriquecido con vibrantes colores y delicada artesan\u00eda, transforma cualquier interior en un espacio sofisticado y art\u00edstico.<\/p>\n<h2>Composici\u00f3n de dise\u00f1o y color Pared con incrustaciones de m\u00e1rmol<\/h2>\n<p>El dise\u00f1o de la incrustaci\u00f3n muestra un impresionante motivo floral y aviar, que representa p\u00e1jaros de colores posados entre flores florecientes.<\/p>\n<p>Los tonos contrastados del m\u00e1rmol negro intenso con los c\u00e1lidos bordes beige crean un elegante marco que realza la profundidad visual de la composici\u00f3n.<\/p>\n<p>Inspirado en el arte y la artesan\u00eda Parchinkari, el intrincado detalle de cada p\u00e9talo, hoja y pluma destila refinamiento y gracia, convirti\u00e9ndolo en un verdadero testimonio del arte tradicional.<\/p>\n<h2>Materiales y artesan\u00eda<\/h2>\n<p>Este panel de pared con incrustaciones de m\u00e1rmol est\u00e1 elaborado con una selecci\u00f3n de m\u00e1rmol de estilo, piedras semipreciosas, cer\u00e1mica y n\u00e1car, creando un din\u00e1mico juego de texturas y colores.<\/p>\n<p>Cada pieza se corta y ensambla con precisi\u00f3n mediante un experto trabajo de marqueter\u00eda, lo que garantiza una superficie impecable y duradera que irradia una elegancia atemporal.<\/p>\n<p>El acabado pulido realza el brillo natural de los materiales, a\u00f1adiendo un atractivo de lujo.<\/p>\n<p>&nbsp;<\/p>\n<h2>Aplicaci\u00f3n y ambiente<\/h2>\n<p>Perfecta para salones de lujo, suites de hotel o salas de estar cl\u00e1sicas, esta pared de piedra con incrustaciones de m\u00e1rmol sirve como punto focal art\u00edstico, aportando opulencia y sofisticaci\u00f3n al espacio.<\/p>\n<p>Ya se utilice como acento decorativo o como pared de fondo con incrustaciones de m\u00e1rmol, su intrincada belleza realza el ambiente con un encanto refinado.<\/p>\n<p>Al combinar el dise\u00f1o de incrustaciones de piedra pietra dura con una rica paleta de colores y una artesan\u00eda superior, esta exquisita creaci\u00f3n ofrece una expresi\u00f3n sin igual de lujo, tradici\u00f3n y excelencia art\u00edstica.<\/p>","protected":false},"excerpt":{"rendered":"<p><strong>N\u00famero de art\u00edculo: <\/strong>WA6I002<\/p>\n<p><strong>Material:<\/strong>\u00a0Mable, Piedra preciosa. (material puede ser personalizado)<\/p>\n<p><strong>Tama\u00f1o:<\/strong>\u00a0Tama\u00f1o a medida<\/p>\n<p><strong>Dise\u00f1o:<\/strong>\u00a0Dise\u00f1os est\u00e1ndar o personalizados<\/p>\n<p><strong>Aplicaci\u00f3n:<\/strong>\u00a0Villas y casas de lujo, hoteles y complejos tur\u00edsticos, espacios comerciales,<\/p>\n<p>Sala de estar, Panel de pared destacado, Decoraci\u00f3n de pared, Arte de pared con incrustaciones, Arte de pared en piedra,<\/p>\n<p>Espacios p\u00fablicos, entrada y vest\u00edbulo, clubes de alto nivel y clubes privados,<\/p>\n<p>Salas de exposiciones, boutiques, museos, iglesias, mezquitas, etc.<\/p>","protected":false},"featured_media":1615,"template":"","meta":{"_joinchat":[]},"product_brand":[],"product_cat":[22],"product_tag":[],"class_list":{"0":"post-1614","1":"product","2":"type-product","3":"status-publish","4":"has-post-thumbnail","6":"product_cat-marble-inlay-wall-decor","8":"first","9":"instock","10":"shipping-taxable","11":"product-type-simple"},"_links":{"self":[{"href":"https:\/\/www.smmarbleinlay.com\/es\/wp-json\/wp\/v2\/product\/1614","targetHints":{"allow":["GET"]}}],"collection":[{"href":"https:\/\/www.smmarbleinlay.com\/es\/wp-json\/wp\/v2\/product"}],"about":[{"href":"https:\/\/www.smmarbleinlay.com\/es\/wp-json\/wp\/v2\/types\/product"}],"wp:featuredmedia":[{"embeddable":true,"href":"https:\/\/www.smmarbleinlay.com\/es\/wp-json\/wp\/v2\/media\/1615"}],"wp:attachment":[{"href":"https:\/\/www.smmarbleinlay.com\/es\/wp-json\/wp\/v2\/media?parent=1614"}],"wp:term":[{"taxonomy":"product_brand","embeddable":true,"href":"https:\/\/www.smmarbleinlay.com\/es\/wp-json\/wp\/v2\/product_brand?post=1614"},{"taxonomy":"product_cat","embeddable":true,"href":"https:\/\/www.smmarbleinlay.com\/es\/wp-json\/wp\/v2\/product_cat?post=1614"},{"taxonomy":"product_tag","embeddable":true,"href":"https:\/\/www.smmarbleinlay.com\/es\/wp-json\/wp\/v2\/product_tag?post=1614"}],"curies":[{"name":"wp","href":"https:\/\/api.w.org\/{rel}","templated":true}]}}