{"id":1617,"date":"2025-03-29T16:09:16","date_gmt":"2025-03-29T08:09:16","guid":{"rendered":"https:\/\/www.smmarbleinlay.com\/?post_type=product&#038;p=1617"},"modified":"2025-04-09T14:25:19","modified_gmt":"2025-04-09T06:25:19","slug":"exquisite-marble-inlay-background-wall-inspired-by-abu-dhabi-mosque","status":"publish","type":"product","link":"https:\/\/www.smmarbleinlay.com\/es\/producto\/exquisite-marble-inlay-background-wall-inspired-by-abu-dhabi-mosque\/","title":{"rendered":"Exquisita pared de fondo con incrustaciones de m\u00e1rmol inspirada en la mezquita de Abu Dhabi"},"content":{"rendered":"<h2>Exquisita pared de fondo con incrustaciones de m\u00e1rmol inspirada en la mezquita de Abu Dhabi<\/h2>\n<p>Esta lujosa pared de piedra con incrustaciones de m\u00e1rmol es una obra maestra de artesan\u00eda fina, inspirada en los intrincados dise\u00f1os de piedra Pietra dura de la Mezquita de Abu Dhabi.<\/p>\n<p>La composici\u00f3n combina el arte Parchinkari y las t\u00e9cnicas artesanales con la est\u00e9tica del m\u00e1rmol de estilo, creando un ambiente elegante y atemporal.<\/p>\n<h2>Materiales de primera calidad para una gran declaraci\u00f3n<\/h2>\n<p>Elaborado con m\u00e1rmol y jade de alta calidad, este panel de pared con incrustaciones de m\u00e1rmol presenta piedras cuidadosamente seleccionadas que realzan su belleza y durabilidad.<\/p>\n<p>La mezcla de materiales preciosos da como resultado una pantalla visualmente impactante que eleva cualquier interior de alta gama.<\/p>\n<h2>Intrincadas incrustaciones y motivos art\u00edsticos<\/h2>\n<p>Este dise\u00f1o de marqueter\u00eda muestra delicados motivos florales y aves, meticulosamente ensamblados a mano mediante t\u00e9cnicas de trabajo de marqueter\u00eda.<\/p>\n<p>Cada pieza de piedra se corta y engasta con precisi\u00f3n, formando un encantador mural que transforma el espacio en un lujoso refugio.<\/p>\n<h2>Aplicaci\u00f3n y atractivo de lujo<\/h2>\n<p>Ideal para salones opulentos, grandes vest\u00edbulos de entrada y espacios exclusivos, esta pared de fondo con incrustaciones de m\u00e1rmol sirve de punto focal, exudando sofisticaci\u00f3n y herencia.<\/p>\n<p>Ya sea en interiores cl\u00e1sicos o contempor\u00e1neos, esta impresionante pared armoniza con mobiliario de lujo para crear una est\u00e9tica sin igual.<\/p>\n<p>Para quienes buscan incorporar el arte a medida a sus interiores, esta pared de piedra con incrustaciones de m\u00e1rmol es la encarnaci\u00f3n perfecta de la elegancia, la tradici\u00f3n y el refinamiento moderno.<\/p>","protected":false},"excerpt":{"rendered":"<p><strong>N\u00famero de art\u00edculo: <\/strong>WA5H004<\/p>\n<p><strong>Material:<\/strong>\u00a0M\u00e1rmol, piedra preciosa. (incrustaci\u00f3n de m\u00e1rmol panel de pared material puede ser personalizado)<\/p>\n<p><strong>Tama\u00f1o:<\/strong>\u00a0Tama\u00f1o a medida de cualquier decoraci\u00f3n de pared con incrustaciones de m\u00e1rmol<\/p>\n<p><strong>Dise\u00f1o:<\/strong>\u00a0Dise\u00f1os de incrustaciones de m\u00e1rmol est\u00e1ndar o personalizados<\/p>\n<p><strong>Aplicaci\u00f3n:<\/strong>\u00a0Villas y casas de lujo, hoteles y complejos tur\u00edsticos, espacios comerciales,<\/p>\n<p>Sala de estar, Panel de pared destacado, Decoraci\u00f3n de pared, Arte de pared con incrustaciones, Arte de pared en piedra,<\/p>\n<p>Espacios p\u00fablicos, entrada y vest\u00edbulo, clubes de alto nivel y clubes privados,<\/p>\n<p>Salas de exposiciones, boutiques, museos, iglesias, mezquitas, etc.<\/p>","protected":false},"featured_media":1618,"template":"","meta":{"_joinchat":[]},"product_brand":[],"product_cat":[22],"product_tag":[],"class_list":{"0":"post-1617","1":"product","2":"type-product","3":"status-publish","4":"has-post-thumbnail","6":"product_cat-marble-inlay-wall-decor","8":"first","9":"instock","10":"shipping-taxable","11":"product-type-simple"},"_links":{"self":[{"href":"https:\/\/www.smmarbleinlay.com\/es\/wp-json\/wp\/v2\/product\/1617","targetHints":{"allow":["GET"]}}],"collection":[{"href":"https:\/\/www.smmarbleinlay.com\/es\/wp-json\/wp\/v2\/product"}],"about":[{"href":"https:\/\/www.smmarbleinlay.com\/es\/wp-json\/wp\/v2\/types\/product"}],"wp:featuredmedia":[{"embeddable":true,"href":"https:\/\/www.smmarbleinlay.com\/es\/wp-json\/wp\/v2\/media\/1618"}],"wp:attachment":[{"href":"https:\/\/www.smmarbleinlay.com\/es\/wp-json\/wp\/v2\/media?parent=1617"}],"wp:term":[{"taxonomy":"product_brand","embeddable":true,"href":"https:\/\/www.smmarbleinlay.com\/es\/wp-json\/wp\/v2\/product_brand?post=1617"},{"taxonomy":"product_cat","embeddable":true,"href":"https:\/\/www.smmarbleinlay.com\/es\/wp-json\/wp\/v2\/product_cat?post=1617"},{"taxonomy":"product_tag","embeddable":true,"href":"https:\/\/www.smmarbleinlay.com\/es\/wp-json\/wp\/v2\/product_tag?post=1617"}],"curies":[{"name":"wp","href":"https:\/\/api.w.org\/{rel}","templated":true}]}}