{"id":1620,"date":"2025-03-29T16:17:52","date_gmt":"2025-03-29T08:17:52","guid":{"rendered":"https:\/\/www.smmarbleinlay.com\/?post_type=product&#038;p=1620"},"modified":"2025-04-09T14:23:38","modified_gmt":"2025-04-09T06:23:38","slug":"luxurious-marble-inlay-background-wall-decor-a-masterpiece-of-artistry","status":"publish","type":"product","link":"https:\/\/www.smmarbleinlay.com\/es\/producto\/luxurious-marble-inlay-background-wall-decor-a-masterpiece-of-artistry\/","title":{"rendered":"Lujosa decoraci\u00f3n de pared con incrustaciones de m\u00e1rmol - Una obra maestra del arte"},"content":{"rendered":"<h2>Lujosa decoraci\u00f3n de pared con incrustaciones de m\u00e1rmol - Una obra maestra del arte<\/h2>\n<p>Esta exquisita y lujosa decoraci\u00f3n de fondo de pared con incrustaciones de m\u00e1rmol combina a la perfecci\u00f3n la artesan\u00eda en piedra Pietra dure con el arte y la artesan\u00eda Parchinkari, creando un ambiente visualmente impactante y elegante.<\/p>\n<p>Los refinados motivos florales y ornamentales hacen de esta pared de fondo Marble Inlay una pieza ideal para interiores lujosos.<\/p>\n<h2>Materiales de primera calidad para una belleza intemporal<\/h2>\n<p>Elaborado con m\u00e1rmol de alta calidad, jade, piedras semipreciosas y un esp\u00e9cimen de mariposa, este panel de pared Marble Inlay presenta una armoniosa fusi\u00f3n de materiales opulentos. Los intrincados detalles y las vibrantes variaciones de color dan como resultado un acabado sofisticado y pulido, perfecto para espacios de alta gama.<\/p>\n<h2>Dise\u00f1o intrincado y floritura art\u00edstica<\/h2>\n<p>El elaborado trabajo de incrustaci\u00f3n presenta motivos florales graciosamente curvados, delicadas mariposas y motivos ornamentales, que reflejan una est\u00e9tica del m\u00e1rmol de estilo cl\u00e1sico y contempor\u00e1neo a la vez.<\/p>\n<p>La composici\u00f3n sim\u00e9trica, adornada con exquisitos adornos de piedras preciosas, eleva el espacio con encanto regio y grandeza art\u00edstica.<\/p>\n<h2>Aplicaciones ideales para interiores de lujo<\/h2>\n<p>Perfectamente adecuado para paredes de acento de TV, salones, grandes vest\u00edbulos de entrada y villas de lujo, esta pared de fondo con incrustaciones de m\u00e1rmol realza el ambiente con sus intrincados detalles y su elegancia art\u00edstica.<\/p>\n<p>La combinaci\u00f3n del dise\u00f1o con incrustaciones y la iluminaci\u00f3n ambiental crea una atm\u00f3sfera c\u00e1lida y acogedora, convirti\u00e9ndola en un foco de sofisticaci\u00f3n.<\/p>\n<p>Para aquellos que buscan integrar el arte atemporal en sus interiores, este panel de pared con incrustaciones de m\u00e1rmol es la encarnaci\u00f3n de la artesan\u00eda, el lujo y el patrimonio.<\/p>","protected":false},"excerpt":{"rendered":"<p><strong>N\u00famero de art\u00edculo: <\/strong>WA4G007<\/p>\n<p><strong>Material:<\/strong>\u00a0M\u00e1rmol, piedra preciosa. (incrustaci\u00f3n de m\u00e1rmol panel de pared material puede ser personalizado)<\/p>\n<p><strong>Tama\u00f1o:<\/strong>\u00a0Tama\u00f1o a medida de cualquier decoraci\u00f3n de pared con incrustaciones de m\u00e1rmol<\/p>\n<p><strong>Dise\u00f1o:<\/strong>\u00a0Dise\u00f1os de incrustaciones de m\u00e1rmol est\u00e1ndar o personalizados<\/p>\n<p><strong>Aplicaci\u00f3n:<\/strong>\u00a0Villas y casas de lujo, hoteles y complejos tur\u00edsticos, espacios comerciales,<\/p>\n<p>Sala de estar, Panel de pared destacado, Decoraci\u00f3n de pared, Arte de pared con incrustaciones, Arte de pared en piedra,<\/p>\n<p>Espacios p\u00fablicos, entrada y vest\u00edbulo, clubes de alto nivel y clubes privados,<\/p>\n<p>Salas de exposiciones, boutiques, museos, iglesias, mezquitas, etc.<\/p>","protected":false},"featured_media":1621,"template":"","meta":{"_joinchat":[]},"product_brand":[],"product_cat":[22],"product_tag":[],"class_list":{"0":"post-1620","1":"product","2":"type-product","3":"status-publish","4":"has-post-thumbnail","6":"product_cat-marble-inlay-wall-decor","8":"first","9":"instock","10":"shipping-taxable","11":"product-type-simple"},"_links":{"self":[{"href":"https:\/\/www.smmarbleinlay.com\/es\/wp-json\/wp\/v2\/product\/1620","targetHints":{"allow":["GET"]}}],"collection":[{"href":"https:\/\/www.smmarbleinlay.com\/es\/wp-json\/wp\/v2\/product"}],"about":[{"href":"https:\/\/www.smmarbleinlay.com\/es\/wp-json\/wp\/v2\/types\/product"}],"wp:featuredmedia":[{"embeddable":true,"href":"https:\/\/www.smmarbleinlay.com\/es\/wp-json\/wp\/v2\/media\/1621"}],"wp:attachment":[{"href":"https:\/\/www.smmarbleinlay.com\/es\/wp-json\/wp\/v2\/media?parent=1620"}],"wp:term":[{"taxonomy":"product_brand","embeddable":true,"href":"https:\/\/www.smmarbleinlay.com\/es\/wp-json\/wp\/v2\/product_brand?post=1620"},{"taxonomy":"product_cat","embeddable":true,"href":"https:\/\/www.smmarbleinlay.com\/es\/wp-json\/wp\/v2\/product_cat?post=1620"},{"taxonomy":"product_tag","embeddable":true,"href":"https:\/\/www.smmarbleinlay.com\/es\/wp-json\/wp\/v2\/product_tag?post=1620"}],"curies":[{"name":"wp","href":"https:\/\/api.w.org\/{rel}","templated":true}]}}