{"id":1625,"date":"2025-03-29T16:25:51","date_gmt":"2025-03-29T08:25:51","guid":{"rendered":"https:\/\/www.smmarbleinlay.com\/?post_type=product&#038;p=1625"},"modified":"2025-04-09T14:18:32","modified_gmt":"2025-04-09T06:18:32","slug":"luxurious-marble-inlay-background-wall","status":"publish","type":"product","link":"https:\/\/www.smmarbleinlay.com\/es\/producto\/luxurious-marble-inlay-background-wall\/","title":{"rendered":"Lujosa pared de fondo con incrustaciones de m\u00e1rmol"},"content":{"rendered":"<h2>Lujosa pared de fondo con incrustaciones de m\u00e1rmol: una obra maestra del arte de la piedra Pietra Dura<\/h2>\n<p>Esta pared de fondo con incrustaciones de m\u00e1rmol es una muestra impresionante del arte de la piedra pietra dura, que combina la elegancia atemporal del m\u00e1rmol de estilo con un intrincado trabajo de incrustaci\u00f3n.<\/p>\n<h2>Exquisito dise\u00f1o de inspiraci\u00f3n veneciana<\/h2>\n<p>El dise\u00f1o representa un impresionante paisaje veneciano, con una gran arquitectura abovedada, torres hist\u00f3ricas y un sereno paisaje costero que evoca la sofisticaci\u00f3n europea.<\/p>\n<h2>Artesan\u00eda y materiales de primera calidad<\/h2>\n<p>Elaborada con precisi\u00f3n utilizando los mejores materiales para paredes de incrustaciones de m\u00e1rmol, esta obra maestra presenta un exquisito dise\u00f1o de incrustaciones con delicados detalles que aportan profundidad y realismo a la obra de arte.<\/p>\n<p>La fusi\u00f3n de m\u00e1rmol natural y materiales p\u00e9treos de primera calidad garantiza la durabilidad al tiempo que a\u00f1ade un aire de refinamiento a cualquier interior.<\/p>\n<h2>Ideal para interiores de lujo<\/h2>\n<p>Perfecto para salones de lujo, suites de hotel, grandes entradas y espacios comerciales de alta gama, este panel de pared con incrustaciones de m\u00e1rmol transforma los interiores en una declaraci\u00f3n art\u00edstica.<\/p>\n<h2>Eleve su espacio con elegancia atemporal<\/h2>\n<p>Realce su decoraci\u00f3n con esta extraordinaria pared de fondo con incrustaciones de m\u00e1rmol, donde la artesan\u00eda cl\u00e1sica se une al lujo moderno.<\/p>","protected":false},"excerpt":{"rendered":"<p><strong>N\u00famero de art\u00edculo: <\/strong>WA4G008<\/p>\n<p><strong>Material:<\/strong>\u00a0M\u00e1rmol, piedra preciosa. (incrustaci\u00f3n de m\u00e1rmol panel de pared material puede ser personalizado)<\/p>\n<p><strong>Tama\u00f1o:<\/strong>\u00a0Tama\u00f1o a medida de cualquier decoraci\u00f3n de pared con incrustaciones de m\u00e1rmol<\/p>\n<p><strong>Dise\u00f1o:<\/strong>\u00a0Dise\u00f1os de incrustaciones de m\u00e1rmol est\u00e1ndar o personalizados<\/p>\n<p><strong>Aplicaci\u00f3n:<\/strong>\u00a0Villas y casas de lujo, hoteles y complejos tur\u00edsticos, espacios comerciales,<\/p>\n<p>Sala de estar, Panel de pared destacado, Decoraci\u00f3n de pared, Arte de pared con incrustaciones, Arte de pared en piedra,<\/p>\n<p>Espacios p\u00fablicos, entrada y vest\u00edbulo, clubes de alto nivel y clubes privados,<\/p>\n<p>Salas de exposiciones, boutiques, museos, iglesias, mezquitas, etc.<\/p>","protected":false},"featured_media":1626,"template":"","meta":{"_joinchat":[]},"product_brand":[],"product_cat":[22],"product_tag":[],"class_list":{"0":"post-1625","1":"product","2":"type-product","3":"status-publish","4":"has-post-thumbnail","6":"product_cat-marble-inlay-wall-decor","8":"first","9":"instock","10":"shipping-taxable","11":"product-type-simple"},"_links":{"self":[{"href":"https:\/\/www.smmarbleinlay.com\/es\/wp-json\/wp\/v2\/product\/1625","targetHints":{"allow":["GET"]}}],"collection":[{"href":"https:\/\/www.smmarbleinlay.com\/es\/wp-json\/wp\/v2\/product"}],"about":[{"href":"https:\/\/www.smmarbleinlay.com\/es\/wp-json\/wp\/v2\/types\/product"}],"wp:featuredmedia":[{"embeddable":true,"href":"https:\/\/www.smmarbleinlay.com\/es\/wp-json\/wp\/v2\/media\/1626"}],"wp:attachment":[{"href":"https:\/\/www.smmarbleinlay.com\/es\/wp-json\/wp\/v2\/media?parent=1625"}],"wp:term":[{"taxonomy":"product_brand","embeddable":true,"href":"https:\/\/www.smmarbleinlay.com\/es\/wp-json\/wp\/v2\/product_brand?post=1625"},{"taxonomy":"product_cat","embeddable":true,"href":"https:\/\/www.smmarbleinlay.com\/es\/wp-json\/wp\/v2\/product_cat?post=1625"},{"taxonomy":"product_tag","embeddable":true,"href":"https:\/\/www.smmarbleinlay.com\/es\/wp-json\/wp\/v2\/product_tag?post=1625"}],"curies":[{"name":"wp","href":"https:\/\/api.w.org\/{rel}","templated":true}]}}