{"id":1628,"date":"2025-03-29T16:51:05","date_gmt":"2025-03-29T08:51:05","guid":{"rendered":"https:\/\/www.smmarbleinlay.com\/?post_type=product&#038;p=1628"},"modified":"2025-04-09T14:15:47","modified_gmt":"2025-04-09T06:15:47","slug":"elegant-pietra-dura-stone-floral-bird-marble-inlay-wall-decor","status":"publish","type":"product","link":"https:\/\/www.smmarbleinlay.com\/es\/producto\/elegant-pietra-dura-stone-floral-bird-marble-inlay-wall-decor\/","title":{"rendered":"Elegante decoraci\u00f3n de pared con incrustaciones florales y de p\u00e1jaros en piedra Pietra Dura"},"content":{"rendered":"<h2>Exquisito dise\u00f1o de incrustaciones florales de m\u00e1rmol Pietra Dura<\/h2>\n<p>Esta pared de fondo con incrustaciones florales de m\u00e1rmol Pietra Dura es una impresionante fusi\u00f3n del arte de la piedra Pietra Dura y el arte y la artesan\u00eda tradicionales Parchinkari, que muestra un delicado motivo floral y de p\u00e1jaros.<\/p>\n<p>Cada detalle de esta pared de fondo con incrustaciones de m\u00e1rmol est\u00e1 meticulosamente elaborado, dando vida a la belleza de la naturaleza con colores vibrantes e intrincadas incrustaciones.<\/p>\n<h2>M\u00e1rmol de primera calidad y artesan\u00eda de incrustaciones de m\u00e1rmol en la pared<\/h2>\n<p>Fabricado con el m\u00e1rmol de estilo m\u00e1s fino, este mural de incrustaciones florales de m\u00e1rmol Pietra Dura presenta un exquisito trabajo de incrustaci\u00f3n, que garantiza su durabilidad y su elegancia atemporal.<\/p>\n<p>Las piezas de piedra cortadas con precisi\u00f3n est\u00e1n dispuestas a la perfecci\u00f3n para crear una impresionante obra maestra visual que realza cualquier interior de lujo.<\/p>\n<h2>Perfecto para interiores de lujo - Panel de pared con incrustaciones de m\u00e1rmol para salones y comedores<\/h2>\n<p>Ideal para salones de lujo, comedores y grandes interiores, este panel de pared con incrustaciones de m\u00e1rmol eleva el ambiente de casas y villas de alta gama.<\/p>\n<p>La art\u00edstica combinaci\u00f3n de motivos florales y aves con incrustaciones de m\u00e1rmol de primera calidad transforma cualquier espacio en una obra maestra elegante y sofisticada.<\/p>","protected":false},"excerpt":{"rendered":"<p>Piedra Pietra Dura Incrustaci\u00f3n de m\u00e1rmol floral<\/p>\n<p><strong>N\u00famero de art\u00edculo: <\/strong>WA3F002<\/p>\n<p><strong>Material:<\/strong>\u00a0M\u00e1rmol, piedra preciosa. (incrustaci\u00f3n de m\u00e1rmol panel de pared material puede ser personalizado)<\/p>\n<p><strong>Tama\u00f1o:<\/strong>\u00a0Tama\u00f1o a medida de cualquier decoraci\u00f3n de pared con incrustaciones de m\u00e1rmol<\/p>\n<p><strong>Dise\u00f1o:<\/strong>\u00a0Dise\u00f1os de incrustaciones de m\u00e1rmol est\u00e1ndar o personalizados<\/p>\n<p><strong>Aplicaci\u00f3n:<\/strong>\u00a0Villas y casas de lujo, hoteles y complejos tur\u00edsticos, espacios comerciales,<\/p>\n<p>Sala de estar, Panel de pared destacado, Decoraci\u00f3n de pared, Arte de pared con incrustaciones, Arte de pared en piedra,<\/p>\n<p>Espacios p\u00fablicos, entrada y vest\u00edbulo, clubes de alto nivel y clubes privados,<\/p>\n<p>Salas de exposiciones, boutiques, museos, iglesias, mezquitas, etc.<\/p>","protected":false},"featured_media":1629,"template":"","meta":{"_joinchat":[]},"product_brand":[],"product_cat":[22],"product_tag":[],"class_list":{"0":"post-1628","1":"product","2":"type-product","3":"status-publish","4":"has-post-thumbnail","6":"product_cat-marble-inlay-wall-decor","8":"first","9":"instock","10":"shipping-taxable","11":"product-type-simple"},"_links":{"self":[{"href":"https:\/\/www.smmarbleinlay.com\/es\/wp-json\/wp\/v2\/product\/1628","targetHints":{"allow":["GET"]}}],"collection":[{"href":"https:\/\/www.smmarbleinlay.com\/es\/wp-json\/wp\/v2\/product"}],"about":[{"href":"https:\/\/www.smmarbleinlay.com\/es\/wp-json\/wp\/v2\/types\/product"}],"wp:featuredmedia":[{"embeddable":true,"href":"https:\/\/www.smmarbleinlay.com\/es\/wp-json\/wp\/v2\/media\/1629"}],"wp:attachment":[{"href":"https:\/\/www.smmarbleinlay.com\/es\/wp-json\/wp\/v2\/media?parent=1628"}],"wp:term":[{"taxonomy":"product_brand","embeddable":true,"href":"https:\/\/www.smmarbleinlay.com\/es\/wp-json\/wp\/v2\/product_brand?post=1628"},{"taxonomy":"product_cat","embeddable":true,"href":"https:\/\/www.smmarbleinlay.com\/es\/wp-json\/wp\/v2\/product_cat?post=1628"},{"taxonomy":"product_tag","embeddable":true,"href":"https:\/\/www.smmarbleinlay.com\/es\/wp-json\/wp\/v2\/product_tag?post=1628"}],"curies":[{"name":"wp","href":"https:\/\/api.w.org\/{rel}","templated":true}]}}