{"id":1634,"date":"2025-03-29T17:03:59","date_gmt":"2025-03-29T09:03:59","guid":{"rendered":"https:\/\/www.smmarbleinlay.com\/?post_type=product&#038;p=1634"},"modified":"2025-04-09T13:11:58","modified_gmt":"2025-04-09T05:11:58","slug":"majestic-pietra-dura-stone-deer-marble-inlay-background-wall","status":"publish","type":"product","link":"https:\/\/www.smmarbleinlay.com\/es\/producto\/majestic-pietra-dura-stone-deer-marble-inlay-background-wall\/","title":{"rendered":"Majestic Pietra Dura Piedra Ciervo M\u00e1rmol Incrustaci\u00f3n Fondo Pared"},"content":{"rendered":"<h2>Incrustaciones art\u00edsticas inspiradas en la naturaleza y en el arte y la artesan\u00eda Parchinkari<\/h2>\n<p>Este mural de fondo con incrustaciones de m\u00e1rmol de ciervo de Pietra Dura presenta un gracioso ciervo moteado como motivo central, rodeado de un elegante borde floral.<\/p>\n<p>Inspirado en el arte y la artesan\u00eda parchinkari, el intrincado trabajo de incrustaci\u00f3n en m\u00e1rmol de ciervo de Pietra Dura captura la belleza de la naturaleza, creando una obra maestra art\u00edstica atemporal.<\/p>\n<h2>M\u00e1rmol de primera calidad y exquisitas incrustaciones de m\u00e1rmol artesanales en la pared<\/h2>\n<p>Elaborado a partir de m\u00e1rmol del mejor estilo, este mural de incrustaciones de m\u00e1rmol muestra un excepcional dise\u00f1o de incrustaciones, en el que cada piedra se corta y ensambla meticulosamente para aportar profundidad y realismo a la obra de arte.<\/p>\n<p>Los lujosos materiales garantizan la durabilidad al tiempo que mantienen un aire de refinamiento.<\/p>\n<h2>Eleve los interiores de lujo con un panel de pared con incrustaciones de m\u00e1rmol<\/h2>\n<p>Perfecto para salones, comedores y villas de lujo, este panel de pared con incrustaciones de m\u00e1rmol transforma los interiores en un elegante santuario.<\/p>\n<p>La fusi\u00f3n de la belleza inspirada en la naturaleza con el magistral dise\u00f1o de las incrustaciones de m\u00e1rmol convierte a esta obra de arte en una pieza extraordinaria para espacios de alta gama.<\/p>","protected":false},"excerpt":{"rendered":"<p>Pared con incrustaciones de m\u00e1rmol de ciervo Pietra Dura Stone<\/p>\n<p><strong>N\u00famero de art\u00edculo: <\/strong>WA4G010<\/p>\n<p><strong>Material:<\/strong>\u00a0M\u00e1rmol, piedra preciosa. (incrustaci\u00f3n de m\u00e1rmol panel de pared material puede ser personalizado)<\/p>\n<p><strong>Tama\u00f1o:<\/strong>\u00a0Tama\u00f1o a medida de cualquier decoraci\u00f3n de pared con incrustaciones de m\u00e1rmol<\/p>\n<p><strong>Dise\u00f1o:<\/strong>\u00a0Dise\u00f1os de incrustaciones de m\u00e1rmol est\u00e1ndar o personalizados<\/p>\n<p><strong>Aplicaci\u00f3n:<\/strong>\u00a0Villas y casas de lujo, hoteles y complejos tur\u00edsticos, espacios comerciales,<\/p>\n<p>Sala de estar, Panel de pared destacado, Decoraci\u00f3n de pared, Arte de pared con incrustaciones, Arte de pared en piedra,<\/p>\n<p>Espacios p\u00fablicos, entrada y vest\u00edbulo, clubes de alto nivel y clubes privados,<\/p>\n<p>Salas de exposiciones, boutiques, museos, iglesias, mezquitas, etc.<\/p>","protected":false},"featured_media":1635,"template":"","meta":{"_joinchat":[]},"product_brand":[],"product_cat":[22],"product_tag":[],"class_list":{"0":"post-1634","1":"product","2":"type-product","3":"status-publish","4":"has-post-thumbnail","6":"product_cat-marble-inlay-wall-decor","8":"first","9":"instock","10":"shipping-taxable","11":"product-type-simple"},"_links":{"self":[{"href":"https:\/\/www.smmarbleinlay.com\/es\/wp-json\/wp\/v2\/product\/1634","targetHints":{"allow":["GET"]}}],"collection":[{"href":"https:\/\/www.smmarbleinlay.com\/es\/wp-json\/wp\/v2\/product"}],"about":[{"href":"https:\/\/www.smmarbleinlay.com\/es\/wp-json\/wp\/v2\/types\/product"}],"wp:featuredmedia":[{"embeddable":true,"href":"https:\/\/www.smmarbleinlay.com\/es\/wp-json\/wp\/v2\/media\/1635"}],"wp:attachment":[{"href":"https:\/\/www.smmarbleinlay.com\/es\/wp-json\/wp\/v2\/media?parent=1634"}],"wp:term":[{"taxonomy":"product_brand","embeddable":true,"href":"https:\/\/www.smmarbleinlay.com\/es\/wp-json\/wp\/v2\/product_brand?post=1634"},{"taxonomy":"product_cat","embeddable":true,"href":"https:\/\/www.smmarbleinlay.com\/es\/wp-json\/wp\/v2\/product_cat?post=1634"},{"taxonomy":"product_tag","embeddable":true,"href":"https:\/\/www.smmarbleinlay.com\/es\/wp-json\/wp\/v2\/product_tag?post=1634"}],"curies":[{"name":"wp","href":"https:\/\/api.w.org\/{rel}","templated":true}]}}