{"id":1644,"date":"2025-03-29T17:09:43","date_gmt":"2025-03-29T09:09:43","guid":{"rendered":"https:\/\/www.smmarbleinlay.com\/?post_type=product&#038;p=1644"},"modified":"2025-04-09T13:05:36","modified_gmt":"2025-04-09T05:05:36","slug":"graceful-pietra-dura-stone-wall-marble-inlay-background-wall-white-horse","status":"publish","type":"product","link":"https:\/\/www.smmarbleinlay.com\/es\/producto\/graceful-pietra-dura-stone-wall-marble-inlay-background-wall-white-horse\/","title":{"rendered":"Graciosa Pietra Dura Pared M\u00e1rmol Incrustaci\u00f3n Fondo Pared Caballo Blanco"},"content":{"rendered":"<h2>Exquisito dise\u00f1o de incrustaciones de m\u00e1rmol de pared Pietra Dura y arte y artesan\u00eda Parchinkari<\/h2>\n<p>Esta decoraci\u00f3n de pared con incrustaciones de m\u00e1rmol Pietra Dura presenta un majestuoso caballo blanco, s\u00edmbolo de fuerza y \u00e9xito.<\/p>\n<p>Elaborado con t\u00e9cnicas de arte y artesan\u00eda parchinkari, el intrincado trabajo de incrustaci\u00f3n da vida al caballo, mostrando su elegancia y su din\u00e1mico movimiento.<\/p>\n<h2>M\u00e1rmol del mejor estilo y artesan\u00eda de incrustaciones de m\u00e1rmol en la pared<\/h2>\n<p>Fabricada con m\u00e1rmol de primera calidad, esta pared de piedra Pietra Dura con incrustaciones de m\u00e1rmol es un testimonio de arte experto.<\/p>\n<p>Cada piedra se talla e incrusta con precisi\u00f3n para crear una representaci\u00f3n realista, combinando durabilidad con refinada belleza.<\/p>\n<p>El dise\u00f1o de incrustaci\u00f3n sin costuras realza el lujoso atractivo de la obra.<\/p>\n<h2>Eleve los interiores de lujo con un panel de pared con incrustaciones de m\u00e1rmol<\/h2>\n<p>Ideal para salones, comedores y grandes interiores, este panel de pared con incrustaciones de m\u00e1rmol Pietra Dura a\u00f1ade un toque sofisticado a los espacios de alta gama.<\/p>\n<p>Su composici\u00f3n art\u00edstica y su dise\u00f1o con incrustaciones de m\u00e1rmol de primera calidad lo convierten en una pieza llamativa, perfecta para casas y villas de lujo.<\/p>","protected":false},"excerpt":{"rendered":"<p>Pietra Dura Pared M\u00e1rmol Incrustaci\u00f3n Caballo Blanco<\/p>\n<p><strong>N\u00famero de art\u00edculo: <\/strong>WA4G011<\/p>\n<p><strong>Material:<\/strong>\u00a0M\u00e1rmol, piedra preciosa. (incrustaci\u00f3n de m\u00e1rmol panel de pared material puede ser personalizado)<\/p>\n<p><strong>Tama\u00f1o:<\/strong>\u00a0Tama\u00f1o a medida de cualquier decoraci\u00f3n de pared con incrustaciones de m\u00e1rmol<\/p>\n<p><strong>Dise\u00f1o:<\/strong>\u00a0Dise\u00f1os de incrustaciones de m\u00e1rmol est\u00e1ndar o personalizados<\/p>\n<p><strong>Aplicaci\u00f3n:<\/strong>\u00a0Villas y casas de lujo, hoteles y complejos tur\u00edsticos, espacios comerciales,<\/p>\n<p>Sala de estar, Panel de pared destacado, Decoraci\u00f3n de pared, Arte de pared con incrustaciones, Arte de pared en piedra,<\/p>\n<p>Espacios p\u00fablicos, entrada y vest\u00edbulo, clubes de alto nivel y clubes privados,<\/p>\n<p>Salas de exposiciones, boutiques, museos, iglesias, mezquitas, etc.<\/p>","protected":false},"featured_media":1645,"template":"","meta":{"_joinchat":[]},"product_brand":[],"product_cat":[22],"product_tag":[],"class_list":{"0":"post-1644","1":"product","2":"type-product","3":"status-publish","4":"has-post-thumbnail","6":"product_cat-marble-inlay-wall-decor","8":"first","9":"instock","10":"shipping-taxable","11":"product-type-simple"},"_links":{"self":[{"href":"https:\/\/www.smmarbleinlay.com\/es\/wp-json\/wp\/v2\/product\/1644","targetHints":{"allow":["GET"]}}],"collection":[{"href":"https:\/\/www.smmarbleinlay.com\/es\/wp-json\/wp\/v2\/product"}],"about":[{"href":"https:\/\/www.smmarbleinlay.com\/es\/wp-json\/wp\/v2\/types\/product"}],"wp:featuredmedia":[{"embeddable":true,"href":"https:\/\/www.smmarbleinlay.com\/es\/wp-json\/wp\/v2\/media\/1645"}],"wp:attachment":[{"href":"https:\/\/www.smmarbleinlay.com\/es\/wp-json\/wp\/v2\/media?parent=1644"}],"wp:term":[{"taxonomy":"product_brand","embeddable":true,"href":"https:\/\/www.smmarbleinlay.com\/es\/wp-json\/wp\/v2\/product_brand?post=1644"},{"taxonomy":"product_cat","embeddable":true,"href":"https:\/\/www.smmarbleinlay.com\/es\/wp-json\/wp\/v2\/product_cat?post=1644"},{"taxonomy":"product_tag","embeddable":true,"href":"https:\/\/www.smmarbleinlay.com\/es\/wp-json\/wp\/v2\/product_tag?post=1644"}],"curies":[{"name":"wp","href":"https:\/\/api.w.org\/{rel}","templated":true}]}}