{"id":1650,"date":"2025-03-29T17:14:39","date_gmt":"2025-03-29T09:14:39","guid":{"rendered":"https:\/\/www.smmarbleinlay.com\/?post_type=product&#038;p=1650"},"modified":"2025-04-09T12:59:32","modified_gmt":"2025-04-09T04:59:32","slug":"majestic-pietra-dura-stone-horse-marble-inlay-wall-panel","status":"publish","type":"product","link":"https:\/\/www.smmarbleinlay.com\/es\/producto\/majestic-pietra-dura-stone-horse-marble-inlay-wall-panel\/","title":{"rendered":"Panel de pared con incrustaciones de m\u00e1rmol caballo Majestic Pietra Dura Stone"},"content":{"rendered":"<h2>Pared de piedra Pietra Dura S\u00edmbolo de \u00e9xito con dise\u00f1o art\u00edstico de incrustaciones<\/h2>\n<p>Esta pared de fondo con incrustaciones de m\u00e1rmol presenta un poderoso y elegante motivo de caballo. Esta pared de piedra Pietra Dura simboliza el \u00e9xito y la fuerza.<\/p>\n<p>Delicadamente adornada con intrincadas decoraciones florales, esta obra de arte en piedra Pietra Dura combina la belleza de la naturaleza con el arte atemporal, convirti\u00e9ndola en una verdadera obra maestra de la taracea.<\/p>\n<h2>M\u00e1rmol de estilo lujoso y piedra preciosa M\u00e1rmol con incrustaciones Pared de piedra<\/h2>\n<p>Elaborado con el mejor m\u00e1rmol, piedras ex\u00f3ticas, gemas semipreciosas, \u00f3nice y \u00e1gata, este muro de piedra Pietra Dura con incrustaciones de m\u00e1rmol muestra una artesan\u00eda extraordinaria.<\/p>\n<p>Cada elemento est\u00e1 meticulosamente incrustado para crear un efecto visual impresionante, aportando profundidad, textura y refinamiento al dise\u00f1o.<\/p>\n<h2>Perfecto para grandes interiores - Panel de pared con incrustaciones de m\u00e1rmol para espacios de lujo<\/h2>\n<p>Dise\u00f1ado para salones, comedores, entradas y grandes vest\u00edbulos, este panel de pared con incrustaciones de m\u00e1rmol realza cualquier casa o villa de lujo.<\/p>\n<p>La perfecta combinaci\u00f3n de incrustaciones de m\u00e1rmol de primera calidad y exquisitos detalles florales transforma cualquier espacio en una declaraci\u00f3n de sofisticaci\u00f3n y elegancia.<\/p>","protected":false},"excerpt":{"rendered":"<p>Muro de piedra Pietra Dura<\/p>\n<p><strong>N\u00famero de art\u00edculo: <\/strong>WA5H008<\/p>\n<p><strong>Material:<\/strong>\u00a0M\u00e1rmol, piedra preciosa. (incrustaci\u00f3n de m\u00e1rmol panel de pared material puede ser personalizado)<\/p>\n<p><strong>Tama\u00f1o:<\/strong>\u00a0Tama\u00f1o a medida de cualquier decoraci\u00f3n de pared con incrustaciones de m\u00e1rmol<\/p>\n<p><strong>Dise\u00f1o:<\/strong>\u00a0Dise\u00f1os de incrustaciones de m\u00e1rmol est\u00e1ndar o personalizados<\/p>\n<p><strong>Aplicaci\u00f3n:<\/strong>\u00a0Villas y casas de lujo, hoteles y complejos tur\u00edsticos, espacios comerciales,<\/p>\n<p>Sala de estar, Panel de pared destacado, Decoraci\u00f3n de pared, Arte de pared con incrustaciones, Arte de pared en piedra,<\/p>\n<p>Espacios p\u00fablicos, entrada y vest\u00edbulo, clubes de alto nivel y clubes privados,<\/p>\n<p>Salas de exposiciones, boutiques, museos, iglesias, mezquitas, etc.<\/p>","protected":false},"featured_media":1651,"template":"","meta":{"_joinchat":[]},"product_brand":[],"product_cat":[22],"product_tag":[],"class_list":{"0":"post-1650","1":"product","2":"type-product","3":"status-publish","4":"has-post-thumbnail","6":"product_cat-marble-inlay-wall-decor","8":"first","9":"instock","10":"shipping-taxable","11":"product-type-simple"},"_links":{"self":[{"href":"https:\/\/www.smmarbleinlay.com\/es\/wp-json\/wp\/v2\/product\/1650","targetHints":{"allow":["GET"]}}],"collection":[{"href":"https:\/\/www.smmarbleinlay.com\/es\/wp-json\/wp\/v2\/product"}],"about":[{"href":"https:\/\/www.smmarbleinlay.com\/es\/wp-json\/wp\/v2\/types\/product"}],"wp:featuredmedia":[{"embeddable":true,"href":"https:\/\/www.smmarbleinlay.com\/es\/wp-json\/wp\/v2\/media\/1651"}],"wp:attachment":[{"href":"https:\/\/www.smmarbleinlay.com\/es\/wp-json\/wp\/v2\/media?parent=1650"}],"wp:term":[{"taxonomy":"product_brand","embeddable":true,"href":"https:\/\/www.smmarbleinlay.com\/es\/wp-json\/wp\/v2\/product_brand?post=1650"},{"taxonomy":"product_cat","embeddable":true,"href":"https:\/\/www.smmarbleinlay.com\/es\/wp-json\/wp\/v2\/product_cat?post=1650"},{"taxonomy":"product_tag","embeddable":true,"href":"https:\/\/www.smmarbleinlay.com\/es\/wp-json\/wp\/v2\/product_tag?post=1650"}],"curies":[{"name":"wp","href":"https:\/\/api.w.org\/{rel}","templated":true}]}}