{"id":1789,"date":"2025-04-03T10:40:20","date_gmt":"2025-04-03T02:40:20","guid":{"rendered":"https:\/\/www.smmarbleinlay.com\/?post_type=product&#038;p=1789"},"modified":"2025-04-09T12:43:35","modified_gmt":"2025-04-09T04:43:35","slug":"elegant-marble-inlay-wall-decor-with-a-ballroom-theme","status":"publish","type":"product","link":"https:\/\/www.smmarbleinlay.com\/es\/producto\/elegant-marble-inlay-wall-decor-with-a-ballroom-theme\/","title":{"rendered":"Elegante decoraci\u00f3n de pared con incrustaciones de m\u00e1rmol y tem\u00e1tica de sal\u00f3n de baile"},"content":{"rendered":"<h2 class=\"\" data-start=\"74\" data-end=\"121\">Decoraci\u00f3n de pared con incrustaciones de m\u00e1rmol Lujo atemporal en el dise\u00f1o con incrustaciones de m\u00e1rmol<\/h2>\n<p class=\"\" data-start=\"123\" data-end=\"425\">Esta elegante decoraci\u00f3n de pared con incrustaciones de m\u00e1rmol, captura la grandeza de una \u00e9poca pasada con esta exquisita decoraci\u00f3n de pared con incrustaciones de m\u00e1rmol, inspirada en la elegancia de un baile de sal\u00f3n.<\/p>\n<p class=\"\" data-start=\"123\" data-end=\"425\">Esta impresionante obra maestra de decoraci\u00f3n mural con incrustaciones de m\u00e1rmol aporta vida y movimiento a sus interiores, representando una fastuosa escena de sal\u00f3n de baile con impecable detalle y refinamiento.<\/p>\n<h2 class=\"\" data-start=\"427\" data-end=\"494\">Exquisitas incrustaciones de m\u00e1rmol para un sofisticado muro de piedra<\/h2>\n<p class=\"\" data-start=\"496\" data-end=\"812\">Cada elemento de este panel de pared con incrustaciones de m\u00e1rmol est\u00e1 meticulosamente elaborado a mano, utilizando una gran variedad de piedras naturales y materiales semipreciosos de alta calidad.<\/p>\n<p class=\"\" data-start=\"496\" data-end=\"812\">La delicada interacci\u00f3n de colores y texturas crea un atractivo visual din\u00e1mico, mostrando un extraordinario nivel de artesan\u00eda en el estilo de trabajo de la incrustaci\u00f3n de m\u00e1rmol.<\/p>\n<h2 class=\"\" data-start=\"814\" data-end=\"879\">Un panel de pared con incrustaciones de m\u00e1rmol para interiores de lujo<\/h2>\n<p class=\"\" data-start=\"881\" data-end=\"1169\">Dise\u00f1ado para villas, hoteles y residencias de lujo, este muro de piedra transforma cualquier espacio en una obra maestra atemporal.<\/p>\n<p class=\"\" data-start=\"881\" data-end=\"1169\">Ya sea en un gran vest\u00edbulo, en un sal\u00f3n de baile o en una opulenta sala de estar, este dise\u00f1o con incrustaciones de m\u00e1rmol a\u00f1ade un toque de encanto aristocr\u00e1tico y elegancia art\u00edstica.<\/p>\n<p class=\"\" data-start=\"1171\" data-end=\"1309\">Experimente la belleza del arte hist\u00f3rico a trav\u00e9s de las incrustaciones de m\u00e1rmol, donde cada detalle cuenta una historia de lujo y sofisticaci\u00f3n.<\/p>","protected":false},"excerpt":{"rendered":"<p data-start=\"74\" data-end=\"121\">Decoraci\u00f3n de pared con incrustaciones de m\u00e1rmol Dancing<\/p>\n<p><strong>N\u00famero de art\u00edculo: <\/strong>WA6I004<\/p>\n<p><strong>Material:<\/strong>\u00a0M\u00e1rmol, piedra preciosa. (incrustaci\u00f3n de m\u00e1rmol panel de pared material puede ser personalizado)<\/p>\n<p><strong>Tama\u00f1o:<\/strong>\u00a0Tama\u00f1o a medida de cualquier decoraci\u00f3n de pared con incrustaciones de m\u00e1rmol<\/p>\n<p><strong>Dise\u00f1o:<\/strong>\u00a0Dise\u00f1os de incrustaciones de m\u00e1rmol est\u00e1ndar o personalizados<\/p>\n<p><strong>Aplicaci\u00f3n:<\/strong>\u00a0Villas y casas de lujo, hoteles y complejos tur\u00edsticos, espacios comerciales,<\/p>\n<p>Sala de estar, Panel de pared destacado, Decoraci\u00f3n de pared, Arte de pared con incrustaciones, Arte de pared en piedra,<\/p>\n<p>Espacios p\u00fablicos, entrada y vest\u00edbulo, clubes de alto nivel y clubes privados,<\/p>\n<p>Salas de exposiciones, boutiques, museos, iglesias, mezquitas, etc.<\/p>","protected":false},"featured_media":1790,"template":"","meta":{"_joinchat":[]},"product_brand":[],"product_cat":[22],"product_tag":[],"class_list":{"0":"post-1789","1":"product","2":"type-product","3":"status-publish","4":"has-post-thumbnail","6":"product_cat-marble-inlay-wall-decor","8":"first","9":"instock","10":"shipping-taxable","11":"product-type-simple"},"_links":{"self":[{"href":"https:\/\/www.smmarbleinlay.com\/es\/wp-json\/wp\/v2\/product\/1789","targetHints":{"allow":["GET"]}}],"collection":[{"href":"https:\/\/www.smmarbleinlay.com\/es\/wp-json\/wp\/v2\/product"}],"about":[{"href":"https:\/\/www.smmarbleinlay.com\/es\/wp-json\/wp\/v2\/types\/product"}],"wp:featuredmedia":[{"embeddable":true,"href":"https:\/\/www.smmarbleinlay.com\/es\/wp-json\/wp\/v2\/media\/1790"}],"wp:attachment":[{"href":"https:\/\/www.smmarbleinlay.com\/es\/wp-json\/wp\/v2\/media?parent=1789"}],"wp:term":[{"taxonomy":"product_brand","embeddable":true,"href":"https:\/\/www.smmarbleinlay.com\/es\/wp-json\/wp\/v2\/product_brand?post=1789"},{"taxonomy":"product_cat","embeddable":true,"href":"https:\/\/www.smmarbleinlay.com\/es\/wp-json\/wp\/v2\/product_cat?post=1789"},{"taxonomy":"product_tag","embeddable":true,"href":"https:\/\/www.smmarbleinlay.com\/es\/wp-json\/wp\/v2\/product_tag?post=1789"}],"curies":[{"name":"wp","href":"https:\/\/api.w.org\/{rel}","templated":true}]}}