{"id":1792,"date":"2025-04-03T11:03:54","date_gmt":"2025-04-03T03:03:54","guid":{"rendered":"https:\/\/www.smmarbleinlay.com\/?post_type=product&#038;p=1792"},"modified":"2025-04-10T09:47:06","modified_gmt":"2025-04-10T01:47:06","slug":"illuminated-backlit-marble-inlay-background-wall-decor","status":"publish","type":"product","link":"https:\/\/www.smmarbleinlay.com\/es\/producto\/illuminated-backlit-marble-inlay-background-wall-decor\/","title":{"rendered":"Decoraci\u00f3n de pared con incrustaciones de m\u00e1rmol retroiluminadas con Jes\u00fas como protagonista"},"content":{"rendered":"<h2 class=\"\" data-start=\"72\" data-end=\"119\">Decoraci\u00f3n de pared con incrustaciones de m\u00e1rmol en dise\u00f1o de incrustaciones de m\u00e1rmol<\/h2>\n<p class=\"\" data-start=\"121\" data-end=\"409\">La decoraci\u00f3n de pared con incrustaciones de m\u00e1rmol retroiluminado es la primera opci\u00f3n para el dise\u00f1o de interiores de lujo.<\/p>\n<p class=\"\" data-start=\"121\" data-end=\"409\">Experimente la serenidad y profundidad espiritual de esta impresionante decoraci\u00f3n de pared con fondo de m\u00e1rmol incrustado retroiluminado, que representa a Jes\u00fas con resplandor divino.<\/p>\n<p class=\"\" data-start=\"121\" data-end=\"409\">Este panel mural con incrustaciones de m\u00e1rmol retroiluminado est\u00e1 meticulosamente elaborado para permitir el paso de la luz, realzando la profundidad y el realismo de la figura sagrada.<\/p>\n<h2 class=\"\" data-start=\"411\" data-end=\"481\">Magistral estilo de trabajo de marqueter\u00eda con efecto de pared de piedra transl\u00facida<\/h2>\n<p class=\"\" data-start=\"483\" data-end=\"780\">Elaborado con m\u00e1rmol transl\u00facido de alta calidad y piedras semipreciosas, este dise\u00f1o con incrustaciones de m\u00e1rmol capta cada detalle con precisi\u00f3n.<\/p>\n<p class=\"\" data-start=\"483\" data-end=\"780\">El estilo \u00fanico de incrustaci\u00f3n permite que la luz ilumine la obra de arte, creando un impresionante efecto visual que realza el ambiente espiritual de cualquier espacio.<\/p>\n<h2 class=\"\" data-start=\"782\" data-end=\"849\">Una obra maestra sagrada para interiores lujosos y espirituales<\/h2>\n<p class=\"\" data-start=\"851\" data-end=\"1177\">Ideal para iglesias, capillas, salas de meditaci\u00f3n o elegantes interiores dom\u00e9sticos, este muro de piedra transforma cualquier entorno en un lugar de reflexi\u00f3n y belleza divina.<\/p>\n<p class=\"\" data-start=\"851\" data-end=\"1177\">El juego de luces y piedras de este panel de pared con incrustaciones de m\u00e1rmol eleva el ambiente, convirti\u00e9ndolo en una pieza central perfecta para lugares de culto y devoci\u00f3n.<\/p>\n<p class=\"\" data-start=\"1179\" data-end=\"1316\">Descubra la inigualable artesan\u00eda de las incrustaciones de m\u00e1rmol, donde arte y espiritualidad se unen en una radiante expresi\u00f3n de fe.<\/p>","protected":false},"excerpt":{"rendered":"<p>Decoraci\u00f3n de pared con incrustaciones de m\u00e1rmol iluminado<\/p>\n<p><strong>N\u00famero de art\u00edculo: <\/strong>WA6I005<\/p>\n<p><strong>Material:<\/strong>\u00a0Mable, Piedra preciosa. (los materiales de las incrustaciones de m\u00e1rmol se pueden personalizar)<\/p>\n<p><strong>Tama\u00f1o:<\/strong>\u00a0Tama\u00f1o a medida (tama\u00f1o de la incrustaci\u00f3n de m\u00e1rmol personalizada)<\/p>\n<p><strong>Dise\u00f1o:<\/strong>\u00a0Dise\u00f1os de m\u00e1rmol est\u00e1ndar o personalizados<\/p>\n<p><strong>Aplicaci\u00f3n:<\/strong>\u00a0Villas y casas de lujo, hoteles y complejos tur\u00edsticos, espacios comerciales,<\/p>\n<p>Espacios p\u00fablicos, Escaleras y pasillos, Entrada y vest\u00edbulo, Pietra Dura Art Floor,<\/p>\n<p>Clubes de alto nivel y clubes privados, salas de exposiciones y espacios de exhibici\u00f3n,<\/p>\n<p>Boutiques, Museo, Iglesia, Mezquita, etc.<\/p>","protected":false},"featured_media":1793,"template":"","meta":{"_joinchat":[]},"product_brand":[],"product_cat":[22],"product_tag":[],"class_list":{"0":"post-1792","1":"product","2":"type-product","3":"status-publish","4":"has-post-thumbnail","6":"product_cat-marble-inlay-wall-decor","8":"first","9":"instock","10":"shipping-taxable","11":"product-type-simple"},"_links":{"self":[{"href":"https:\/\/www.smmarbleinlay.com\/es\/wp-json\/wp\/v2\/product\/1792","targetHints":{"allow":["GET"]}}],"collection":[{"href":"https:\/\/www.smmarbleinlay.com\/es\/wp-json\/wp\/v2\/product"}],"about":[{"href":"https:\/\/www.smmarbleinlay.com\/es\/wp-json\/wp\/v2\/types\/product"}],"wp:featuredmedia":[{"embeddable":true,"href":"https:\/\/www.smmarbleinlay.com\/es\/wp-json\/wp\/v2\/media\/1793"}],"wp:attachment":[{"href":"https:\/\/www.smmarbleinlay.com\/es\/wp-json\/wp\/v2\/media?parent=1792"}],"wp:term":[{"taxonomy":"product_brand","embeddable":true,"href":"https:\/\/www.smmarbleinlay.com\/es\/wp-json\/wp\/v2\/product_brand?post=1792"},{"taxonomy":"product_cat","embeddable":true,"href":"https:\/\/www.smmarbleinlay.com\/es\/wp-json\/wp\/v2\/product_cat?post=1792"},{"taxonomy":"product_tag","embeddable":true,"href":"https:\/\/www.smmarbleinlay.com\/es\/wp-json\/wp\/v2\/product_tag?post=1792"}],"curies":[{"name":"wp","href":"https:\/\/api.w.org\/{rel}","templated":true}]}}