{"id":1795,"date":"2025-04-03T11:09:34","date_gmt":"2025-04-03T03:09:34","guid":{"rendered":"https:\/\/www.smmarbleinlay.com\/?post_type=product&#038;p=1795"},"modified":"2025-04-09T11:38:38","modified_gmt":"2025-04-09T03:38:38","slug":"luxury-marble-inlay-wall-panel-german-neuschwanstein-castle-theme","status":"publish","type":"product","link":"https:\/\/www.smmarbleinlay.com\/es\/producto\/luxury-marble-inlay-wall-panel-german-neuschwanstein-castle-theme\/","title":{"rendered":"Panel mural de lujo con incrustaciones de m\u00e1rmol - Tema del castillo alem\u00e1n de Neuschwanstein"},"content":{"rendered":"<h2>Panel mural de lujo con incrustaciones de m\u00e1rmol y tema de castillo<\/h2>\n<p>La lujosa decoraci\u00f3n de pared con incrustaciones de m\u00e1rmol con el tema del castillo es la primera opci\u00f3n para los grandes dise\u00f1os de interiores.<\/p>\n<p>Experimente la mezcla perfecta de arte y artesan\u00eda con esta impresionante decoraci\u00f3n de pared con incrustaciones de m\u00e1rmol.<\/p>\n<p>Con una impresionante representaci\u00f3n del emblem\u00e1tico castillo alem\u00e1n de Neuschwanstein, esta obra maestra est\u00e1 elaborada con precisi\u00f3n utilizando m\u00e1rmol natural de primera calidad.<\/p>\n<h2>Estilo de marqueter\u00eda intemporal<\/h2>\n<p>Dise\u00f1ada con un meticuloso estilo de marqueter\u00eda, esta decoraci\u00f3n de pared con incrustaciones de m\u00e1rmol muestra una intrincada t\u00e9cnica de incrustaci\u00f3n que da vida al legendario castillo.<\/p>\n<p>La armoniosa combinaci\u00f3n de colores de piedra natural, detallados elementos arquitect\u00f3nicos y elegante artesan\u00eda crea un ambiente de lujo.<\/p>\n<h2>Elegante muro de piedra con dise\u00f1o de incrustaciones<\/h2>\n<p>Realce su interior con esta pared de piedra con incrustaciones de m\u00e1rmol, que se integra a la perfecci\u00f3n en espacios cl\u00e1sicos y contempor\u00e1neos por igual.<\/p>\n<p>Tanto si se coloca en un sal\u00f3n como en el vest\u00edbulo de un hotel o en un entorno comercial de lujo, esta decoraci\u00f3n de pared con incrustaciones de m\u00e1rmol a\u00f1ade sofisticaci\u00f3n y encanto art\u00edstico a cualquier ambiente.<\/p>\n<h2>Panel de pared con incrustaciones de m\u00e1rmol de primera calidad para decoraci\u00f3n de interiores<\/h2>\n<p>Este panel mural con incrustaciones de m\u00e1rmol no es s\u00f3lo una pieza decorativa; es una declaraci\u00f3n de lujo y patrimonio.<\/p>\n<p>Sus exquisitos detalles y su artesan\u00eda de alta calidad lo convierten en la opci\u00f3n ideal para quienes aprecian la est\u00e9tica refinada de los interiores.<\/p>\n<p>Transforme su espacio con esta extraordinaria decoraci\u00f3n de fondo de pared con incrustaciones de m\u00e1rmol, \u00a1donde la elegancia atemporal se une a la excelencia art\u00edstica!<\/p>","protected":false},"excerpt":{"rendered":"<p>Castillo de lujo de m\u00e1rmol con incrustaciones de panel de pared<\/p>\n<p><strong>N\u00famero de art\u00edculo: <\/strong>WA6I006<\/p>\n<p><strong>Material:<\/strong>\u00a0M\u00e1rmol, piedra preciosa. (incrustaci\u00f3n de m\u00e1rmol panel de pared material puede ser personalizado)<\/p>\n<p><strong>Tama\u00f1o:<\/strong>\u00a0Tama\u00f1o a medida de cualquier decoraci\u00f3n de pared con incrustaciones de m\u00e1rmol<\/p>\n<p><strong>Dise\u00f1o:<\/strong>\u00a0Dise\u00f1os de incrustaciones de m\u00e1rmol est\u00e1ndar o personalizados<\/p>\n<p><strong>Aplicaci\u00f3n:<\/strong>\u00a0Villas y casas de lujo, hoteles y complejos tur\u00edsticos, espacios comerciales,<\/p>\n<p>Sala de estar, Panel de pared destacado, Decoraci\u00f3n de pared, Arte de pared con incrustaciones, Arte de pared en piedra,<\/p>\n<p>Espacios p\u00fablicos, entrada y vest\u00edbulo, clubes de alto nivel y clubes privados,<\/p>\n<p>Salas de exposiciones, boutiques, museos, iglesias, mezquitas, etc.<\/p>","protected":false},"featured_media":1796,"template":"","meta":{"_joinchat":[]},"product_brand":[],"product_cat":[22],"product_tag":[],"class_list":{"0":"post-1795","1":"product","2":"type-product","3":"status-publish","4":"has-post-thumbnail","6":"product_cat-marble-inlay-wall-decor","8":"first","9":"instock","10":"shipping-taxable","11":"product-type-simple"},"_links":{"self":[{"href":"https:\/\/www.smmarbleinlay.com\/es\/wp-json\/wp\/v2\/product\/1795","targetHints":{"allow":["GET"]}}],"collection":[{"href":"https:\/\/www.smmarbleinlay.com\/es\/wp-json\/wp\/v2\/product"}],"about":[{"href":"https:\/\/www.smmarbleinlay.com\/es\/wp-json\/wp\/v2\/types\/product"}],"wp:featuredmedia":[{"embeddable":true,"href":"https:\/\/www.smmarbleinlay.com\/es\/wp-json\/wp\/v2\/media\/1796"}],"wp:attachment":[{"href":"https:\/\/www.smmarbleinlay.com\/es\/wp-json\/wp\/v2\/media?parent=1795"}],"wp:term":[{"taxonomy":"product_brand","embeddable":true,"href":"https:\/\/www.smmarbleinlay.com\/es\/wp-json\/wp\/v2\/product_brand?post=1795"},{"taxonomy":"product_cat","embeddable":true,"href":"https:\/\/www.smmarbleinlay.com\/es\/wp-json\/wp\/v2\/product_cat?post=1795"},{"taxonomy":"product_tag","embeddable":true,"href":"https:\/\/www.smmarbleinlay.com\/es\/wp-json\/wp\/v2\/product_tag?post=1795"}],"curies":[{"name":"wp","href":"https:\/\/api.w.org\/{rel}","templated":true}]}}