{"id":1798,"date":"2025-04-03T11:14:15","date_gmt":"2025-04-03T03:14:15","guid":{"rendered":"https:\/\/www.smmarbleinlay.com\/?post_type=product&#038;p=1798"},"modified":"2025-04-08T20:52:15","modified_gmt":"2025-04-08T12:52:15","slug":"exquisite-marble-inlay-wall-panel-great-wall-of-china-theme","status":"publish","type":"product","link":"https:\/\/www.smmarbleinlay.com\/es\/producto\/exquisite-marble-inlay-wall-panel-great-wall-of-china-theme\/","title":{"rendered":"Exquisito panel mural con incrustaciones de m\u00e1rmol - Tema de la Gran Muralla China"},"content":{"rendered":"<h2 class=\"\" data-start=\"71\" data-end=\"129\">Obra maestra de la decoraci\u00f3n de pared con incrustaciones de m\u00e1rmol de fondo<\/h2>\n<p>Este exquisito panel de pared con incrustaciones de m\u00e1rmol es adecuado para dise\u00f1os de interiores de grandes villas.<\/p>\n<p class=\"\" data-start=\"130\" data-end=\"433\">Inspirada en la grandeza de la Gran Muralla China, esta decoraci\u00f3n de fondo de pared con incrustaciones de m\u00e1rmol muestra una impresionante fusi\u00f3n de est\u00e9tica tradicional china y artesan\u00eda superior.<\/p>\n<p class=\"\" data-start=\"130\" data-end=\"433\">Elaborado con el m\u00e1rmol m\u00e1s fino y raro, este exquisito panel de pared con incrustaciones de m\u00e1rmol es un tributo a la belleza intemporal de la cultura china.<\/p>\n<h2 class=\"\" data-start=\"435\" data-end=\"505\">Intrincado estilo de trabajo con incrustaciones de m\u00e1rmol con una precisi\u00f3n sin igual<\/h2>\n<p class=\"\" data-start=\"506\" data-end=\"832\">Cada detalle de este estilo de trabajo de incrustaci\u00f3n de m\u00e1rmol refleja un arte excepcional, con exquisitas piezas de paneles murales de incrustaci\u00f3n de m\u00e1rmol de tan s\u00f3lo 1 mm meticulosamente dispuestas para crear una representaci\u00f3n aut\u00e9ntica y realista del paisaje esc\u00e9nico de la Gran Muralla.<\/p>\n<p class=\"\" data-start=\"506\" data-end=\"832\">Los colores naturales de la piedra y su precisa estratificaci\u00f3n aportan profundidad y realismo a esta impresionante composici\u00f3n.<\/p>\n<h2 class=\"\" data-start=\"834\" data-end=\"898\">Lujosas incrustaciones de m\u00e1rmol para interiores elegantes<\/h2>\n<p class=\"\" data-start=\"899\" data-end=\"1175\">Dise\u00f1ada para elevar los interiores de gama alta, esta pared de piedra con incrustaciones de m\u00e1rmol se integra a la perfecci\u00f3n en residencias de lujo, hoteles y espacios comerciales.<\/p>\n<p class=\"\" data-start=\"899\" data-end=\"1175\">Su refinada elegancia y su importancia cultural la convierten en una opci\u00f3n distinguida para quienes aprecian tanto el arte como la historia.<\/p>\n<h2 class=\"\" data-start=\"1177\" data-end=\"1246\">Panel de pared con incrustaciones de m\u00e1rmol atemporal y exclusivo dise\u00f1o de incrustaciones<\/h2>\n<p class=\"\" data-start=\"1247\" data-end=\"1502\">Este panel mural con incrustaciones de m\u00e1rmol no es s\u00f3lo un elemento decorativo, es una declaraci\u00f3n art\u00edstica.<\/p>\n<p class=\"\" data-start=\"1247\" data-end=\"1502\">La combinaci\u00f3n de incrustaciones artesanales poco comunes y m\u00e1rmol de alta calidad garantiza la durabilidad y el brillo est\u00e9tico, convirti\u00e9ndolo en el centro de atenci\u00f3n de cualquier espacio interior.<\/p>\n<p class=\"\" data-start=\"1504\" data-end=\"1674\">Transforme su entorno con esta extraordinaria decoraci\u00f3n de fondo de pared con incrustaciones de m\u00e1rmol, donde la herencia se une a la innovaci\u00f3n en una obra maestra de la artesan\u00eda de incrustaciones de piedra.<\/p>","protected":false},"excerpt":{"rendered":"<p><strong>N\u00famero de art\u00edculo:\u00a0<\/strong>FL7J001<\/p>\n<p><strong>Material:<\/strong>\u00a0M\u00e1rmol, piedra preciosa. (incrustaci\u00f3n de m\u00e1rmol panel de pared material puede ser personalizado)<\/p>\n<p><strong>Tama\u00f1o:<\/strong>\u00a0Tama\u00f1o a medida de cualquier decoraci\u00f3n de pared con incrustaciones de m\u00e1rmol<\/p>\n<p><strong>Dise\u00f1o:<\/strong>\u00a0Dise\u00f1os de incrustaciones de m\u00e1rmol est\u00e1ndar o personalizados<\/p>\n<p><strong>Aplicaci\u00f3n:<\/strong>\u00a0Villas y casas de lujo, hoteles y complejos tur\u00edsticos, espacios comerciales,<\/p>\n<p>Sala de estar, Panel de pared destacado, Decoraci\u00f3n de pared, Arte de pared con incrustaciones, Arte de pared en piedra,<\/p>\n<p>Espacios p\u00fablicos, entrada y vest\u00edbulo, clubes de alto nivel y clubes privados,<\/p>\n<p>Salas de exposiciones, boutiques, museos, iglesias, mezquitas, etc.<\/p>","protected":false},"featured_media":1799,"template":"","meta":{"_joinchat":[]},"product_brand":[],"product_cat":[22],"product_tag":[],"class_list":{"0":"post-1798","1":"product","2":"type-product","3":"status-publish","4":"has-post-thumbnail","6":"product_cat-marble-inlay-wall-decor","8":"first","9":"instock","10":"shipping-taxable","11":"product-type-simple"},"_links":{"self":[{"href":"https:\/\/www.smmarbleinlay.com\/es\/wp-json\/wp\/v2\/product\/1798","targetHints":{"allow":["GET"]}}],"collection":[{"href":"https:\/\/www.smmarbleinlay.com\/es\/wp-json\/wp\/v2\/product"}],"about":[{"href":"https:\/\/www.smmarbleinlay.com\/es\/wp-json\/wp\/v2\/types\/product"}],"wp:featuredmedia":[{"embeddable":true,"href":"https:\/\/www.smmarbleinlay.com\/es\/wp-json\/wp\/v2\/media\/1799"}],"wp:attachment":[{"href":"https:\/\/www.smmarbleinlay.com\/es\/wp-json\/wp\/v2\/media?parent=1798"}],"wp:term":[{"taxonomy":"product_brand","embeddable":true,"href":"https:\/\/www.smmarbleinlay.com\/es\/wp-json\/wp\/v2\/product_brand?post=1798"},{"taxonomy":"product_cat","embeddable":true,"href":"https:\/\/www.smmarbleinlay.com\/es\/wp-json\/wp\/v2\/product_cat?post=1798"},{"taxonomy":"product_tag","embeddable":true,"href":"https:\/\/www.smmarbleinlay.com\/es\/wp-json\/wp\/v2\/product_tag?post=1798"}],"curies":[{"name":"wp","href":"https:\/\/api.w.org\/{rel}","templated":true}]}}