{"id":1830,"date":"2025-04-05T10:58:05","date_gmt":"2025-04-05T02:58:05","guid":{"rendered":"https:\/\/www.smmarbleinlay.com\/?post_type=product&#038;p=1830"},"modified":"2025-04-08T20:32:56","modified_gmt":"2025-04-08T12:32:56","slug":"marble-inlay-background-wall-decor-2","status":"publish","type":"product","link":"https:\/\/www.smmarbleinlay.com\/es\/producto\/marble-inlay-background-wall-decor-2\/","title":{"rendered":"Marble Inlay Background Wall Decor Interiores de lujo"},"content":{"rendered":"<h2>Obra maestra de la decoraci\u00f3n mural con incrustaciones de m\u00e1rmol para interiores de lujo<\/h2>\n<p>Esta decoraci\u00f3n de fondo de pared con incrustaciones de m\u00e1rmol es una impresionante fusi\u00f3n de arte y artesan\u00eda, meticulosamente elaborada a mano con piedra natural de primera calidad.<\/p>\n<p>El intrincado dise\u00f1o de m\u00e1rmol incrustado en la pared muestra un majestuoso guepardo, combinando a la perfecci\u00f3n patrones de m\u00e1rmol natural con finos detalles para dar vida a la belleza salvaje.<\/p>\n<p>Las ricas texturas y la composici\u00f3n din\u00e1mica hacen de este panel de pared con incrustaciones de m\u00e1rmol un llamativo punto focal en interiores de alta gama.<\/p>\n<h2>Decoraci\u00f3n de pared con incrustaciones de m\u00e1rmol y materiales de primera calidad para un aspecto lujoso<\/h2>\n<p>Elaborado con m\u00e1rmol de alta calidad, piedras semipreciosas y minerales naturales, este dise\u00f1o de incrustaci\u00f3n de piedra en la pared garantiza durabilidad y un acabado exquisito.<\/p>\n<p>Las vetas y los colores naturales del m\u00e1rmol realzan la profundidad y el realismo del cuerpo del guepardo, mientras que materiales cuidadosamente seleccionados como el lapisl\u00e1zuli, el jade y el \u00f3nice a\u00f1aden un vibrante contraste.<\/p>\n<h2>Aplicaci\u00f3n vers\u00e1til para espacios de alto nivel<\/h2>\n<p>Este panel de pared con incrustaciones de m\u00e1rmol es perfecto para interiores residenciales y comerciales de lujo, incluyendo:<\/p>\n<ul>\n<li>Salones de lujo - Una obra de arte que complementa el mobiliario elegante.<\/li>\n<li>Vest\u00edbulos de hotel - Realce la grandeza de los espacios de hosteler\u00eda de prestigio.<\/li>\n<li>Recepciones de oficinas - A\u00f1ade un toque art\u00edstico y sofisticado a los entornos corporativos.<\/li>\n<li>Tiendas boutique y galer\u00edas - Eleve el ambiente con exquisita artesan\u00eda.<\/li>\n<\/ul>\n<h2>Elegancia atemporal con incrustaciones de m\u00e1rmol<\/h2>\n<p>La fusi\u00f3n del estilo tradicional del trabajo de marqueter\u00eda de m\u00e1rmol con la est\u00e9tica contempor\u00e1nea garantiza que esta pared de fondo de marqueter\u00eda de m\u00e1rmol siga siendo un elemento de lujo atemporal.<\/p>\n<p>Cada pieza artesanal muestra una meticulosa atenci\u00f3n al detalle, creando un punto focal \u00fanico e impresionante que realza la sofisticaci\u00f3n de cualquier espacio.<\/p>\n<p>Eleve su interior con esta pared de piedra con incrustaciones de m\u00e1rmol, un verdadero testimonio de elegancia y artesan\u00eda.<\/p>","protected":false},"excerpt":{"rendered":"<p><strong>Decoraci\u00f3n de pared con incrustaciones de m\u00e1rmol y motivo de leopardo<\/strong><\/p>\n<p><strong>N\u00famero de art\u00edculo: <\/strong>WA6I008<\/p>\n<p><strong>Material:<\/strong>\u00a0M\u00e1rmol, piedra preciosa. (incrustaci\u00f3n de m\u00e1rmol panel de pared material puede ser personalizado)<\/p>\n<p><strong>Tama\u00f1o:<\/strong>\u00a0Tama\u00f1o a medida de cualquier decoraci\u00f3n de pared con incrustaciones de m\u00e1rmol<\/p>\n<p><strong>Dise\u00f1o:<\/strong>\u00a0Dise\u00f1os de incrustaciones de m\u00e1rmol est\u00e1ndar o personalizados<\/p>\n<p><strong>Aplicaci\u00f3n:<\/strong>\u00a0Villas y casas de lujo, hoteles y complejos tur\u00edsticos, espacios comerciales,<\/p>\n<p>Sala de estar, Panel de pared destacado, Decoraci\u00f3n de pared, Arte de pared con incrustaciones, Arte de pared en piedra,<\/p>\n<p>Espacios p\u00fablicos, entrada y vest\u00edbulo, clubes de alto nivel y clubes privados,<\/p>\n<p>Salas de exposiciones, boutiques, museos, iglesias, mezquitas, etc.<\/p>","protected":false},"featured_media":1831,"template":"","meta":{"_joinchat":[]},"product_brand":[],"product_cat":[22],"product_tag":[],"class_list":{"0":"post-1830","1":"product","2":"type-product","3":"status-publish","4":"has-post-thumbnail","6":"product_cat-marble-inlay-wall-decor","8":"first","9":"instock","10":"shipping-taxable","11":"product-type-simple"},"_links":{"self":[{"href":"https:\/\/www.smmarbleinlay.com\/es\/wp-json\/wp\/v2\/product\/1830","targetHints":{"allow":["GET"]}}],"collection":[{"href":"https:\/\/www.smmarbleinlay.com\/es\/wp-json\/wp\/v2\/product"}],"about":[{"href":"https:\/\/www.smmarbleinlay.com\/es\/wp-json\/wp\/v2\/types\/product"}],"wp:featuredmedia":[{"embeddable":true,"href":"https:\/\/www.smmarbleinlay.com\/es\/wp-json\/wp\/v2\/media\/1831"}],"wp:attachment":[{"href":"https:\/\/www.smmarbleinlay.com\/es\/wp-json\/wp\/v2\/media?parent=1830"}],"wp:term":[{"taxonomy":"product_brand","embeddable":true,"href":"https:\/\/www.smmarbleinlay.com\/es\/wp-json\/wp\/v2\/product_brand?post=1830"},{"taxonomy":"product_cat","embeddable":true,"href":"https:\/\/www.smmarbleinlay.com\/es\/wp-json\/wp\/v2\/product_cat?post=1830"},{"taxonomy":"product_tag","embeddable":true,"href":"https:\/\/www.smmarbleinlay.com\/es\/wp-json\/wp\/v2\/product_tag?post=1830"}],"curies":[{"name":"wp","href":"https:\/\/api.w.org\/{rel}","templated":true}]}}