{"id":1833,"date":"2025-04-05T11:03:12","date_gmt":"2025-04-05T03:03:12","guid":{"rendered":"https:\/\/www.smmarbleinlay.com\/?post_type=product&#038;p=1833"},"modified":"2025-04-08T20:30:42","modified_gmt":"2025-04-08T12:30:42","slug":"marble-inlay-wall-decor-panel-sucess-motif","status":"publish","type":"product","link":"https:\/\/www.smmarbleinlay.com\/es\/producto\/marble-inlay-wall-decor-panel-sucess-motif\/","title":{"rendered":"Panel decorativo de m\u00e1rmol con motivo de \u00e9xito"},"content":{"rendered":"<h2 class=\"\" data-start=\"63\" data-end=\"126\">Magn\u00edfico panel mural con incrustaciones de m\u00e1rmol y motivo Pegaso<\/h2>\n<p class=\"\" data-start=\"128\" data-end=\"519\">Este panel decorativo mural con incrustaciones de m\u00e1rmol es una impresionante obra de arte que simboliza el \u00e9xito y la prosperidad.<\/p>\n<p class=\"\" data-start=\"128\" data-end=\"519\">El dise\u00f1o del panel decorativo mural con incrustaciones de m\u00e1rmol presenta dos majestuosas figuras de Pegaso, que representan la fuerza, la ambici\u00f3n y la b\u00fasqueda de la excelencia.<\/p>\n<p class=\"\" data-start=\"128\" data-end=\"519\">Hecha a mano con incrustaciones de m\u00e1rmol, esta decoraci\u00f3n de pared con incrustaciones de m\u00e1rmol combina detalles intrincados con materiales de alta calidad, convirti\u00e9ndola en una declaraci\u00f3n de sofisticaci\u00f3n y grandeza.<\/p>\n<h2 class=\"\" data-start=\"521\" data-end=\"572\">M\u00e1rmol de primera calidad y artesan\u00eda exquisita<\/h2>\n<p class=\"\" data-start=\"574\" data-end=\"940\">Elaborado con el mejor m\u00e1rmol natural, piedras semipreciosas y materiales ex\u00f3ticos, este panel de pared con incrustaciones de m\u00e1rmol muestra un arte excepcional.<\/p>\n<p class=\"\" data-start=\"574\" data-end=\"940\">Las detalladas figuras de Pegaso y las volutas ornamentales cobran vida con las vetas naturales de la piedra y los vibrantes colores de las incrustaciones.<\/p>\n<p class=\"\" data-start=\"574\" data-end=\"940\">Cada curva y cada l\u00ednea reflejan la precisi\u00f3n de la artesan\u00eda, realzando la sensaci\u00f3n de lujo.<\/p>\n<h2 class=\"\" data-start=\"942\" data-end=\"998\">Aplicaci\u00f3n vers\u00e1til para interiores de prestigio<\/h2>\n<p class=\"\" data-start=\"1000\" data-end=\"1096\">Esta pared de piedra con incrustaciones de m\u00e1rmol es un complemento ideal para espacios interiores lujosos, como:<\/p>\n<ul data-start=\"1097\" data-end=\"1418\">\n<li class=\"\" data-start=\"1097\" data-end=\"1174\">\n<p class=\"\" data-start=\"1099\" data-end=\"1174\">Grandes vest\u00edbulos y entradas: crear un ambiente majestuoso y acogedor.<\/p>\n<\/li>\n<li class=\"\" data-start=\"1175\" data-end=\"1253\">\n<p class=\"\" data-start=\"1177\" data-end=\"1253\">Salones de lujo - Un centro de mesa cautivador que encarna el \u00e9xito.<\/p>\n<\/li>\n<li class=\"\" data-start=\"1254\" data-end=\"1330\">\n<p class=\"\" data-start=\"1256\" data-end=\"1330\">Oficinas corporativas y salas de juntas - Inspirar ambici\u00f3n y logros.<\/p>\n<\/li>\n<li class=\"\" data-start=\"1331\" data-end=\"1418\">\n<p class=\"\" data-start=\"1333\" data-end=\"1418\">Vest\u00edbulos de hotel y \u00e1reas de recepci\u00f3n - Elevar el prestigio de los espacios de hosteler\u00eda.<\/p>\n<\/li>\n<\/ul>\n<h2 class=\"\" data-start=\"1420\" data-end=\"1471\">Elegancia atemporal con incrustaciones de m\u00e1rmol<\/h2>\n<p class=\"\" data-start=\"1473\" data-end=\"1785\">Dise\u00f1ada para complementar tanto la est\u00e9tica cl\u00e1sica como la moderna, esta pared de fondo con incrustaciones de m\u00e1rmol es un verdadero testimonio de maestr\u00eda art\u00edstica.<\/p>\n<p class=\"\" data-start=\"1473\" data-end=\"1785\">La perfecta combinaci\u00f3n de dise\u00f1o con incrustaciones de m\u00e1rmol y detalles opulentos garantiza que este panel mural con incrustaciones de m\u00e1rmol siga siendo un s\u00edmbolo atemporal de elegancia y \u00e9xito.<\/p>\n<p class=\"\" data-start=\"1787\" data-end=\"1875\">Realce su espacio con esta decoraci\u00f3n de incrustaciones de piedra en la pared, donde el lujo se une a la inspiraci\u00f3n.<\/p>","protected":false},"excerpt":{"rendered":"<p>Panel mural de m\u00e1rmol con incrustaciones del s\u00edmbolo del \u00e9xito<\/p>\n<p><strong>N\u00famero de art\u00edculo: <\/strong>WA6I009<\/p>\n<p><strong>Material:<\/strong>\u00a0M\u00e1rmol, piedra preciosa. (incrustaci\u00f3n de m\u00e1rmol panel de pared material puede ser personalizado)<\/p>\n<p><strong>Tama\u00f1o:<\/strong>\u00a0Tama\u00f1o a medida de cualquier decoraci\u00f3n de pared con incrustaciones de m\u00e1rmol<\/p>\n<p><strong>Dise\u00f1o:<\/strong>\u00a0Dise\u00f1os de incrustaciones de m\u00e1rmol est\u00e1ndar o personalizados<\/p>\n<p><strong>Aplicaci\u00f3n:<\/strong>\u00a0Villas y casas de lujo, hoteles y complejos tur\u00edsticos, espacios comerciales,<\/p>\n<p>Sala de estar, Panel de pared destacado, Decoraci\u00f3n de pared, Arte de pared con incrustaciones, Arte de pared en piedra,<\/p>\n<p>Espacios p\u00fablicos, entrada y vest\u00edbulo, clubes de alto nivel y clubes privados,<\/p>\n<p>Salas de exposiciones, boutiques, museos, iglesias, mezquitas, etc.<\/p>","protected":false},"featured_media":1834,"template":"","meta":{"_joinchat":[]},"product_brand":[],"product_cat":[22],"product_tag":[],"class_list":{"0":"post-1833","1":"product","2":"type-product","3":"status-publish","4":"has-post-thumbnail","6":"product_cat-marble-inlay-wall-decor","8":"first","9":"instock","10":"shipping-taxable","11":"product-type-simple"},"_links":{"self":[{"href":"https:\/\/www.smmarbleinlay.com\/es\/wp-json\/wp\/v2\/product\/1833","targetHints":{"allow":["GET"]}}],"collection":[{"href":"https:\/\/www.smmarbleinlay.com\/es\/wp-json\/wp\/v2\/product"}],"about":[{"href":"https:\/\/www.smmarbleinlay.com\/es\/wp-json\/wp\/v2\/types\/product"}],"wp:featuredmedia":[{"embeddable":true,"href":"https:\/\/www.smmarbleinlay.com\/es\/wp-json\/wp\/v2\/media\/1834"}],"wp:attachment":[{"href":"https:\/\/www.smmarbleinlay.com\/es\/wp-json\/wp\/v2\/media?parent=1833"}],"wp:term":[{"taxonomy":"product_brand","embeddable":true,"href":"https:\/\/www.smmarbleinlay.com\/es\/wp-json\/wp\/v2\/product_brand?post=1833"},{"taxonomy":"product_cat","embeddable":true,"href":"https:\/\/www.smmarbleinlay.com\/es\/wp-json\/wp\/v2\/product_cat?post=1833"},{"taxonomy":"product_tag","embeddable":true,"href":"https:\/\/www.smmarbleinlay.com\/es\/wp-json\/wp\/v2\/product_tag?post=1833"}],"curies":[{"name":"wp","href":"https:\/\/api.w.org\/{rel}","templated":true}]}}